{"id":95147,"date":"2024-04-14T17:29:13","date_gmt":"2024-04-14T17:29:13","guid":{"rendered":"https:\/\/pfkeepers.com\/produto\/aquael-sas-filter-500\/"},"modified":"2025-02-27T20:10:31","modified_gmt":"2025-02-27T20:10:31","slug":"aquael-sas-filter-500","status":"publish","type":"product","link":"https:\/\/pfkeepers.com\/english\/product\/aquael-sas-filter-500\/","title":{"rendered":"NCF Prometheans  Zoanthid"},"content":{"rendered":"<p>O filtro SAS 500 \u00e9 um filtro de superf\u00edcie para aqu\u00e1rios, concebido para limpar a superf\u00edcie da \u00e1gua da camada de sujidade de p\u00f3, pel\u00edcula de prote\u00ednas ou pequenos res\u00edduos de plantas. Ajuda a manter o aspeto est\u00e9tico do aqu\u00e1rio e apoia o processo de filtragem e arejamento da \u00e1gua. Gra\u00e7as \u00e0 sua capacidade regul\u00e1vel, \u00e9 ideal para aqu\u00e1rios com grandes e pequenas superf\u00edcies de \u00e1gua.<\/p>\n<p>Para espuma inest\u00e9tica<\/p>\n<p>Um problema comum nos aqu\u00e1rios \u00e9 a forma\u00e7\u00e3o de espuma bacteriana na superf\u00edcie da \u00e1gua. Esta restringe as trocas gasosas, impede a penetra\u00e7\u00e3o da luz e estraga o aspeto do aqu\u00e1rio. Existem alguns conselhos recorrentes nos f\u00f3runs de aquariofilia sobre como lidar com a esc\u00f3ria bacteriana. Entre outras coisas, os aquariofilistas recomendam a instala\u00e7\u00e3o de um aspersor juntamente com um filtro eficiente, ou uma recolha ad hoc das impurezas com uma toalha de papel. No entanto, eles apontam a instala\u00e7\u00e3o de um filtro de superf\u00edcie como a solu\u00e7\u00e3o mais eficaz e mais simples.<\/p>\n<p>Porqu\u00ea escolher o filtro SAS 500?<\/p>\n<p>EFIC\u00c1CIA<\/p>\n<p>O filtro SAS 500 \u00e9 eficaz devido \u00e0 sua conce\u00e7\u00e3o. A \u00e1gua, juntamente com as impurezas da superf\u00edcie, entra na c\u00e2mara do filtro atrav\u00e9s do flutuador, onde \u00e9 filtrada. As impurezas depositam-se num pr\u00e9-filtro de esponja densa que deve ser limpo regularmente para manter a superf\u00edcie da \u00e1gua do aqu\u00e1rio constantemente limpa.<\/p>\n<p>EFICIENTE EM TERMOS ENERG\u00c9TICOS E VERS\u00c1TIL<\/p>\n<p>O SAS FILTER 500 est\u00e1 equipado com uma bomba economizadora de energia de alta capacidade, o que o torna ideal para grandes tanques (at\u00e9 500 litros). O controlador do caudal de \u00e1gua permite ajustar facilmente o desempenho do filtro tamb\u00e9m para aqu\u00e1rios pequenos, mesmo de 20 litros.<\/p>\n<p>SEGURO PARA OS ANIMAIS MAIS PEQUENOS DO AQU\u00c1RIO<\/p>\n<p>Um pr\u00e9-filtro de esponja incorporado evita que camar\u00f5es e peixes pequenos entrem acidentalmente no compartimento do motor. Se um animal de aqu\u00e1rio acabar por entrar na unidade, pode ser libertado em seguran\u00e7a, inclinando a manga do filtro sobre o aqu\u00e1rio.<\/p>\n<p>F\u00c1CIL DE INSTALAR E UTILIZAR<\/p>\n<p>O SAS FILTER 500 est\u00e1 equipado com um flutuador que n\u00e3o necessita de manuten\u00e7\u00e3o e que ajusta automaticamente a filtragem \u00e0s altera\u00e7\u00f5es do n\u00edvel de \u00e1gua no aqu\u00e1rio. N\u00e3o \u00e9 necess\u00e1rio ajustar o filtro todos os dias. A \u00fanica coisa que tem de fazer \u00e9 instalar o aparelho no aqu\u00e1rio. Isto \u00e9 extremamente f\u00e1cil gra\u00e7as ao suporte de ventosa fornecido para uma instala\u00e7\u00e3o r\u00e1pida e uma remo\u00e7\u00e3o f\u00e1cil do aqu\u00e1rio. Al\u00e9m disso, o seu design simples facilita a limpeza e a manuten\u00e7\u00e3o.<\/p>\n<p>Utiliza\u00e7\u00f5es altamente recomendadas:<\/p>\n<p>Em aqu\u00e1rios abertos, nos quais a sujidade se acumula mais facilmente na superf\u00edcie da \u00e1gua, devido \u00e0 falta de cobertura;<br \/>\nAp\u00f3s a manuten\u00e7\u00e3o do aqu\u00e1rio &#8211; a manuten\u00e7\u00e3o regular do aqu\u00e1rio (como a poda das plantas) gera poluentes na superf\u00edcie da \u00e1gua;<br \/>\nEm aqu\u00e1rios com um grande n\u00famero de peixes &#8211; mais animais no aqu\u00e1rio significa, entre outras coisas, mais comida n\u00e3o consumida, que &#8211; tal como o p\u00f3 e os restos de pequenas plantas &#8211; se deposita na superf\u00edcie da \u00e1gua.<\/p>","protected":false},"excerpt":{"rendered":"<p>O filtro SAS 500 \u00e9 um filtro de superf\u00edcie para aqu\u00e1rios, concebido para limpar a superf\u00edcie da \u00e1gua da camada de sujidade de p\u00f3, pel\u00edcula de prote\u00ednas ou pequenos res\u00edduos de plantas. Ajuda a manter o aspeto est\u00e9tico do aqu\u00e1rio e apoia o processo de filtragem e arejamento da \u00e1gua. Gra\u00e7as \u00e0 sua capacidade regul\u00e1vel, &hellip;<\/p>\n<p class=\"read-more\"> <a class=\"\" href=\"https:\/\/pfkeepers.com\/english\/product\/aquael-sas-filter-500\/\"> <span class=\"screen-reader-text\">NCF Prometheans  Zoanthid<\/span> Read More &raquo;<\/a><\/p>","protected":false},"featured_media":95148,"template":"","meta":{"site-sidebar-layout":"default","site-content-layout":"","ast-site-content-layout":"","site-content-style":"default","site-sidebar-style":"default","ast-global-header-display":"","ast-banner-title-visibility":"","ast-main-header-display":"","ast-hfb-above-header-display":"","ast-hfb-below-header-display":"","ast-hfb-mobile-header-display":"","site-post-title":"","ast-breadcrumbs-content":"","ast-featured-img":"","footer-sml-layout":"","theme-transparent-header-meta":"","adv-header-id-meta":"","stick-header-meta":"","header-above-stick-meta":"","header-main-stick-meta":"","header-below-stick-meta":"","astra-migrate-meta-layouts":""},"product_cat":[1409],"product_tag":[767],"_links":{"self":[{"href":"https:\/\/pfkeepers.com\/english\/wp-json\/wp\/v2\/product\/95147"}],"collection":[{"href":"https:\/\/pfkeepers.com\/english\/wp-json\/wp\/v2\/product"}],"about":[{"href":"https:\/\/pfkeepers.com\/english\/wp-json\/wp\/v2\/types\/product"}],"wp:featuredmedia":[{"embeddable":true,"href":"https:\/\/pfkeepers.com\/english\/wp-json\/wp\/v2\/media\/95148"}],"wp:attachment":[{"href":"https:\/\/pfkeepers.com\/english\/wp-json\/wp\/v2\/media?parent=95147"}],"wp:term":[{"taxonomy":"product_cat","embeddable":true,"href":"https:\/\/pfkeepers.com\/english\/wp-json\/wp\/v2\/product_cat?post=95147"},{"taxonomy":"product_tag","embeddable":true,"href":"https:\/\/pfkeepers.com\/english\/wp-json\/wp\/v2\/product_tag?post=95147"}],"curies":[{"name":"wp","href":"https:\/\/api.w.org\/{rel}","templated":true}]}}