{"id":81635,"date":"2024-03-24T05:16:16","date_gmt":"2024-03-24T05:16:16","guid":{"rendered":"https:\/\/pfkeepers.com\/produto\/echinodorus-palaefolius-pot-tropica\/"},"modified":"2026-04-19T00:55:19","modified_gmt":"2026-04-19T00:55:19","slug":"echinodorus-palaefolius-pot-tropica","status":"publish","type":"product","link":"https:\/\/pfkeepers.com\/english\/product\/echinodorus-palaefolius-pot-tropica\/","title":{"rendered":"Echinodorus palaefolius pot Tropica"},"content":{"rendered":"<p>Em condi\u00e7\u00f5es pantanosas, Echinodorus palaefolius var. latifolius do Brasil tem folhas redondas com base horizontal de folhas. Sob a \u00e1gua as folhas s\u00e3o mais estreitas e longas (de 20-40 cm, e uma rosa de 20-40 cm de largura).<\/p>\n<p>No aqu\u00e1rio ele tende a crescer fora da \u00e1gua. Isso pode ser evitado removendo as folhas longas pouco antes de chegarem \u00e0 superf\u00edcie da \u00e1gua. As pr\u00f3ximas folhas ficar\u00e3o mais curtas e a planta permanecer\u00e1 debaixo d&#8217;\u00e1gua. Em aqu\u00e1rios abertos, a planta pode ser autorizada a crescer fora da \u00e1gua, mas as margens das folhas muitas vezes secam se a umidade do ar estiver baixa.<\/p>","protected":false},"excerpt":{"rendered":"<p>Em condi\u00e7\u00f5es pantanosas, Echinodorus palaefolius var. latifolius do Brasil tem folhas redondas com base horizontal de folhas. Sob a \u00e1gua as folhas s\u00e3o mais estreitas e longas (de 20-40 cm, e uma rosa de 20-40 cm de largura). No aqu\u00e1rio ele tende a crescer fora da \u00e1gua. Isso pode ser evitado removendo as folhas longas &hellip;<\/p>\n<p class=\"read-more\"> <a class=\"\" href=\"https:\/\/pfkeepers.com\/english\/product\/echinodorus-palaefolius-pot-tropica\/\"> <span class=\"screen-reader-text\">Echinodorus palaefolius pot Tropica<\/span> Read More &raquo;<\/a><\/p>","protected":false},"featured_media":81636,"template":"","meta":{"site-sidebar-layout":"default","site-content-layout":"","ast-site-content-layout":"","site-content-style":"default","site-sidebar-style":"default","ast-global-header-display":"","ast-banner-title-visibility":"","ast-main-header-display":"","ast-hfb-above-header-display":"","ast-hfb-below-header-display":"","ast-hfb-mobile-header-display":"","site-post-title":"","ast-breadcrumbs-content":"","ast-featured-img":"","footer-sml-layout":"","theme-transparent-header-meta":"","adv-header-id-meta":"","stick-header-meta":"","header-above-stick-meta":"","header-main-stick-meta":"","header-below-stick-meta":"","astra-migrate-meta-layouts":""},"product_cat":[1511],"product_tag":[1064],"_links":{"self":[{"href":"https:\/\/pfkeepers.com\/english\/wp-json\/wp\/v2\/product\/81635"}],"collection":[{"href":"https:\/\/pfkeepers.com\/english\/wp-json\/wp\/v2\/product"}],"about":[{"href":"https:\/\/pfkeepers.com\/english\/wp-json\/wp\/v2\/types\/product"}],"wp:featuredmedia":[{"embeddable":true,"href":"https:\/\/pfkeepers.com\/english\/wp-json\/wp\/v2\/media\/81636"}],"wp:attachment":[{"href":"https:\/\/pfkeepers.com\/english\/wp-json\/wp\/v2\/media?parent=81635"}],"wp:term":[{"taxonomy":"product_cat","embeddable":true,"href":"https:\/\/pfkeepers.com\/english\/wp-json\/wp\/v2\/product_cat?post=81635"},{"taxonomy":"product_tag","embeddable":true,"href":"https:\/\/pfkeepers.com\/english\/wp-json\/wp\/v2\/product_tag?post=81635"}],"curies":[{"name":"wp","href":"https:\/\/api.w.org\/{rel}","templated":true}]}}