{"id":81633,"date":"2024-03-24T05:16:06","date_gmt":"2024-03-24T05:16:06","guid":{"rendered":"https:\/\/pfkeepers.com\/produto\/cardamine-lyrata-pot-tropica\/"},"modified":"2026-04-19T00:55:13","modified_gmt":"2026-04-19T00:55:13","slug":"cardamine-lyrata-pot-tropica","status":"publish","type":"product","link":"https:\/\/pfkeepers.com\/english\/product\/cardamine-lyrata-pot-tropica\/","title":{"rendered":"Cardamine lyrata pot Tropica"},"content":{"rendered":"<p>Cardamine lyrata \u00e9 na verdade uma planta de p\u00e2ntano do Jap\u00e3o. Mas tamb\u00e9m \u00e9 uma planta de aqu\u00e1rio familiar que prospera sob a \u00e1gua com hastes de 20-50 cm de comprimento. Uma forma caracter\u00edstica de crescimento de arrasto torna-a altamente decorativa, e ra\u00edzes &#8216;a\u00e9reas&#8217; muitas vezes se formam na pr\u00f3pria planta.<br \/>\nPlante-o em grupos, e certifique-se de que a temperatura da \u00e1gua n\u00e3o exceda 28 graus C (isso torna as folhas muito menores e a planta mais leggy). Tamb\u00e9m adequado em lagoas de jardim no ver\u00e3o.<\/p>\n<p>Informa\u00e7\u00f5es da planta:<\/p>\n<p>Tipo: Caule<br \/>\nOrigem: \u00c1sia<br \/>\nTaxa de crescimento: Alto<br \/>\nAltura: 20 &#8211; 30+<br \/>\nDemanda leve: Baixo<br \/>\nCO2 : M\u00e9dia  <\/p>","protected":false},"excerpt":{"rendered":"<p>Cardamine lyrata \u00e9 na verdade uma planta de p\u00e2ntano do Jap\u00e3o. Mas tamb\u00e9m \u00e9 uma planta de aqu\u00e1rio familiar que prospera sob a \u00e1gua com hastes de 20-50 cm de comprimento. Uma forma caracter\u00edstica de crescimento de arrasto torna-a altamente decorativa, e ra\u00edzes &#8216;a\u00e9reas&#8217; muitas vezes se formam na pr\u00f3pria planta. Plante-o em grupos, e &hellip;<\/p>\n<p class=\"read-more\"> <a class=\"\" href=\"https:\/\/pfkeepers.com\/english\/product\/cardamine-lyrata-pot-tropica\/\"> <span class=\"screen-reader-text\">Cardamine lyrata pot Tropica<\/span> Read More &raquo;<\/a><\/p>","protected":false},"featured_media":81634,"template":"","meta":{"site-sidebar-layout":"default","site-content-layout":"","ast-site-content-layout":"","site-content-style":"default","site-sidebar-style":"default","ast-global-header-display":"","ast-banner-title-visibility":"","ast-main-header-display":"","ast-hfb-above-header-display":"","ast-hfb-below-header-display":"","ast-hfb-mobile-header-display":"","site-post-title":"","ast-breadcrumbs-content":"","ast-featured-img":"","footer-sml-layout":"","theme-transparent-header-meta":"","adv-header-id-meta":"","stick-header-meta":"","header-above-stick-meta":"","header-main-stick-meta":"","header-below-stick-meta":"","astra-migrate-meta-layouts":""},"product_cat":[1511],"product_tag":[1064],"_links":{"self":[{"href":"https:\/\/pfkeepers.com\/english\/wp-json\/wp\/v2\/product\/81633"}],"collection":[{"href":"https:\/\/pfkeepers.com\/english\/wp-json\/wp\/v2\/product"}],"about":[{"href":"https:\/\/pfkeepers.com\/english\/wp-json\/wp\/v2\/types\/product"}],"wp:featuredmedia":[{"embeddable":true,"href":"https:\/\/pfkeepers.com\/english\/wp-json\/wp\/v2\/media\/81634"}],"wp:attachment":[{"href":"https:\/\/pfkeepers.com\/english\/wp-json\/wp\/v2\/media?parent=81633"}],"wp:term":[{"taxonomy":"product_cat","embeddable":true,"href":"https:\/\/pfkeepers.com\/english\/wp-json\/wp\/v2\/product_cat?post=81633"},{"taxonomy":"product_tag","embeddable":true,"href":"https:\/\/pfkeepers.com\/english\/wp-json\/wp\/v2\/product_tag?post=81633"}],"curies":[{"name":"wp","href":"https:\/\/api.w.org\/{rel}","templated":true}]}}