{"id":78824,"date":"2024-03-23T20:33:58","date_gmt":"2024-03-23T20:33:58","guid":{"rendered":"https:\/\/pfkeepers.com\/produto\/ocean-nutrition-insectpro-pellets-20g\/"},"modified":"2026-04-18T23:50:49","modified_gmt":"2026-04-18T23:50:49","slug":"ocean-nutrition-insectpro-pellets-20g","status":"publish","type":"product","link":"https:\/\/pfkeepers.com\/english\/product\/ocean-nutrition-insectpro-pellets-20g\/","title":{"rendered":"Ocean Nutrition InsectPro Pellets (Small) 20g"},"content":{"rendered":"<p>Descri\u00e7\u00e3o:<br \/>\nOs pellets Ocean Nutrition InsectPro oferecem uma dieta natural sem farinhas de peixe, proporcionando uma alternativa sustent\u00e1vel e nutritiva para os peixes tropicais de \u00e1gua doce. Estas escamas cont\u00eam uma mistura de insetos frescos, que fornecem nutrientes essenciais e antioxidantes para promover a sa\u00fade dos peixes e uma colora\u00e7\u00e3o vibrante. Com um tamanho de pellet de 0,8mm (20g) ou 1.2mm (100g), s\u00e3o ideais para a maioria das esp\u00e9cies de peixes tropicais de \u00e1gua doce.<\/p>\n<p>Caracter\u00edsticas:<br \/>\nDieta natural sem farinhas de peixe<br \/>\nTamanho do pellet: 0,8mm (20g) ou 1.2mm (100g)<br \/>\nIdeal para a maioria dos peixes tropicais de \u00e1gua doce<br \/>\nCont\u00e9m uma mistura de insetos frescos<br \/>\nFontes naturais de antioxidantes e astaxantina<br \/>\nEstimula uma resposta alimentar instintiva dos peixes micropredadores<br \/>\nIngredientes:<br \/>\nInsetos, trigo, gl\u00faten de trigo, krill, algas, alfafa, espirulina, lecitina, fermento, alho, algas Haematoccus, sais minerais, amino\u00e1cidos selecionados, vitaminas (acetato de retinilo (vitamina A), colecalciferol (vitamina D3), \u00e1cido L-asc\u00f3rbico fosfato (vitamina C), acetato de tocoferol (vitamina E), menadiona (vitamina K3), mononitrato de tiamina (vitamina B1), riboflavina (vitamina B2), piridoxina (vitamina B6), cainocobalamina (vitamina B12), biotina (vitamina H), \u00e1cido fatot\u00eanico (vitamina B5), \u00e1cido f\u00f3lico (vitamina B9)), minerais, antioxidantes, conservantes.<\/p>\n<p>An\u00e1lise garantida:<br \/>\nProte\u00edna: 41,0%<br \/>\nFibra: 5,0%<br \/>\nGordura: 8%<br \/>\nCinza: 8,6%<\/p>","protected":false},"excerpt":{"rendered":"<p>Descri\u00e7\u00e3o: Os pellets Ocean Nutrition InsectPro oferecem uma dieta natural sem farinhas de peixe, proporcionando uma alternativa sustent\u00e1vel e nutritiva para os peixes tropicais de \u00e1gua doce. Estas escamas cont\u00eam uma mistura de insetos frescos, que fornecem nutrientes essenciais e antioxidantes para promover a sa\u00fade dos peixes e uma colora\u00e7\u00e3o vibrante. Com um tamanho de &hellip;<\/p>\n<p class=\"read-more\"> <a class=\"\" href=\"https:\/\/pfkeepers.com\/english\/product\/ocean-nutrition-insectpro-pellets-20g\/\"> <span class=\"screen-reader-text\">Ocean Nutrition InsectPro Pellets (Small) 20g<\/span> Read More &raquo;<\/a><\/p>","protected":false},"featured_media":78825,"template":"","meta":{"site-sidebar-layout":"default","site-content-layout":"","ast-site-content-layout":"","site-content-style":"default","site-sidebar-style":"default","ast-global-header-display":"","ast-banner-title-visibility":"","ast-main-header-display":"","ast-hfb-above-header-display":"","ast-hfb-below-header-display":"","ast-hfb-mobile-header-display":"","site-post-title":"","ast-breadcrumbs-content":"","ast-featured-img":"","footer-sml-layout":"","theme-transparent-header-meta":"","adv-header-id-meta":"","stick-header-meta":"","header-above-stick-meta":"","header-main-stick-meta":"","header-below-stick-meta":"","astra-migrate-meta-layouts":""},"product_cat":[1479],"product_tag":[978],"_links":{"self":[{"href":"https:\/\/pfkeepers.com\/english\/wp-json\/wp\/v2\/product\/78824"}],"collection":[{"href":"https:\/\/pfkeepers.com\/english\/wp-json\/wp\/v2\/product"}],"about":[{"href":"https:\/\/pfkeepers.com\/english\/wp-json\/wp\/v2\/types\/product"}],"wp:featuredmedia":[{"embeddable":true,"href":"https:\/\/pfkeepers.com\/english\/wp-json\/wp\/v2\/media\/78825"}],"wp:attachment":[{"href":"https:\/\/pfkeepers.com\/english\/wp-json\/wp\/v2\/media?parent=78824"}],"wp:term":[{"taxonomy":"product_cat","embeddable":true,"href":"https:\/\/pfkeepers.com\/english\/wp-json\/wp\/v2\/product_cat?post=78824"},{"taxonomy":"product_tag","embeddable":true,"href":"https:\/\/pfkeepers.com\/english\/wp-json\/wp\/v2\/product_tag?post=78824"}],"curies":[{"name":"wp","href":"https:\/\/api.w.org\/{rel}","templated":true}]}}