{"id":77564,"date":"2024-03-22T23:51:25","date_gmt":"2024-03-22T23:51:25","guid":{"rendered":"https:\/\/pfkeepers.com\/produto\/hottonia-palustris-1-2-grow-tropica\/"},"modified":"2026-04-19T00:28:53","modified_gmt":"2026-04-19T00:28:53","slug":"hottonia-palustris-1-2-grow-tropica","status":"publish","type":"product","link":"https:\/\/pfkeepers.com\/english\/product\/hottonia-palustris-1-2-grow-tropica\/","title":{"rendered":"Hottonia palustris 1-2 Grow Tropica"},"content":{"rendered":"<p>A planta-tronco Hottonia da \u00c1sia e da Europa \u00e9 uma planta iniciante despretensiosa e f\u00e1cil. Os muitos rebentos curvos com folhas em leque e de um verde intenso criam rapidamente um grupo pr\u00f3ximo. Cada haste fica com 4-6 cm de largura e 10-30 cm de altura. O corte frequente dos rebentos longos garante o crescimento a partir do fundo da planta e mant\u00e9m a forma cerrada e espessa.<br \/>\nA ampla forma de crescimento da planta a torna muito adequada para a passagem entre plantas muito baixas e altas. A cor verde brilhante cria um belo contraste e real\u00e7ar\u00e1 os tons das plantas vermelhas ao redor.<\/p>\n<p>Informa\u00e7\u00f5es da planta:<\/p>\n<p>Modelo: Tronco<br \/>\nOrigem: Europa\/\u00c1sia<br \/>\nTaxa de crescimento: M\u00e9dio<br \/>\nAltura: 10 &#8211; 20+<br \/>\ndemanda de luz: Baixo<br \/>\nCO2: Baixo<\/p>","protected":false},"excerpt":{"rendered":"<p>A planta-tronco Hottonia da \u00c1sia e da Europa \u00e9 uma planta iniciante despretensiosa e f\u00e1cil. Os muitos rebentos curvos com folhas em leque e de um verde intenso criam rapidamente um grupo pr\u00f3ximo. Cada haste fica com 4-6 cm de largura e 10-30 cm de altura. O corte frequente dos rebentos longos garante o crescimento &hellip;<\/p>\n<p class=\"read-more\"> <a class=\"\" href=\"https:\/\/pfkeepers.com\/english\/product\/hottonia-palustris-1-2-grow-tropica\/\"> <span class=\"screen-reader-text\">Hottonia palustris 1-2 Grow Tropica<\/span> Read More &raquo;<\/a><\/p>","protected":false},"featured_media":77565,"template":"","meta":{"site-sidebar-layout":"default","site-content-layout":"","ast-site-content-layout":"","site-content-style":"default","site-sidebar-style":"default","ast-global-header-display":"","ast-banner-title-visibility":"","ast-main-header-display":"","ast-hfb-above-header-display":"","ast-hfb-below-header-display":"","ast-hfb-mobile-header-display":"","site-post-title":"","ast-breadcrumbs-content":"","ast-featured-img":"","footer-sml-layout":"","theme-transparent-header-meta":"","adv-header-id-meta":"","stick-header-meta":"","header-above-stick-meta":"","header-main-stick-meta":"","header-below-stick-meta":"","astra-migrate-meta-layouts":""},"product_cat":[1513],"product_tag":[1064],"_links":{"self":[{"href":"https:\/\/pfkeepers.com\/english\/wp-json\/wp\/v2\/product\/77564"}],"collection":[{"href":"https:\/\/pfkeepers.com\/english\/wp-json\/wp\/v2\/product"}],"about":[{"href":"https:\/\/pfkeepers.com\/english\/wp-json\/wp\/v2\/types\/product"}],"wp:featuredmedia":[{"embeddable":true,"href":"https:\/\/pfkeepers.com\/english\/wp-json\/wp\/v2\/media\/77565"}],"wp:attachment":[{"href":"https:\/\/pfkeepers.com\/english\/wp-json\/wp\/v2\/media?parent=77564"}],"wp:term":[{"taxonomy":"product_cat","embeddable":true,"href":"https:\/\/pfkeepers.com\/english\/wp-json\/wp\/v2\/product_cat?post=77564"},{"taxonomy":"product_tag","embeddable":true,"href":"https:\/\/pfkeepers.com\/english\/wp-json\/wp\/v2\/product_tag?post=77564"}],"curies":[{"name":"wp","href":"https:\/\/api.w.org\/{rel}","templated":true}]}}