{"id":75798,"date":"2024-03-22T19:29:06","date_gmt":"2024-03-22T19:29:06","guid":{"rendered":"https:\/\/pfkeepers.com\/produto\/peixe-arco-iris-neon-melanotaenia-praecox\/"},"modified":"2026-04-18T23:47:19","modified_gmt":"2026-04-18T23:47:19","slug":"peixe-arco-iris-neon-melanotaenia-praecox","status":"publish","type":"product","link":"https:\/\/pfkeepers.com\/english\/product\/peixe-arco-iris-neon-melanotaenia-praecox\/","title":{"rendered":"Peixe Arco-\u00cdris Neon &#8211; Melanotaenia praecox"},"content":{"rendered":"<p>A Melanotaenia (ou chamado por muitos de peixe arco-\u00edris) \u00e9 uma esp\u00e9cie muito bonita, pac\u00edfica e gosta de viver em grandes cardumes (como os neons, por ex.). \u00c9 um peixe muito alegre e r\u00e1pido e quando colocados em aqu\u00e1rios grandes se desenvolvem muito bem. Gosta muito de aqu\u00e1rios bem plantados e iluminados, principalmente pela luz indireta do sol. Suas escamas formam uma esp\u00e9cie de espelho que brilham e refletem sua colora\u00e7\u00e3o lil\u00e1s, azul, verde, etc. Suas nadadeiras ficam bem vermelhas quando est\u00e3o em um ambiente equilibrado. Comem de tudo, alimenta\u00e7\u00e3o em farelo \u00e9 uma indicada (Vitorm\u00f4nio por exemplo), pois a boca deste peixe \u00e9 pequena. Seus parceiros ideais dentro de um aqu\u00e1rio s\u00e3o: D\u00e2nio, Neon, Tanictis, e outros pac\u00edficos. Crio essa esp\u00e9cie h\u00e1 2 anos em um aqu\u00e1rio comunit\u00e1rio de 200 litros, com uma m\u00e9dia de temperatura alta (variando entre 28 e 30 graus), vivem muito bem juntamente com Labeos, D\u00e2nios, Neons, Moreas, Torpedinhos, Borboletas, Tubar\u00e3o Pictus, Colisas Lalia,.. e bem plantado. A reprodu\u00e7\u00e3o \u00e9 um pouco complicada pois saber quem \u00e9 quem nesta esp\u00e9cie se torna uma miss\u00e3o quase imposs\u00edvel, a f\u00eamea \u00e9 mais tranq\u00fcila do que o macho e o aqu\u00e1rio para reprodu\u00e7\u00e3o dever\u00e1 ser exclusivamente para eles e as plantas aconselhadas s\u00e3o as cabombas em grande quantidade. Enfim, a Melanotaenia \u00e9 uma peixe muito bonito, pac\u00edfico, r\u00e1pido e muito resistente, estando em grandes cardumes e num ambiente bem iluminado com certeza ser\u00e1 uma atra\u00e7\u00e3o bela para pessoas que gostem de esp\u00e9cies n\u00e3o-comuns e muito, muito bonitas.<\/p>","protected":false},"excerpt":{"rendered":"<p>A Melanotaenia (ou chamado por muitos de peixe arco-\u00edris) \u00e9 uma esp\u00e9cie muito bonita, pac\u00edfica e gosta de viver em grandes cardumes (como os neons, por ex.). \u00c9 um peixe muito alegre e r\u00e1pido e quando colocados em aqu\u00e1rios grandes se desenvolvem muito bem. Gosta muito de aqu\u00e1rios bem plantados e iluminados, principalmente pela luz &hellip;<\/p>\n<p class=\"read-more\"> <a class=\"\" href=\"https:\/\/pfkeepers.com\/english\/product\/peixe-arco-iris-neon-melanotaenia-praecox\/\"> <span class=\"screen-reader-text\">Peixe Arco-\u00cdris Neon &#8211; Melanotaenia praecox<\/span> Read More &raquo;<\/a><\/p>","protected":false},"featured_media":75799,"template":"","meta":{"site-sidebar-layout":"default","site-content-layout":"","ast-site-content-layout":"","site-content-style":"default","site-sidebar-style":"default","ast-global-header-display":"","ast-banner-title-visibility":"","ast-main-header-display":"","ast-hfb-above-header-display":"","ast-hfb-below-header-display":"","ast-hfb-mobile-header-display":"","site-post-title":"","ast-breadcrumbs-content":"","ast-featured-img":"","footer-sml-layout":"","theme-transparent-header-meta":"","adv-header-id-meta":"","stick-header-meta":"","header-above-stick-meta":"","header-main-stick-meta":"","header-below-stick-meta":"","astra-migrate-meta-layouts":""},"product_cat":[1354],"product_tag":[],"_links":{"self":[{"href":"https:\/\/pfkeepers.com\/english\/wp-json\/wp\/v2\/product\/75798"}],"collection":[{"href":"https:\/\/pfkeepers.com\/english\/wp-json\/wp\/v2\/product"}],"about":[{"href":"https:\/\/pfkeepers.com\/english\/wp-json\/wp\/v2\/types\/product"}],"wp:featuredmedia":[{"embeddable":true,"href":"https:\/\/pfkeepers.com\/english\/wp-json\/wp\/v2\/media\/75799"}],"wp:attachment":[{"href":"https:\/\/pfkeepers.com\/english\/wp-json\/wp\/v2\/media?parent=75798"}],"wp:term":[{"taxonomy":"product_cat","embeddable":true,"href":"https:\/\/pfkeepers.com\/english\/wp-json\/wp\/v2\/product_cat?post=75798"},{"taxonomy":"product_tag","embeddable":true,"href":"https:\/\/pfkeepers.com\/english\/wp-json\/wp\/v2\/product_tag?post=75798"}],"curies":[{"name":"wp","href":"https:\/\/api.w.org\/{rel}","templated":true}]}}