{"id":72826,"date":"2024-03-21T19:55:03","date_gmt":"2024-03-21T19:55:03","guid":{"rendered":"https:\/\/pfkeepers.com\/produto\/rasbora-kubotai-microdevario-kubotai\/"},"modified":"2026-04-18T23:47:08","modified_gmt":"2026-04-18T23:47:08","slug":"rasbora-kubotai-microdevario-kubotai","status":"publish","type":"product","link":"https:\/\/pfkeepers.com\/english\/product\/rasbora-kubotai-microdevario-kubotai\/","title":{"rendered":"Rasbora Kubotai &#8211; Microdevario kubotai"},"content":{"rendered":"<p>Nome da Esp\u00e9cie: Microdevario kubotai<\/p>\n<p>Ordem: Cypriniformes\/\/Cyprinidae<\/p>\n<p>Intervalo de pH: 6.0-7.0<\/p>\n<p>Intervalo de Temperatura: 20\u00baC-27\u00baC<\/p>\n<p>Dureza: 18ppm-279ppm<\/p>\n<p>Tamanho adulto: 1.5cm-2cm(cm)<\/p>\n<p>Aqu\u00e1rio recomendado: 25L<\/p>\n<p>Esta esp\u00e9cie de Microrasbora \u00e9 ideal para pequenos aqu\u00e1rios. \u00c9 um peixe de cardume que gosta de ser mantidos em aqu\u00e1rios bem plantados e de substratos e fundos escuros, onde ir\u00e3o exibir melhor as suas cores e luminesc\u00eancias esverdeadas. Origin\u00e1ria da Tail\u00e2ndia, habitualmente \u00e9 encontrada no seu habitat em grupos de 30-50 exemplares, pelo deve ser sempre mantida no aqu\u00e1rio em cardumes de 8-10 m\u00ednimo. Requerem boa qualidade de \u00e1gua, pelo que dever\u00e3o ser sempre adicionados a aqu\u00e1rios devidamente maturados, com par\u00e2metros estabilizados, em que as trocas parciais semanais devem ser obrigat\u00f3rias. Uma esp\u00e9cie muito interessante para aqu\u00e1rios plantados e aquascapes.<\/p>","protected":false},"excerpt":{"rendered":"<p>Nome da Esp\u00e9cie: Microdevario kubotai Ordem: Cypriniformes\/\/Cyprinidae Intervalo de pH: 6.0-7.0 Intervalo de Temperatura: 20\u00baC-27\u00baC Dureza: 18ppm-279ppm Tamanho adulto: 1.5cm-2cm(cm) Aqu\u00e1rio recomendado: 25L Esta esp\u00e9cie de Microrasbora \u00e9 ideal para pequenos aqu\u00e1rios. \u00c9 um peixe de cardume que gosta de ser mantidos em aqu\u00e1rios bem plantados e de substratos e fundos escuros, onde ir\u00e3o exibir &hellip;<\/p>\n<p class=\"read-more\"> <a class=\"\" href=\"https:\/\/pfkeepers.com\/english\/product\/rasbora-kubotai-microdevario-kubotai\/\"> <span class=\"screen-reader-text\">Rasbora Kubotai &#8211; Microdevario kubotai<\/span> Read More &raquo;<\/a><\/p>","protected":false},"featured_media":72827,"template":"","meta":{"site-sidebar-layout":"default","site-content-layout":"","ast-site-content-layout":"","site-content-style":"default","site-sidebar-style":"default","ast-global-header-display":"","ast-banner-title-visibility":"","ast-main-header-display":"","ast-hfb-above-header-display":"","ast-hfb-below-header-display":"","ast-hfb-mobile-header-display":"","site-post-title":"","ast-breadcrumbs-content":"","ast-featured-img":"","footer-sml-layout":"","theme-transparent-header-meta":"","adv-header-id-meta":"","stick-header-meta":"","header-above-stick-meta":"","header-main-stick-meta":"","header-below-stick-meta":"","astra-migrate-meta-layouts":""},"product_cat":[1354],"product_tag":[],"_links":{"self":[{"href":"https:\/\/pfkeepers.com\/english\/wp-json\/wp\/v2\/product\/72826"}],"collection":[{"href":"https:\/\/pfkeepers.com\/english\/wp-json\/wp\/v2\/product"}],"about":[{"href":"https:\/\/pfkeepers.com\/english\/wp-json\/wp\/v2\/types\/product"}],"wp:featuredmedia":[{"embeddable":true,"href":"https:\/\/pfkeepers.com\/english\/wp-json\/wp\/v2\/media\/72827"}],"wp:attachment":[{"href":"https:\/\/pfkeepers.com\/english\/wp-json\/wp\/v2\/media?parent=72826"}],"wp:term":[{"taxonomy":"product_cat","embeddable":true,"href":"https:\/\/pfkeepers.com\/english\/wp-json\/wp\/v2\/product_cat?post=72826"},{"taxonomy":"product_tag","embeddable":true,"href":"https:\/\/pfkeepers.com\/english\/wp-json\/wp\/v2\/product_tag?post=72826"}],"curies":[{"name":"wp","href":"https:\/\/api.w.org\/{rel}","templated":true}]}}