{"id":57774,"date":"2024-03-08T00:49:44","date_gmt":"2024-03-08T00:49:44","guid":{"rendered":"https:\/\/pfkeepers.com\/produto\/regal-angel-pygoplites-diacanthus\/"},"modified":"2026-04-19T00:54:56","modified_gmt":"2026-04-19T00:54:56","slug":"regal-angel-pygoplites-diacanthus","status":"publish","type":"product","link":"https:\/\/pfkeepers.com\/english\/product\/regal-angel-pygoplites-diacanthus\/","title":{"rendered":"Regal Angel &#8211; Pygoplites diacanthus"},"content":{"rendered":"<p>N\u00edvel de cuidado: somente especialista<\/p>\n<p>Temperamento: Semi-agressivo<\/p>\n<p>Forma de cor: preto, azul, branco, amarelo<\/p>\n<p>Dieta: Omn\u00edvoro<\/p>\n<p>Compat\u00edvel com recife: com cuidado<\/p>\n<p>Condi\u00e7\u00f5es da \u00e1gua: 72-78\u00b0 F, dKH 8-12, pH 8,1-8,4, sg 1,020-1,025<\/p>\n<p>M\u00e1x. Tamanho: 10&#8243;<\/p>\n<p>Origem: Indon\u00e9sia, Maldivas, Mar Vermelho, Taiti<\/p>\n<p>Fam\u00edlia: Pomacanthidae<\/p>\n<p>Com estrias verticais vivas de azul, branco, amarelo ou laranja no corpo e na barbatana p\u00e9lvica, o Regal Angelfish merece este nome distinto. O Angelfish Regal das Maldivas e do Mar Vermelho tem um peito amarelo distinto, enquanto seus parentes do Indo-Pac\u00edfico, do Mar de Coral, da Nova Caled\u00f4nia e do Taiti normalmente t\u00eam um peito azul\/cinza. Esta colora\u00e7\u00e3o \u00e9 mais prevalente em esp\u00e9cimes mais maduros e com pelo menos 4 &#8220;de comprimento. Os juvenis ter\u00e3o uma &#8220;mancha no olho falso&#8221; nas nadadeiras dorsais que desaparece e o peixe amadurece.<br \/>\nOs peixes-anjo Regal do Mar Vermelho, Maldivas, Mar de Coral, Fiji e Taiti s\u00e3o bons transportadores e s\u00e3o colhidos e manuseados com cuidado, e normalmente se adaptam mais facilmente do que seus equivalentes do Indo-Pac\u00edfico ao aqu\u00e1rio dom\u00e9stico.<\/p>\n<p>O Regal Angelfish \u00e9 mais dif\u00edcil de manter do que outras esp\u00e9cies de anjos, por isso deve ser introduzido primeiro para que possa delimitar o seu territ\u00f3rio antes de outros peixes. Um tanque m\u00ednimo de 125 gal\u00f5es com muitos esconderijos e rochas vivas para pastagem oferecer\u00e1 um bom ambiente. O peixe-anjo Regal pode beliscar corais rochosos de grandes p\u00f3lipos, um coral mole ocasional e mantos de moluscos, mas pode ser mantido com corais rochosos de pequenos p\u00f3lipos e corais moles um tanto nocivos.<\/p>\n<p>Para atrair um peixe-anjo Regal para comer, use uma dieta de camar\u00e3o fresco e frutos do mar picados. A dieta tamb\u00e9m deve incluir prepara\u00e7\u00f5es herb\u00edvoras que incluem espirulina e algas marinhas, e prepara\u00e7\u00f5es de peixe-anjo contendo esponjas.<\/p>","protected":false},"excerpt":{"rendered":"<p>N\u00edvel de cuidado: somente especialista Temperamento: Semi-agressivo Forma de cor: preto, azul, branco, amarelo Dieta: Omn\u00edvoro Compat\u00edvel com recife: com cuidado Condi\u00e7\u00f5es da \u00e1gua: 72-78\u00b0 F, dKH 8-12, pH 8,1-8,4, sg 1,020-1,025 M\u00e1x. Tamanho: 10&#8243; Origem: Indon\u00e9sia, Maldivas, Mar Vermelho, Taiti Fam\u00edlia: Pomacanthidae Com estrias verticais vivas de azul, branco, amarelo ou laranja no corpo &hellip;<\/p>\n<p class=\"read-more\"> <a class=\"\" href=\"https:\/\/pfkeepers.com\/english\/product\/regal-angel-pygoplites-diacanthus\/\"> <span class=\"screen-reader-text\">Regal Angel &#8211; Pygoplites diacanthus<\/span> Read More &raquo;<\/a><\/p>","protected":false},"featured_media":57775,"template":"","meta":{"site-sidebar-layout":"default","site-content-layout":"","ast-site-content-layout":"default","site-content-style":"default","site-sidebar-style":"default","ast-global-header-display":"","ast-banner-title-visibility":"","ast-main-header-display":"","ast-hfb-above-header-display":"","ast-hfb-below-header-display":"","ast-hfb-mobile-header-display":"","site-post-title":"","ast-breadcrumbs-content":"","ast-featured-img":"","footer-sml-layout":"","theme-transparent-header-meta":"default","adv-header-id-meta":"","stick-header-meta":"","header-above-stick-meta":"","header-main-stick-meta":"","header-below-stick-meta":"","astra-migrate-meta-layouts":"set"},"product_cat":[1355],"product_tag":[],"_links":{"self":[{"href":"https:\/\/pfkeepers.com\/english\/wp-json\/wp\/v2\/product\/57774"}],"collection":[{"href":"https:\/\/pfkeepers.com\/english\/wp-json\/wp\/v2\/product"}],"about":[{"href":"https:\/\/pfkeepers.com\/english\/wp-json\/wp\/v2\/types\/product"}],"wp:featuredmedia":[{"embeddable":true,"href":"https:\/\/pfkeepers.com\/english\/wp-json\/wp\/v2\/media\/57775"}],"wp:attachment":[{"href":"https:\/\/pfkeepers.com\/english\/wp-json\/wp\/v2\/media?parent=57774"}],"wp:term":[{"taxonomy":"product_cat","embeddable":true,"href":"https:\/\/pfkeepers.com\/english\/wp-json\/wp\/v2\/product_cat?post=57774"},{"taxonomy":"product_tag","embeddable":true,"href":"https:\/\/pfkeepers.com\/english\/wp-json\/wp\/v2\/product_tag?post=57774"}],"curies":[{"name":"wp","href":"https:\/\/api.w.org\/{rel}","templated":true}]}}