{"id":57763,"date":"2024-03-08T00:49:24","date_gmt":"2024-03-08T00:49:24","guid":{"rendered":"https:\/\/pfkeepers.com\/produto\/jbl-aquabasis-plus-5l\/"},"modified":"2026-04-18T03:43:46","modified_gmt":"2026-04-18T03:43:46","slug":"jbl-aquabasis-plus-5l","status":"publish","type":"product","link":"https:\/\/pfkeepers.com\/english\/product\/jbl-aquabasis-plus-5l\/","title":{"rendered":"JBL AquaBasis plus 5L"},"content":{"rendered":"<p>JBL AquaBasis plus cont\u00e9m uma vasta gama de nutrientes vitais, bem como ferro e que as plantas do aqu\u00e1rio necessitam para um crescimento saud\u00e1vel e forte. Estes nutrientes s\u00e3o fornecidos na forma de dep\u00f3sito e s\u00e3o totalmente acess\u00edveis e dispon\u00edveis para a raiz das plantas. JBL AquaBasis promove mais r\u00e1pido enraizamento e resultados no desenvolvimento de ra\u00edzes fortes e saud\u00e1veis.<\/p>\n<p>Substrato de longo prazo pronto a usar para o aqu\u00e1rio<\/p>\n<p>O conte\u00fado do saco s\u00e3o suficientes para a cria\u00e7\u00e3o de um aqu\u00e1rio de 100 litros (aproximadamente 80 x 35 x 40 cm). Use mais para aqu\u00e1rios maiores. Espalhe AquaBasis mais numa camada uniforme de cerca de 2 cm de espessura no fundo do aqu\u00e1rio (conte\u00fado suficiente para aprox. l 100).Ao encher o tanque com \u00e1gua usar uma placa plana, um painel de vidro ou outro objeto plano realizado sob o jato de \u00e1gua para evitar que o cascalho se mova turvando da \u00e1gua. O aqu\u00e1rio agora pode ser abastecido com as plantas.<\/p>","protected":false},"excerpt":{"rendered":"<p>JBL AquaBasis plus cont\u00e9m uma vasta gama de nutrientes vitais, bem como ferro e que as plantas do aqu\u00e1rio necessitam para um crescimento saud\u00e1vel e forte. Estes nutrientes s\u00e3o fornecidos na forma de dep\u00f3sito e s\u00e3o totalmente acess\u00edveis e dispon\u00edveis para a raiz das plantas. JBL AquaBasis promove mais r\u00e1pido enraizamento e resultados no desenvolvimento &hellip;<\/p>\n<p class=\"read-more\"> <a class=\"\" href=\"https:\/\/pfkeepers.com\/english\/product\/jbl-aquabasis-plus-5l\/\"> <span class=\"screen-reader-text\">JBL AquaBasis plus 5L<\/span> Read More &raquo;<\/a><\/p>","protected":false},"featured_media":57764,"template":"","meta":{"site-sidebar-layout":"default","site-content-layout":"","ast-site-content-layout":"default","site-content-style":"default","site-sidebar-style":"default","ast-global-header-display":"","ast-banner-title-visibility":"","ast-main-header-display":"","ast-hfb-above-header-display":"","ast-hfb-below-header-display":"","ast-hfb-mobile-header-display":"","site-post-title":"","ast-breadcrumbs-content":"","ast-featured-img":"","footer-sml-layout":"","theme-transparent-header-meta":"default","adv-header-id-meta":"","stick-header-meta":"","header-above-stick-meta":"","header-main-stick-meta":"","header-below-stick-meta":"","astra-migrate-meta-layouts":"set"},"product_cat":[1463],"product_tag":[910],"_links":{"self":[{"href":"https:\/\/pfkeepers.com\/english\/wp-json\/wp\/v2\/product\/57763"}],"collection":[{"href":"https:\/\/pfkeepers.com\/english\/wp-json\/wp\/v2\/product"}],"about":[{"href":"https:\/\/pfkeepers.com\/english\/wp-json\/wp\/v2\/types\/product"}],"wp:featuredmedia":[{"embeddable":true,"href":"https:\/\/pfkeepers.com\/english\/wp-json\/wp\/v2\/media\/57764"}],"wp:attachment":[{"href":"https:\/\/pfkeepers.com\/english\/wp-json\/wp\/v2\/media?parent=57763"}],"wp:term":[{"taxonomy":"product_cat","embeddable":true,"href":"https:\/\/pfkeepers.com\/english\/wp-json\/wp\/v2\/product_cat?post=57763"},{"taxonomy":"product_tag","embeddable":true,"href":"https:\/\/pfkeepers.com\/english\/wp-json\/wp\/v2\/product_tag?post=57763"}],"curies":[{"name":"wp","href":"https:\/\/api.w.org\/{rel}","templated":true}]}}