{"id":54669,"date":"2024-03-04T16:27:22","date_gmt":"2024-03-04T16:27:22","guid":{"rendered":"https:\/\/pfkeepers.com\/produto\/fluval-breeding-box-hang-on-1-1l\/"},"modified":"2026-04-19T00:54:27","modified_gmt":"2026-04-19T00:54:27","slug":"fluval-breeding-box-hang-on-1-1l","status":"publish","type":"product","link":"https:\/\/pfkeepers.com\/english\/product\/fluval-breeding-box-hang-on-1-1l\/","title":{"rendered":"Fluval Breeding Box Hang On 1.1L"},"content":{"rendered":"<p>Fluval Breeding Box \u00e9 uma maternidade multifuncional que fica fora do aqu\u00e1rio para melhor visualiza\u00e7\u00e3o dos animais.<\/p>\n<p>Deve ser usada com uma bomba de ar e tubo de ar (n\u00e3o inclu\u00eddos), de modo a fazer circular a \u00e1gua entre o aqu\u00e1rio e a maternidade, oxigenando-a e mantendo na \u00e1gua a mesma temperatura do aqu\u00e1rio principal.<\/p>\n<p>Normalmente os aqu\u00e1rios de camar\u00f5es tem pouca litragem. Esta maternidade al\u00e9m de n\u00e3o ocupar espa\u00e7o no interior do aqu\u00e1rio, adiciona volume de \u00e1gua extra. <\/p>\n<p>Pode ser usada para selecionar camar\u00f5es ou apenas para os separar provisoriamente. <\/p>\n<p>Para que os camar\u00f5es se sintam mais confort\u00e1veis pode ser colocado um pouco de substrato e at\u00e9 plantas ao interior desta maternidade, funcionando como um segundo mini aqu\u00e1rio.<\/p>\n<p>Caracter\u00edsticas:<\/p>\n<p>Medidas| 16,5 x 8,5 x 12 cm<br \/>\nCapacidade: 1100 ml<\/p>","protected":false},"excerpt":{"rendered":"<p>Fluval Breeding Box \u00e9 uma maternidade multifuncional que fica fora do aqu\u00e1rio para melhor visualiza\u00e7\u00e3o dos animais. Deve ser usada com uma bomba de ar e tubo de ar (n\u00e3o inclu\u00eddos), de modo a fazer circular a \u00e1gua entre o aqu\u00e1rio e a maternidade, oxigenando-a e mantendo na \u00e1gua a mesma temperatura do aqu\u00e1rio principal. &hellip;<\/p>\n<p class=\"read-more\"> <a class=\"\" href=\"https:\/\/pfkeepers.com\/english\/product\/fluval-breeding-box-hang-on-1-1l\/\"> <span class=\"screen-reader-text\">Fluval Breeding Box Hang On 1.1L<\/span> Read More &raquo;<\/a><\/p>","protected":false},"featured_media":54670,"template":"","meta":{"site-sidebar-layout":"default","site-content-layout":"","ast-site-content-layout":"default","site-content-style":"default","site-sidebar-style":"default","ast-global-header-display":"","ast-banner-title-visibility":"","ast-main-header-display":"","ast-hfb-above-header-display":"","ast-hfb-below-header-display":"","ast-hfb-mobile-header-display":"","site-post-title":"","ast-breadcrumbs-content":"","ast-featured-img":"","footer-sml-layout":"","theme-transparent-header-meta":"default","adv-header-id-meta":"","stick-header-meta":"","header-above-stick-meta":"","header-main-stick-meta":"","header-below-stick-meta":"","astra-migrate-meta-layouts":"set"},"product_cat":[1577],"product_tag":[738],"_links":{"self":[{"href":"https:\/\/pfkeepers.com\/english\/wp-json\/wp\/v2\/product\/54669"}],"collection":[{"href":"https:\/\/pfkeepers.com\/english\/wp-json\/wp\/v2\/product"}],"about":[{"href":"https:\/\/pfkeepers.com\/english\/wp-json\/wp\/v2\/types\/product"}],"wp:featuredmedia":[{"embeddable":true,"href":"https:\/\/pfkeepers.com\/english\/wp-json\/wp\/v2\/media\/54670"}],"wp:attachment":[{"href":"https:\/\/pfkeepers.com\/english\/wp-json\/wp\/v2\/media?parent=54669"}],"wp:term":[{"taxonomy":"product_cat","embeddable":true,"href":"https:\/\/pfkeepers.com\/english\/wp-json\/wp\/v2\/product_cat?post=54669"},{"taxonomy":"product_tag","embeddable":true,"href":"https:\/\/pfkeepers.com\/english\/wp-json\/wp\/v2\/product_tag?post=54669"}],"curies":[{"name":"wp","href":"https:\/\/api.w.org\/{rel}","templated":true}]}}