{"id":54665,"date":"2024-03-04T16:27:16","date_gmt":"2024-03-04T16:27:16","guid":{"rendered":"https:\/\/pfkeepers.com\/produto\/hikari-cichlid-staple-medium-floating-pellet-57g\/"},"modified":"2026-04-19T00:54:21","modified_gmt":"2026-04-19T00:54:21","slug":"hikari-cichlid-staple-medium-floating-pellet-57g","status":"publish","type":"product","link":"https:\/\/pfkeepers.com\/english\/product\/hikari-cichlid-staple-medium-floating-pellet-57g\/","title":{"rendered":"Hikari Cichlid Staple Medium Floating Pellet 57g"},"content":{"rendered":"<p>O alimento b\u00e1sico para cicl\u00eddeos da Hikari \u00e9 uma forma de nutri\u00e7\u00e3o de f\u00e1cil digest\u00e3o que promoveu crescimento e desenvolvimento saud\u00e1veis com resist\u00eancia a doen\u00e7as ao mesmo tempo. Os pellets de tamanho m\u00e9dio d\u00e3o sabor e textura \u00e0 sua esp\u00e9cie de cicl\u00eddeo em sua dieta e cont\u00eam vitamina C altamente estabilizada.<\/p>\n<p>Hikari Cichlid Staple n\u00e3o turvar\u00e1 sua \u00e1gua se alimentado corretamente e \u00e9 um pellet flutuante que facilita a remo\u00e7\u00e3o da \u00e1gua, reduzindo o desperd\u00edcio do tanque. Cichlid Staple \u00e9 adequado para todas as esp\u00e9cies de cicl\u00eddeos, bem como para outros grandes peixes tropicais, proporcionando-lhes um estilo de vida saud\u00e1vel com excelente utiliza\u00e7\u00e3o de nutrientes.<\/p>\n<p>Num relance:<\/p>\n<p>Tamanho: 57g<\/p>\n<p>Nutri\u00e7\u00e3o de f\u00e1cil digest\u00e3o<\/p>\n<p>Especialmente desenvolvido para todas as esp\u00e9cies de cicl\u00eddeos, bem como outros grandes peixes tropicais<\/p>\n<p>Cont\u00e9m vitamina C estabilizada<\/p>\n<p>Fornece sabor e textura \u00e0 dieta do seu peixe<\/p>\n<p>Pelotas flutuantes de tamanho m\u00e9dio<\/p>\n<p>F\u00e1cil de remover da superf\u00edcie da \u00e1gua<\/p>\n<p>Reduz os requisitos de manuten\u00e7\u00e3o do tanque<\/p>\n<p>F\u00e1cil de administrar<\/p>","protected":false},"excerpt":{"rendered":"<p>O alimento b\u00e1sico para cicl\u00eddeos da Hikari \u00e9 uma forma de nutri\u00e7\u00e3o de f\u00e1cil digest\u00e3o que promoveu crescimento e desenvolvimento saud\u00e1veis com resist\u00eancia a doen\u00e7as ao mesmo tempo. Os pellets de tamanho m\u00e9dio d\u00e3o sabor e textura \u00e0 sua esp\u00e9cie de cicl\u00eddeo em sua dieta e cont\u00eam vitamina C altamente estabilizada. Hikari Cichlid Staple n\u00e3o &hellip;<\/p>\n<p class=\"read-more\"> <a class=\"\" href=\"https:\/\/pfkeepers.com\/english\/product\/hikari-cichlid-staple-medium-floating-pellet-57g\/\"> <span class=\"screen-reader-text\">Hikari Cichlid Staple Medium Floating Pellet 57g<\/span> Read More &raquo;<\/a><\/p>","protected":false},"featured_media":54666,"template":"","meta":{"site-sidebar-layout":"default","site-content-layout":"","ast-site-content-layout":"","site-content-style":"default","site-sidebar-style":"default","ast-global-header-display":"","ast-banner-title-visibility":"","ast-main-header-display":"","ast-hfb-above-header-display":"","ast-hfb-below-header-display":"","ast-hfb-mobile-header-display":"","site-post-title":"","ast-breadcrumbs-content":"","ast-featured-img":"","footer-sml-layout":"","theme-transparent-header-meta":"","adv-header-id-meta":"","stick-header-meta":"","header-above-stick-meta":"","header-main-stick-meta":"","header-below-stick-meta":"","astra-migrate-meta-layouts":""},"product_cat":[1479],"product_tag":[893],"_links":{"self":[{"href":"https:\/\/pfkeepers.com\/english\/wp-json\/wp\/v2\/product\/54665"}],"collection":[{"href":"https:\/\/pfkeepers.com\/english\/wp-json\/wp\/v2\/product"}],"about":[{"href":"https:\/\/pfkeepers.com\/english\/wp-json\/wp\/v2\/types\/product"}],"wp:featuredmedia":[{"embeddable":true,"href":"https:\/\/pfkeepers.com\/english\/wp-json\/wp\/v2\/media\/54666"}],"wp:attachment":[{"href":"https:\/\/pfkeepers.com\/english\/wp-json\/wp\/v2\/media?parent=54665"}],"wp:term":[{"taxonomy":"product_cat","embeddable":true,"href":"https:\/\/pfkeepers.com\/english\/wp-json\/wp\/v2\/product_cat?post=54665"},{"taxonomy":"product_tag","embeddable":true,"href":"https:\/\/pfkeepers.com\/english\/wp-json\/wp\/v2\/product_tag?post=54665"}],"curies":[{"name":"wp","href":"https:\/\/api.w.org\/{rel}","templated":true}]}}