{"id":54597,"date":"2024-03-04T16:23:59","date_gmt":"2024-03-04T16:23:59","guid":{"rendered":"https:\/\/pfkeepers.com\/produto\/painted-red-fire-neocaridina-davidi\/"},"modified":"2026-04-19T00:53:29","modified_gmt":"2026-04-19T00:53:29","slug":"painted-red-fire-neocaridina-davidi","status":"publish","type":"product","link":"https:\/\/pfkeepers.com\/english\/product\/painted-red-fire-neocaridina-davidi\/","title":{"rendered":"Painted Red Fire &#8211;  Neocaridina davidi"},"content":{"rendered":"<p>Painted fire red grade Red Cherry shrimp have earned their name from their very intense color that almost seems painted onto the shrimp; eggs and saddle are invisible unless a strong backlight is used. The color is darker than that of all the lower grades and absolutely no translucent spots are visible.<\/p>","protected":false},"excerpt":{"rendered":"<p>Os camar\u00f5es Painted Red Fire parecem pintados de vermelho fogo ganharam esse nome por sua cor muito intensa que quase parece pintada no camar\u00e3o; os ovos e a sela ficam invis\u00edveis, a menos que seja usada uma luz de fundo forte. A cor \u00e9 mais escura do que todas as classes inferiores e absolutamente nenhum &hellip;<\/p>\n<p class=\"read-more\"> <a class=\"\" href=\"https:\/\/pfkeepers.com\/english\/product\/painted-red-fire-neocaridina-davidi\/\"> <span class=\"screen-reader-text\">Painted Red Fire &#8211;  Neocaridina davidi<\/span> Read More &raquo;<\/a><\/p>","protected":false},"featured_media":54598,"template":"","meta":{"site-sidebar-layout":"default","site-content-layout":"","ast-site-content-layout":"default","site-content-style":"default","site-sidebar-style":"default","ast-global-header-display":"","ast-banner-title-visibility":"","ast-main-header-display":"","ast-hfb-above-header-display":"","ast-hfb-below-header-display":"","ast-hfb-mobile-header-display":"","site-post-title":"","ast-breadcrumbs-content":"","ast-featured-img":"","footer-sml-layout":"","theme-transparent-header-meta":"default","adv-header-id-meta":"","stick-header-meta":"","header-above-stick-meta":"","header-main-stick-meta":"","header-below-stick-meta":"","astra-migrate-meta-layouts":"set"},"product_cat":[1368],"product_tag":[],"_links":{"self":[{"href":"https:\/\/pfkeepers.com\/english\/wp-json\/wp\/v2\/product\/54597"}],"collection":[{"href":"https:\/\/pfkeepers.com\/english\/wp-json\/wp\/v2\/product"}],"about":[{"href":"https:\/\/pfkeepers.com\/english\/wp-json\/wp\/v2\/types\/product"}],"wp:featuredmedia":[{"embeddable":true,"href":"https:\/\/pfkeepers.com\/english\/wp-json\/wp\/v2\/media\/54598"}],"wp:attachment":[{"href":"https:\/\/pfkeepers.com\/english\/wp-json\/wp\/v2\/media?parent=54597"}],"wp:term":[{"taxonomy":"product_cat","embeddable":true,"href":"https:\/\/pfkeepers.com\/english\/wp-json\/wp\/v2\/product_cat?post=54597"},{"taxonomy":"product_tag","embeddable":true,"href":"https:\/\/pfkeepers.com\/english\/wp-json\/wp\/v2\/product_tag?post=54597"}],"curies":[{"name":"wp","href":"https:\/\/api.w.org\/{rel}","templated":true}]}}