{"id":54595,"date":"2024-03-04T16:23:56","date_gmt":"2024-03-04T16:23:56","guid":{"rendered":"https:\/\/pfkeepers.com\/produto\/tetra-limao-hyphessobrycon-pulchripinnis\/"},"modified":"2026-04-19T00:53:23","modified_gmt":"2026-04-19T00:53:23","slug":"tetra-limao-hyphessobrycon-pulchripinnis","status":"publish","type":"product","link":"https:\/\/pfkeepers.com\/english\/product\/tetra-limao-hyphessobrycon-pulchripinnis\/","title":{"rendered":"Tetra Lim\u00e3o &#8211; Hyphessobrycon pulchripinnis"},"content":{"rendered":"<p>Esp\u00e9cie: Hyphessobrycon pulchripinnis<\/p>\n<p>Paracheirodon innesi<br \/>\nTamanho dispon\u00edvel: 1.5 &#8211; 2.0 cm<\/p>\n<p>Tamanho m\u00e1ximo: 4.0 cm<\/p>\n<p>Temperatura: 20-28\u00baC<\/p>\n<p>pH: 5.0-7.5<\/p>\n<p>Dureza: 18-215 ppm<\/p>\n<p>Comportamento: Peixe de cardume, aconselh\u00e1vel pelo menos 6 indiv\u00edduos; Pac\u00edfico<\/p>\n<p>Dieta: omn\u00edvoro, alimentando-se geralmente no ambiente natural de pequenos invertebrados, algas filamentosas, crust\u00e1ceos, fruta que caia das \u00e1rvores.<\/p>\n<p>Dimorfismo Sexual: Os machos adultos tendem a ser mais pequenos mas com cores mais intensas que as f\u00eameas.<\/p>\n<p>Origem: Rio Amazona<\/p>","protected":false},"excerpt":{"rendered":"<p>Esp\u00e9cie: Hyphessobrycon pulchripinnis Paracheirodon innesi Tamanho dispon\u00edvel: 1.5 &#8211; 2.0 cm Tamanho m\u00e1ximo: 4.0 cm Temperatura: 20-28\u00baC pH: 5.0-7.5 Dureza: 18-215 ppm Comportamento: Peixe de cardume, aconselh\u00e1vel pelo menos 6 indiv\u00edduos; Pac\u00edfico Dieta: omn\u00edvoro, alimentando-se geralmente no ambiente natural de pequenos invertebrados, algas filamentosas, crust\u00e1ceos, fruta que caia das \u00e1rvores. Dimorfismo Sexual: Os machos adultos &hellip;<\/p>\n<p class=\"read-more\"> <a class=\"\" href=\"https:\/\/pfkeepers.com\/english\/product\/tetra-limao-hyphessobrycon-pulchripinnis\/\"> <span class=\"screen-reader-text\">Tetra Lim\u00e3o &#8211; Hyphessobrycon pulchripinnis<\/span> Read More &raquo;<\/a><\/p>","protected":false},"featured_media":54596,"template":"","meta":{"site-sidebar-layout":"default","site-content-layout":"","ast-site-content-layout":"","site-content-style":"default","site-sidebar-style":"default","ast-global-header-display":"","ast-banner-title-visibility":"","ast-main-header-display":"","ast-hfb-above-header-display":"","ast-hfb-below-header-display":"","ast-hfb-mobile-header-display":"","site-post-title":"","ast-breadcrumbs-content":"","ast-featured-img":"","footer-sml-layout":"","theme-transparent-header-meta":"","adv-header-id-meta":"","stick-header-meta":"","header-above-stick-meta":"","header-main-stick-meta":"","header-below-stick-meta":"","astra-migrate-meta-layouts":""},"product_cat":[1354],"product_tag":[],"_links":{"self":[{"href":"https:\/\/pfkeepers.com\/english\/wp-json\/wp\/v2\/product\/54595"}],"collection":[{"href":"https:\/\/pfkeepers.com\/english\/wp-json\/wp\/v2\/product"}],"about":[{"href":"https:\/\/pfkeepers.com\/english\/wp-json\/wp\/v2\/types\/product"}],"wp:featuredmedia":[{"embeddable":true,"href":"https:\/\/pfkeepers.com\/english\/wp-json\/wp\/v2\/media\/54596"}],"wp:attachment":[{"href":"https:\/\/pfkeepers.com\/english\/wp-json\/wp\/v2\/media?parent=54595"}],"wp:term":[{"taxonomy":"product_cat","embeddable":true,"href":"https:\/\/pfkeepers.com\/english\/wp-json\/wp\/v2\/product_cat?post=54595"},{"taxonomy":"product_tag","embeddable":true,"href":"https:\/\/pfkeepers.com\/english\/wp-json\/wp\/v2\/product_tag?post=54595"}],"curies":[{"name":"wp","href":"https:\/\/api.w.org\/{rel}","templated":true}]}}