{"id":54591,"date":"2024-03-04T16:23:51","date_gmt":"2024-03-04T16:23:51","guid":{"rendered":"https:\/\/pfkeepers.com\/produto\/peixe-olho-de-lanterna-aplocheilichthys-normani\/"},"modified":"2026-04-19T00:53:17","modified_gmt":"2026-04-19T00:53:17","slug":"peixe-olho-de-lanterna-aplocheilichthys-normani","status":"publish","type":"product","link":"https:\/\/pfkeepers.com\/english\/product\/peixe-olho-de-lanterna-aplocheilichthys-normani\/","title":{"rendered":"Peixe Olho de Lanterna &#8211;  Aplocheilichthys Normani"},"content":{"rendered":"<p>Nome Popular: Killifish Lamp Eye, Norman&#8217;s Lampeye<\/p>\n<p>Fam\u00edlia: Poeciliidae<\/p>\n<p>Origem: \u00c1frica<\/p>\n<p>Sociabilidade: Grupos<\/p>\n<p>pH: 6.5 a 7.2<\/p>\n<p>Temperatura: 22 a 26\u00baC<\/p>\n<p>Dureza da \u00e1gua: mole a m\u00e9dia<\/p>\n<p>Expectativa de vida: Cerca de 3 anos<\/p>\n<p>Manuten\u00e7\u00e3o: M\u00e9dio<\/p>\n<p>Tamanho adulto: Aproximadamente 4 cm<\/p>","protected":false},"excerpt":{"rendered":"<p>Nome Popular: Killifish Lamp Eye, Norman&#8217;s Lampeye Fam\u00edlia: Poeciliidae Origem: \u00c1frica Sociabilidade: Grupos pH: 6.5 a 7.2 Temperatura: 22 a 26\u00baC Dureza da \u00e1gua: mole a m\u00e9dia Expectativa de vida: Cerca de 3 anos Manuten\u00e7\u00e3o: M\u00e9dio Tamanho adulto: Aproximadamente 4 cm<\/p>","protected":false},"featured_media":54592,"template":"","meta":{"site-sidebar-layout":"default","site-content-layout":"","ast-site-content-layout":"default","site-content-style":"default","site-sidebar-style":"default","ast-global-header-display":"","ast-banner-title-visibility":"","ast-main-header-display":"","ast-hfb-above-header-display":"","ast-hfb-below-header-display":"","ast-hfb-mobile-header-display":"","site-post-title":"","ast-breadcrumbs-content":"","ast-featured-img":"","footer-sml-layout":"","theme-transparent-header-meta":"default","adv-header-id-meta":"","stick-header-meta":"","header-above-stick-meta":"","header-main-stick-meta":"","header-below-stick-meta":"","astra-migrate-meta-layouts":"set"},"product_cat":[1354],"product_tag":[874],"_links":{"self":[{"href":"https:\/\/pfkeepers.com\/english\/wp-json\/wp\/v2\/product\/54591"}],"collection":[{"href":"https:\/\/pfkeepers.com\/english\/wp-json\/wp\/v2\/product"}],"about":[{"href":"https:\/\/pfkeepers.com\/english\/wp-json\/wp\/v2\/types\/product"}],"wp:featuredmedia":[{"embeddable":true,"href":"https:\/\/pfkeepers.com\/english\/wp-json\/wp\/v2\/media\/54592"}],"wp:attachment":[{"href":"https:\/\/pfkeepers.com\/english\/wp-json\/wp\/v2\/media?parent=54591"}],"wp:term":[{"taxonomy":"product_cat","embeddable":true,"href":"https:\/\/pfkeepers.com\/english\/wp-json\/wp\/v2\/product_cat?post=54591"},{"taxonomy":"product_tag","embeddable":true,"href":"https:\/\/pfkeepers.com\/english\/wp-json\/wp\/v2\/product_tag?post=54591"}],"curies":[{"name":"wp","href":"https:\/\/api.w.org\/{rel}","templated":true}]}}