{"id":54585,"date":"2024-03-04T16:23:42","date_gmt":"2024-03-04T16:23:42","guid":{"rendered":"https:\/\/pfkeepers.com\/produto\/molly-velifera-sortida-poecilia-vellifera\/"},"modified":"2026-04-19T00:53:05","modified_gmt":"2026-04-19T00:53:05","slug":"molly-velifera-sortida-poecilia-vellifera","status":"publish","type":"product","link":"https:\/\/pfkeepers.com\/english\/product\/molly-velifera-sortida-poecilia-vellifera\/","title":{"rendered":"Molly Vel\u00edfera Sortida &#8211; Poecilia vellifera"},"content":{"rendered":"<p>Origem:  Mexico<\/p>\n<p>Tamanho maximo: 12-15cm<\/p>\n<p>Habitat: Substrato de gravilha Arenoso com plantas naturais e decora\u00e7ao natural.<\/p>\n<p>Parametros: 7.0 a 8.5ph<\/p>\n<p>Temperatura: 22-28c<\/p>\n<p>Dureza: 15-35dh<\/p>\n<p>Alimentacao: Insectivoro, pode ser alimentado com daphnias, bloodworms, tubifex, artemia, granulados e flocos ominivoros de boa qualidade.<\/p>\n<p>Tamanho minimo de aquario: 100cm<\/p>\n<p>Compatibilidade: pode ser mantido em comunitario com rasboras, tetras, barbos, guppys, espadas, platys, corydoras, locarideos, ottocinclus, ciclideos an\u00f5es entre outros.<\/p>\n<p>O aquario para manter estes exemplares, dever\u00e1 ser idealmente mantido com decora\u00e7ao natural e plantas que possam contribuir para um habitat mais natural.<\/p>\n<p>normalmente plantas faceis como anubias, microsorum pteropus, valisnerias e outras plantas faceis, s\u00e3o plantas que podem ser usadas<\/p>\n<p>uma vez que tem uma necessidade baixa de luz, devem ser tambem utilizadas plantas flutuantes.<\/p>\n<p>Em termos de filtro este n\u00e3o dever\u00e1 ter um caudal excessivo para a litragem do aquario.<\/p>\n<p>Os aquarios dever\u00e3o ser idealmente tapados com uma altura de 3 a 5 cm entre a agua e a tampa uma vez que podem ser saltadores, e a tampa ira prevenir futuros problemas.<\/p>\n<p>Para mais informa\u00e7\u00f5es sobre como encomendar esta ou outra especie contacte nos atrav\u00e9s do nosso site ou da nossa pagina.<\/p>","protected":false},"excerpt":{"rendered":"<p>Origem: Mexico Tamanho maximo: 12-15cm Habitat: Substrato de gravilha Arenoso com plantas naturais e decora\u00e7ao natural. Parametros: 7.0 a 8.5ph Temperatura: 22-28c Dureza: 15-35dh Alimentacao: Insectivoro, pode ser alimentado com daphnias, bloodworms, tubifex, artemia, granulados e flocos ominivoros de boa qualidade. Tamanho minimo de aquario: 100cm Compatibilidade: pode ser mantido em comunitario com rasboras, tetras, &hellip;<\/p>\n<p class=\"read-more\"> <a class=\"\" href=\"https:\/\/pfkeepers.com\/english\/product\/molly-velifera-sortida-poecilia-vellifera\/\"> <span class=\"screen-reader-text\">Molly Vel\u00edfera Sortida &#8211; Poecilia vellifera<\/span> Read More &raquo;<\/a><\/p>","protected":false},"featured_media":54586,"template":"","meta":{"site-sidebar-layout":"default","site-content-layout":"","ast-site-content-layout":"default","site-content-style":"default","site-sidebar-style":"default","ast-global-header-display":"","ast-banner-title-visibility":"","ast-main-header-display":"","ast-hfb-above-header-display":"","ast-hfb-below-header-display":"","ast-hfb-mobile-header-display":"","site-post-title":"","ast-breadcrumbs-content":"","ast-featured-img":"","footer-sml-layout":"","theme-transparent-header-meta":"default","adv-header-id-meta":"","stick-header-meta":"","header-above-stick-meta":"","header-main-stick-meta":"","header-below-stick-meta":"","astra-migrate-meta-layouts":"set"},"product_cat":[1354],"product_tag":[],"_links":{"self":[{"href":"https:\/\/pfkeepers.com\/english\/wp-json\/wp\/v2\/product\/54585"}],"collection":[{"href":"https:\/\/pfkeepers.com\/english\/wp-json\/wp\/v2\/product"}],"about":[{"href":"https:\/\/pfkeepers.com\/english\/wp-json\/wp\/v2\/types\/product"}],"wp:featuredmedia":[{"embeddable":true,"href":"https:\/\/pfkeepers.com\/english\/wp-json\/wp\/v2\/media\/54586"}],"wp:attachment":[{"href":"https:\/\/pfkeepers.com\/english\/wp-json\/wp\/v2\/media?parent=54585"}],"wp:term":[{"taxonomy":"product_cat","embeddable":true,"href":"https:\/\/pfkeepers.com\/english\/wp-json\/wp\/v2\/product_cat?post=54585"},{"taxonomy":"product_tag","embeddable":true,"href":"https:\/\/pfkeepers.com\/english\/wp-json\/wp\/v2\/product_tag?post=54585"}],"curies":[{"name":"wp","href":"https:\/\/api.w.org\/{rel}","templated":true}]}}