{"id":54553,"date":"2024-03-04T16:22:48","date_gmt":"2024-03-04T16:22:48","guid":{"rendered":"https:\/\/pfkeepers.com\/produto\/lagenandra-meeboldii-red-pot-tropica\/"},"modified":"2026-04-19T00:52:41","modified_gmt":"2026-04-19T00:52:41","slug":"lagenandra-meeboldii-red-pot-tropica","status":"publish","type":"product","link":"https:\/\/pfkeepers.com\/english\/product\/lagenandra-meeboldii-red-pot-tropica\/","title":{"rendered":"Lagenandra meeboldii Red pot Tropica"},"content":{"rendered":"<p>Esta planta \u00e9 origin\u00e1ria da \u00cdndia e \u00e9 bastante semelhante a uma Cryptocoryne, pois fica de tamanho m\u00e9dio e folhas largas. Pode ser usado no aqu\u00e1rio como as Cryptocorynes, mas precisa de luz suficiente para desenvolver cores.<br \/>\nAs folhas t\u00eam 4-8 cm de largura e 6-12 cm de comprimento, de modo que esta planta \u00e9 relativamente larga.<br \/>\nAs cores variam de verde empoeirado, violeta brilhante a vermelho-violeta, muitas vezes na mesma folha. As folhas novas s\u00e3o rosa p\u00e1lido. <\/p>","protected":false},"excerpt":{"rendered":"<p>Esta planta \u00e9 origin\u00e1ria da \u00cdndia e \u00e9 bastante semelhante a uma Cryptocoryne, pois fica de tamanho m\u00e9dio e folhas largas. Pode ser usado no aqu\u00e1rio como as Cryptocorynes, mas precisa de luz suficiente para desenvolver cores. As folhas t\u00eam 4-8 cm de largura e 6-12 cm de comprimento, de modo que esta planta \u00e9 &hellip;<\/p>\n<p class=\"read-more\"> <a class=\"\" href=\"https:\/\/pfkeepers.com\/english\/product\/lagenandra-meeboldii-red-pot-tropica\/\"> <span class=\"screen-reader-text\">Lagenandra meeboldii Red pot Tropica<\/span> Read More &raquo;<\/a><\/p>","protected":false},"featured_media":54554,"template":"","meta":{"site-sidebar-layout":"default","site-content-layout":"","ast-site-content-layout":"default","site-content-style":"default","site-sidebar-style":"default","ast-global-header-display":"","ast-banner-title-visibility":"","ast-main-header-display":"","ast-hfb-above-header-display":"","ast-hfb-below-header-display":"","ast-hfb-mobile-header-display":"","site-post-title":"","ast-breadcrumbs-content":"","ast-featured-img":"","footer-sml-layout":"","theme-transparent-header-meta":"default","adv-header-id-meta":"","stick-header-meta":"","header-above-stick-meta":"","header-main-stick-meta":"","header-below-stick-meta":"","astra-migrate-meta-layouts":"set"},"product_cat":[1511],"product_tag":[1064],"_links":{"self":[{"href":"https:\/\/pfkeepers.com\/english\/wp-json\/wp\/v2\/product\/54553"}],"collection":[{"href":"https:\/\/pfkeepers.com\/english\/wp-json\/wp\/v2\/product"}],"about":[{"href":"https:\/\/pfkeepers.com\/english\/wp-json\/wp\/v2\/types\/product"}],"wp:featuredmedia":[{"embeddable":true,"href":"https:\/\/pfkeepers.com\/english\/wp-json\/wp\/v2\/media\/54554"}],"wp:attachment":[{"href":"https:\/\/pfkeepers.com\/english\/wp-json\/wp\/v2\/media?parent=54553"}],"wp:term":[{"taxonomy":"product_cat","embeddable":true,"href":"https:\/\/pfkeepers.com\/english\/wp-json\/wp\/v2\/product_cat?post=54553"},{"taxonomy":"product_tag","embeddable":true,"href":"https:\/\/pfkeepers.com\/english\/wp-json\/wp\/v2\/product_tag?post=54553"}],"curies":[{"name":"wp","href":"https:\/\/api.w.org\/{rel}","templated":true}]}}