{"id":54382,"date":"2024-03-04T16:18:12","date_gmt":"2024-03-04T16:18:12","guid":{"rendered":"https:\/\/pfkeepers.com\/produto\/fluval-107-fx-filtro-externo-40-130l\/"},"modified":"2026-04-19T00:51:13","modified_gmt":"2026-04-19T00:51:13","slug":"fluval-107-fx-filtro-externo-40-130l","status":"publish","type":"product","link":"https:\/\/pfkeepers.com\/english\/product\/fluval-107-fx-filtro-externo-40-130l\/","title":{"rendered":"Fluval 107 FX Filtro Externo (40-130L)"},"content":{"rendered":"<p>A nova s\u00e9rie 07 marca a s\u00e9tima encarna\u00e7\u00e3o em quase 4 d\u00e9cadas da fam\u00edlia de filtros Fluval externos mais vendida em todo o mundo. A \u00faltima gera\u00e7\u00e3o n\u00e3o apenas incorpora a pot\u00eancia e a confiabilidade que voc\u00ea espera do l\u00edder em filtragem de \u00e1gua, mas tamb\u00e9m apresenta v\u00e1rias novas melhorias no desempenho, que a tornam at\u00e9 25% mais silenciosa e robusta, mais eficiente em termos de energia, mais flex\u00edvel e mais F\u00e1cil de usar do que nunca.<br \/>\nCaracter\u00edsticas:<br \/>\nVolume do aqu\u00e1rio: 40-130L.<\/p>\n<p>D\u00e9bito da bomba: 550L\/h.<\/p>\n<p>Altura de eleva\u00e7\u00e3o: 1,45 m.<\/p>\n<p>Pot\u00eancia: 10W<\/p>\n<p>Volume do filtro: 3,9L<\/p>\n<p>Dimens\u00f5es: 19 x 18 x 35 cm<\/p>","protected":false},"excerpt":{"rendered":"<p>A nova s\u00e9rie 07 marca a s\u00e9tima encarna\u00e7\u00e3o em quase 4 d\u00e9cadas da fam\u00edlia de filtros Fluval externos mais vendida em todo o mundo. A \u00faltima gera\u00e7\u00e3o n\u00e3o apenas incorpora a pot\u00eancia e a confiabilidade que voc\u00ea espera do l\u00edder em filtragem de \u00e1gua, mas tamb\u00e9m apresenta v\u00e1rias novas melhorias no desempenho, que a tornam &hellip;<\/p>\n<p class=\"read-more\"> <a class=\"\" href=\"https:\/\/pfkeepers.com\/english\/product\/fluval-107-fx-filtro-externo-40-130l\/\"> <span class=\"screen-reader-text\">Fluval 107 FX Filtro Externo (40-130L)<\/span> Read More &raquo;<\/a><\/p>","protected":false},"featured_media":54383,"template":"","meta":{"site-sidebar-layout":"default","site-content-layout":"","ast-site-content-layout":"","site-content-style":"default","site-sidebar-style":"default","ast-global-header-display":"","ast-banner-title-visibility":"","ast-main-header-display":"","ast-hfb-above-header-display":"","ast-hfb-below-header-display":"","ast-hfb-mobile-header-display":"","site-post-title":"","ast-breadcrumbs-content":"","ast-featured-img":"","footer-sml-layout":"","theme-transparent-header-meta":"","adv-header-id-meta":"","stick-header-meta":"","header-above-stick-meta":"","header-main-stick-meta":"","header-below-stick-meta":"","astra-migrate-meta-layouts":""},"product_cat":[1472],"product_tag":[738],"_links":{"self":[{"href":"https:\/\/pfkeepers.com\/english\/wp-json\/wp\/v2\/product\/54382"}],"collection":[{"href":"https:\/\/pfkeepers.com\/english\/wp-json\/wp\/v2\/product"}],"about":[{"href":"https:\/\/pfkeepers.com\/english\/wp-json\/wp\/v2\/types\/product"}],"wp:featuredmedia":[{"embeddable":true,"href":"https:\/\/pfkeepers.com\/english\/wp-json\/wp\/v2\/media\/54383"}],"wp:attachment":[{"href":"https:\/\/pfkeepers.com\/english\/wp-json\/wp\/v2\/media?parent=54382"}],"wp:term":[{"taxonomy":"product_cat","embeddable":true,"href":"https:\/\/pfkeepers.com\/english\/wp-json\/wp\/v2\/product_cat?post=54382"},{"taxonomy":"product_tag","embeddable":true,"href":"https:\/\/pfkeepers.com\/english\/wp-json\/wp\/v2\/product_tag?post=54382"}],"curies":[{"name":"wp","href":"https:\/\/api.w.org\/{rel}","templated":true}]}}