{"id":54359,"date":"2024-03-04T16:17:34","date_gmt":"2024-03-04T16:17:34","guid":{"rendered":"https:\/\/pfkeepers.com\/produto\/ocean-nutrition-turtle-baby-pellets-60g\/"},"modified":"2026-04-19T00:51:08","modified_gmt":"2026-04-19T00:51:08","slug":"ocean-nutrition-turtle-baby-pellets-60g","status":"publish","type":"product","link":"https:\/\/pfkeepers.com\/english\/product\/ocean-nutrition-turtle-baby-pellets-60g\/","title":{"rendered":"Ocean Nutrition Turtle Baby Pellets 60g"},"content":{"rendered":"<p>Ocean Nutrition &#8211; Pellets para tartaruga filhote com gr\u00e2nulos pequenos flutuantes para tartarugas aqu\u00e1ticas jovens. F\u00f3rmula composta por ingredientes selecionados para atender \u00e0s necessidades nutricionais de tartarugas em crescimento. Rela\u00e7\u00e3o c\u00e1lcio \/ f\u00f3sforo e n\u00edveis de vitamina D3 ideais para um desenvolvimento saud\u00e1vel. Teor de prote\u00edna e alta rela\u00e7\u00e3o prote\u00edna.<\/p>","protected":false},"excerpt":{"rendered":"<p>Ocean Nutrition &#8211; Pellets para tartaruga filhote com gr\u00e2nulos pequenos flutuantes para tartarugas aqu\u00e1ticas jovens. F\u00f3rmula composta por ingredientes selecionados para atender \u00e0s necessidades nutricionais de tartarugas em crescimento. Rela\u00e7\u00e3o c\u00e1lcio \/ f\u00f3sforo e n\u00edveis de vitamina D3 ideais para um desenvolvimento saud\u00e1vel. Teor de prote\u00edna e alta rela\u00e7\u00e3o prote\u00edna.<\/p>","protected":false},"featured_media":72567,"template":"","meta":{"site-sidebar-layout":"default","site-content-layout":"","ast-site-content-layout":"default","site-content-style":"default","site-sidebar-style":"default","ast-global-header-display":"","ast-banner-title-visibility":"","ast-main-header-display":"","ast-hfb-above-header-display":"","ast-hfb-below-header-display":"","ast-hfb-mobile-header-display":"","site-post-title":"","ast-breadcrumbs-content":"","ast-featured-img":"","footer-sml-layout":"","theme-transparent-header-meta":"default","adv-header-id-meta":"","stick-header-meta":"","header-above-stick-meta":"","header-main-stick-meta":"","header-below-stick-meta":"","astra-migrate-meta-layouts":"set"},"product_cat":[1516],"product_tag":[978],"_links":{"self":[{"href":"https:\/\/pfkeepers.com\/english\/wp-json\/wp\/v2\/product\/54359"}],"collection":[{"href":"https:\/\/pfkeepers.com\/english\/wp-json\/wp\/v2\/product"}],"about":[{"href":"https:\/\/pfkeepers.com\/english\/wp-json\/wp\/v2\/types\/product"}],"wp:featuredmedia":[{"embeddable":true,"href":"https:\/\/pfkeepers.com\/english\/wp-json\/wp\/v2\/media\/72567"}],"wp:attachment":[{"href":"https:\/\/pfkeepers.com\/english\/wp-json\/wp\/v2\/media?parent=54359"}],"wp:term":[{"taxonomy":"product_cat","embeddable":true,"href":"https:\/\/pfkeepers.com\/english\/wp-json\/wp\/v2\/product_cat?post=54359"},{"taxonomy":"product_tag","embeddable":true,"href":"https:\/\/pfkeepers.com\/english\/wp-json\/wp\/v2\/product_tag?post=54359"}],"curies":[{"name":"wp","href":"https:\/\/api.w.org\/{rel}","templated":true}]}}