{"id":54339,"date":"2024-03-04T16:17:01","date_gmt":"2024-03-04T16:17:01","guid":{"rendered":"https:\/\/pfkeepers.com\/produto\/aqua-medic-t-meter-ii\/"},"modified":"2026-04-19T00:50:50","modified_gmt":"2026-04-19T00:50:50","slug":"aqua-medic-t-meter-ii","status":"publish","type":"product","link":"https:\/\/pfkeepers.com\/english\/product\/aqua-medic-t-meter-ii\/","title":{"rendered":"Aqua Medic T-Meter II"},"content":{"rendered":"<p>Aqua Medic T-Meter II<\/p>\n<p>Term\u00f3metro externo do aqu\u00e1rio<br \/>\nPara fixa\u00e7\u00e3o no painel do aqu\u00e1rio (externo) ou no arm\u00e1rio baixo &#8211; Design compacto com opera\u00e7\u00e3o simples<br \/>\n&#8211; Grande display LCD para leitura da temperatura da \u00e1gua<br \/>\n&#8211; Bot\u00e3o de for\u00e7a separado para desligar o display (modo de economia de energia)<br \/>\n&#8211; Sensor de temperatura externo, pode ser escondido no aqu\u00e1rio<br \/>\n&#8211; Unidade de medi\u00e7\u00e3o revers\u00edvel: \u00b0 C ou \u00b0 F<br \/>\n&#8211; F\u00e1cil de montar no vidro do aqu\u00e1rio por suc\u00e7\u00e3o<br \/>\n&#8211; Instala\u00e7\u00e3o de montagem no gabinete inferior<\/p>\n<p>Faixa de medi\u00e7\u00e3o recomendada: 5 ~ + + 45 \u00b0 C (+ 41 ~ + 113 \u00b0 F)<br \/>\netapas de medi\u00e7\u00e3o de: 0,1 \u00b0 C \/ 0,1 \u00b0 F<br \/>\nprecis\u00e3o: \u00b1 1 \u00baC (2 \u00baF)<br \/>\nFonte de alimenta\u00e7\u00e3o: 1,5 V (AG13 \/ LR44)<\/p>\n<p>Cuidado: N\u00e3o mergulhe o display na \u00e1gua. Apenas a sonda \u00e9 \u00e0 prova d&#8217;\u00e1gua.<\/p>","protected":false},"excerpt":{"rendered":"<p>Aqua Medic T-meter II Term\u00f3metro externo do aqu\u00e1rio Para fixa\u00e7\u00e3o no painel do aqu\u00e1rio (externo) ou no arm\u00e1rio baixo &#8211; Design compacto com opera\u00e7\u00e3o simples &#8211; Grande display LCD para leitura da temperatura da \u00e1gua &#8211; Bot\u00e3o de for\u00e7a separado para desligar o display (modo de economia de energia) &#8211; Sensor de temperatura externo, pode &hellip;<\/p>\n<p class=\"read-more\"> <a class=\"\" href=\"https:\/\/pfkeepers.com\/english\/product\/aqua-medic-t-meter-ii\/\"> <span class=\"screen-reader-text\">Aqua Medic T-Meter II<\/span> Read More &raquo;<\/a><\/p>","protected":false},"featured_media":54340,"template":"","meta":{"site-sidebar-layout":"default","site-content-layout":"","ast-site-content-layout":"default","site-content-style":"default","site-sidebar-style":"default","ast-global-header-display":"","ast-banner-title-visibility":"","ast-main-header-display":"","ast-hfb-above-header-display":"","ast-hfb-below-header-display":"","ast-hfb-mobile-header-display":"","site-post-title":"","ast-breadcrumbs-content":"","ast-featured-img":"","footer-sml-layout":"","theme-transparent-header-meta":"default","adv-header-id-meta":"","stick-header-meta":"","header-above-stick-meta":"","header-main-stick-meta":"","header-below-stick-meta":"","astra-migrate-meta-layouts":"set"},"product_cat":[1572],"product_tag":[762],"_links":{"self":[{"href":"https:\/\/pfkeepers.com\/english\/wp-json\/wp\/v2\/product\/54339"}],"collection":[{"href":"https:\/\/pfkeepers.com\/english\/wp-json\/wp\/v2\/product"}],"about":[{"href":"https:\/\/pfkeepers.com\/english\/wp-json\/wp\/v2\/types\/product"}],"wp:featuredmedia":[{"embeddable":true,"href":"https:\/\/pfkeepers.com\/english\/wp-json\/wp\/v2\/media\/54340"}],"wp:attachment":[{"href":"https:\/\/pfkeepers.com\/english\/wp-json\/wp\/v2\/media?parent=54339"}],"wp:term":[{"taxonomy":"product_cat","embeddable":true,"href":"https:\/\/pfkeepers.com\/english\/wp-json\/wp\/v2\/product_cat?post=54339"},{"taxonomy":"product_tag","embeddable":true,"href":"https:\/\/pfkeepers.com\/english\/wp-json\/wp\/v2\/product_tag?post=54339"}],"curies":[{"name":"wp","href":"https:\/\/api.w.org\/{rel}","templated":true}]}}