{"id":54337,"date":"2024-03-04T16:16:58","date_gmt":"2024-03-04T16:16:58","guid":{"rendered":"https:\/\/pfkeepers.com\/produto\/fauna-marin-dino-x-500ml\/"},"modified":"2026-04-19T00:50:44","modified_gmt":"2026-04-19T00:50:44","slug":"fauna-marin-dino-x-500ml","status":"publish","type":"product","link":"https:\/\/pfkeepers.com\/english\/product\/fauna-marin-dino-x-500ml\/","title":{"rendered":"Fauna Marin Dino X 500ml"},"content":{"rendered":"<p>DINO X \u00e9 uma solu\u00e7\u00e3o muito forte e eficaz que remove qualquer crescimento de algas do tipo peludo ou pestilento e dinoflagelados em tanques de recife. Ele trata de surtos de algas em aqu\u00e1rios de corais sem prejudicar os corais.<\/p>\n<p>Recomenda\u00e7\u00f5es de dosagem e aconselhamento<\/p>\n<p>5 ml de Dino X por 100 litros (26 gal) de \u00e1gua do aqu\u00e1rio<br \/>\nPara evitar overdose, \u00e9 muito importante calcular o volume exato da \u00e1gua do aqu\u00e1rio.<br \/>\nPara infesta\u00e7\u00f5es e surtos pesados, podem ser administrados at\u00e9 6 ml de Dino X por 100 L (26 gal).<br \/>\nSkimmer de alto desempenho \u00e9 recomendado.<br \/>\nA dosagem deve ser repetida a cada 2 dias at\u00e9 que as algas sejam completamente eliminadas.<br \/>\nUm per\u00edodo de tratamento geral n\u00e3o pode ser dado devido a muitas vari\u00e1veis.<br \/>\nDinoflagelados geralmente podem ser tratados com 10 dosagens.<br \/>\nOutras algas podem ser tratadas com cerca de 15 doses.<br \/>\nN\u00e3o fa\u00e7a mudan\u00e7as de \u00e1gua durante o per\u00edodo de tratamento. Retomar o cronograma de mudan\u00e7a de \u00e1gua ap\u00f3s 1 semana da \u00faltima dose de Dino X.<br \/>\nN\u00e3o administre qualquer oligoelementos durante o per\u00edodo de tratamento. N\u00e3o dosue sais minerais, amino\u00e1cidos, alimentos SPS ou elementos Balling Light Trace B<br \/>\nN\u00e3o use oz\u00f4nio ou carbono durante o per\u00edodo de tratamento.<br \/>\nInterrompa qualquer tipo de m\u00eddia absorvente, como os removedores GFO e PO4.<br \/>\nExecutar a Fauna Marin Carb L imediatamente ap\u00f3s a \u00faltima dose de Dino X; siga as instru\u00e7\u00f5es de dosagem recomendadas.<br \/>\nNota<\/p>\n<p>Dino X N\u00c3O \u00e9 um tratamento para bact\u00e9rias ciano.<br \/>\nQuando usado correctamente, o Dino X \u00e9 inofensivo para inverter e pescar.<br \/>\nO Dino X deve ser sempre administrado \u00e0 noite ou 1 hora AP\u00d3S a ilumina\u00e7\u00e3o principal ter sido desligada.<br \/>\nFotoss\u00edntese de algas Zooanthellae \u00e9 interrompida, em \u00faltima an\u00e1lise permitindo que o efeito ideal de Dino X Main fase de ilumina\u00e7\u00e3o n\u00e3o deve ser superior a 6 horas di\u00e1rias.<br \/>\nDefinir skimmer para ro\u00e7ar e correr 24\/7.<br \/>\nOs par\u00e2metros da \u00e1gua podem ser ajustados com luz de Balling ou \u00e1gua de cal. Estes n\u00e3o afectam o desempenho do Dino X.<br \/>\nSolu\u00e7\u00f5es pr\u00e9-misturadas de Ca, Alk, Mg, devem ser usadas com cautela, pois geralmente cont\u00eam elementos-tra\u00e7o adicionais.<br \/>\n*** POR FAVOR, LEIA NOSSO MANUAL TOTAL PARA INSTRU\u00c7\u00d5ES COMPLETAS DE DOSAGEM<\/p>","protected":false},"excerpt":{"rendered":"<p>DINO X \u00e9 uma solu\u00e7\u00e3o muito forte e eficaz que remove qualquer crescimento de algas do tipo peludo ou pestilento e dinoflagelados em tanques de recife. Ele trata de surtos de algas em aqu\u00e1rios de corais sem prejudicar os corais. Recomenda\u00e7\u00f5es de dosagem e aconselhamento 5 ml de Dino X por 100 litros (26 gal) &hellip;<\/p>\n<p class=\"read-more\"> <a class=\"\" href=\"https:\/\/pfkeepers.com\/english\/product\/fauna-marin-dino-x-500ml\/\"> <span class=\"screen-reader-text\">Fauna Marin Dino X 500ml<\/span> Read More &raquo;<\/a><\/p>","protected":false},"featured_media":54338,"template":"","meta":{"site-sidebar-layout":"default","site-content-layout":"","ast-site-content-layout":"default","site-content-style":"default","site-sidebar-style":"default","ast-global-header-display":"","ast-banner-title-visibility":"","ast-main-header-display":"","ast-hfb-above-header-display":"","ast-hfb-below-header-display":"","ast-hfb-mobile-header-display":"","site-post-title":"","ast-breadcrumbs-content":"","ast-featured-img":"","footer-sml-layout":"","theme-transparent-header-meta":"default","adv-header-id-meta":"","stick-header-meta":"","header-above-stick-meta":"","header-main-stick-meta":"","header-below-stick-meta":"","astra-migrate-meta-layouts":"set"},"product_cat":[1394],"product_tag":[862],"_links":{"self":[{"href":"https:\/\/pfkeepers.com\/english\/wp-json\/wp\/v2\/product\/54337"}],"collection":[{"href":"https:\/\/pfkeepers.com\/english\/wp-json\/wp\/v2\/product"}],"about":[{"href":"https:\/\/pfkeepers.com\/english\/wp-json\/wp\/v2\/types\/product"}],"wp:featuredmedia":[{"embeddable":true,"href":"https:\/\/pfkeepers.com\/english\/wp-json\/wp\/v2\/media\/54338"}],"wp:attachment":[{"href":"https:\/\/pfkeepers.com\/english\/wp-json\/wp\/v2\/media?parent=54337"}],"wp:term":[{"taxonomy":"product_cat","embeddable":true,"href":"https:\/\/pfkeepers.com\/english\/wp-json\/wp\/v2\/product_cat?post=54337"},{"taxonomy":"product_tag","embeddable":true,"href":"https:\/\/pfkeepers.com\/english\/wp-json\/wp\/v2\/product_tag?post=54337"}],"curies":[{"name":"wp","href":"https:\/\/api.w.org\/{rel}","templated":true}]}}