{"id":54265,"date":"2024-03-04T16:14:59","date_gmt":"2024-03-04T16:14:59","guid":{"rendered":"https:\/\/pfkeepers.com\/produto\/dot-dash-blenny-ecsenius-lineatus\/"},"modified":"2026-04-19T00:50:10","modified_gmt":"2026-04-19T00:50:10","slug":"dot-dash-blenny-ecsenius-lineatus","status":"publish","type":"product","link":"https:\/\/pfkeepers.com\/english\/product\/dot-dash-blenny-ecsenius-lineatus\/","title":{"rendered":"Dot Dash Blenny &#8211; Ecsenius lineatus"},"content":{"rendered":"<p>N\u00edvel de cuidado: f\u00e1cil<\/p>\n<p>Temperamento: Pac\u00edfico<\/p>\n<p>Forma de cor: preto, castanho, branco<\/p>\n<p>Dieta: Herb\u00edvoro<\/p>\n<p>Compat\u00edvel com Recife: Sim<\/p>\n<p>Condi\u00e7\u00f5es da \u00e1gua: sg 1,020-1,025, 72-78\u00b0 F, dKH 8-12, pH 8,1-8,4<\/p>\n<p>Fam\u00edlia: Blenniidae<\/p>\n<p>O Linear Blenny tamb\u00e9m \u00e9 conhecido como Lined Blenny. A metade inferior \u00e9 branca e a metade superior \u00e9 de colora\u00e7\u00e3o marrom a preta. Eles s\u00e3o um blenny menor. Os seus olhos muito grandes e a boca pequena conferem a estes peixes um aspecto muito c\u00f3mico. Linear Blennies s\u00e3o um \u00f3timo complemento para qualquer recife ou aqu\u00e1rio pac\u00edfico somente para peixes, grandes ou pequenos.<br \/>\nGeralmente encontrado entre fendas e rochas no fundo de seu ambiente, o Linear Blenny precisa de um tanque de pelo menos 30 gal\u00f5es com bastante rocha viva para pastar, empoleirar-se e se esconder. Eles n\u00e3o devem ser alojados com esp\u00e9cies agressivas que possam intimidar esses peixes e faz\u00ea-los se esconder.<\/p>\n<p>O Linear Blenny \u00e9 um candidato perfeito para o aqu\u00e1rio de recife e \u00e9 considerado seguro para recifes, mas pode beliscar os p\u00f3lipos ou bases de Acropora sp. e outros corais SPS. Se o aqu\u00e1rio dominado pelo SPS n\u00e3o estiver fortemente abastecido com col\u00f3nias maduras, estes peixes podem danificar Acropora sp. e Montipora sp. nessas exibi\u00e7\u00f5es.<\/p>\n<p>A dieta do Linear Blenny deve incluir mat\u00e9ria vegetal, incluindo alimentos congelados e secos contendo algas marinhas e verde-azuladas. Ele tamb\u00e9m se alimentar\u00e1 (e ajudar\u00e1 a controlar) as algas que crescem no aqu\u00e1rio.<\/p>","protected":false},"excerpt":{"rendered":"<p>N\u00edvel de cuidado: f\u00e1cil Temperamento: Pac\u00edfico Forma de cor: preto, castanho, branco Dieta: Herb\u00edvoro Compat\u00edvel com Recife: Sim Condi\u00e7\u00f5es da \u00e1gua: sg 1,020-1,025, 72-78\u00b0 F, dKH 8-12, pH 8,1-8,4 Fam\u00edlia: Blenniidae O Linear Blenny tamb\u00e9m \u00e9 conhecido como Lined Blenny. A metade inferior \u00e9 branca e a metade superior \u00e9 de colora\u00e7\u00e3o marrom a preta. &hellip;<\/p>\n<p class=\"read-more\"> <a class=\"\" href=\"https:\/\/pfkeepers.com\/english\/product\/dot-dash-blenny-ecsenius-lineatus\/\"> <span class=\"screen-reader-text\">Dot Dash Blenny &#8211; Ecsenius lineatus<\/span> Read More &raquo;<\/a><\/p>","protected":false},"featured_media":54266,"template":"","meta":{"site-sidebar-layout":"default","site-content-layout":"","ast-site-content-layout":"","site-content-style":"default","site-sidebar-style":"default","ast-global-header-display":"","ast-banner-title-visibility":"","ast-main-header-display":"","ast-hfb-above-header-display":"","ast-hfb-below-header-display":"","ast-hfb-mobile-header-display":"","site-post-title":"","ast-breadcrumbs-content":"","ast-featured-img":"","footer-sml-layout":"","theme-transparent-header-meta":"","adv-header-id-meta":"","stick-header-meta":"","header-above-stick-meta":"","header-main-stick-meta":"","header-below-stick-meta":"","astra-migrate-meta-layouts":""},"product_cat":[1355],"product_tag":[],"_links":{"self":[{"href":"https:\/\/pfkeepers.com\/english\/wp-json\/wp\/v2\/product\/54265"}],"collection":[{"href":"https:\/\/pfkeepers.com\/english\/wp-json\/wp\/v2\/product"}],"about":[{"href":"https:\/\/pfkeepers.com\/english\/wp-json\/wp\/v2\/types\/product"}],"wp:featuredmedia":[{"embeddable":true,"href":"https:\/\/pfkeepers.com\/english\/wp-json\/wp\/v2\/media\/54266"}],"wp:attachment":[{"href":"https:\/\/pfkeepers.com\/english\/wp-json\/wp\/v2\/media?parent=54265"}],"wp:term":[{"taxonomy":"product_cat","embeddable":true,"href":"https:\/\/pfkeepers.com\/english\/wp-json\/wp\/v2\/product_cat?post=54265"},{"taxonomy":"product_tag","embeddable":true,"href":"https:\/\/pfkeepers.com\/english\/wp-json\/wp\/v2\/product_tag?post=54265"}],"curies":[{"name":"wp","href":"https:\/\/api.w.org\/{rel}","templated":true}]}}