{"id":54199,"date":"2024-03-04T16:13:10","date_gmt":"2024-03-04T16:13:10","guid":{"rendered":"https:\/\/pfkeepers.com\/produto\/strideways-pro-co2-regulator\/"},"modified":"2026-04-19T00:49:58","modified_gmt":"2026-04-19T00:49:58","slug":"strideways-pro-co2-regulator","status":"publish","type":"product","link":"https:\/\/pfkeepers.com\/english\/product\/strideways-pro-co2-regulator\/","title":{"rendered":"Strideways PRO CO2 Regulator"},"content":{"rendered":"<p>Strideways PRO CO2 Regulator<\/p>\n<p>Redutor de press\u00e3o e regulador de CO2 profissional.<\/p>\n<p>O carbono \u00e9 um dos &#8220;ingredientes&#8221; b\u00e1sicos de todos os organismos vivos.<\/p>\n<p>As plantas usam-no durante a fotoss\u00edntese para obter a energia e crescer.<\/p>\n<p>Num aqu\u00e1rio pequeno com pouca ilumina\u00e7\u00e3o, o CO2 gerado pela respira\u00e7\u00e3o dos peixes e as bact\u00e9rias \u00e9 suficiente para manter uma popula\u00e7\u00e3o pouco abundante de plantas, mas elas limitam o seu crescimento por falta de nutrientes.<\/p>\n<p>O CO2 dentro da garrafa encontra-se a uma press\u00e3o muito alta, portanto necessitas um regulador de press\u00e3o para controlar o g\u00e1s que \u00e9 enviado ao aqu\u00e1rio.<\/p>\n<p>Este regulador destaca-se!<\/p>\n<p>&#8211; Design minimalista;<br \/>\n&#8211; Fonte de alimenta\u00e7\u00e3o com conex\u00e3o USB;<br \/>\n&#8211; Ajuste de CO2 muito preciso;<br \/>\n&#8211; Plug and Play.<\/p>\n<p>Caracter\u00edsticas t\u00e9cnicas principais:<\/p>\n<p>&#8211; Ajuste de alta precis\u00e3o, v\u00e1lvula de agulha integrada com ajuste suave e preciso;<\/p>\n<p>&#8211; Conta bolhas inclu\u00eddo;<\/p>\n<p>&#8211; Robusto e muito resistente;<\/p>\n<p>&#8211; Fonte de alimenta\u00e7\u00e3o com certifica\u00e7\u00e3o alem\u00e3. Baixa pot\u00eancia (3W), v\u00e1lvula solen\u00f3ide IP65;<\/p>\n<p>&#8211; Design minimalista, bonito e simples de usar;<\/p>\n<p>&#8211; Anel de veda\u00e7\u00e3o de alta qualidade. Duas vezes mais resistente em compara\u00e7\u00e3o com a veda\u00e7\u00e3o comum;<\/p>\n<p>&#8211; Conex\u00e3o DIN 447 \/ W21.8&#215;14.<\/p>\n<p> Inclu\u00ed na caixa:<\/p>\n<p>Man\u00f3metro;<br \/>\nV\u00e1lvula de agulha;<br \/>\nv\u00e1lvula solen\u00f3ide;<br \/>\nfonte de alimenta\u00e7\u00e3o;<br \/>\nconta-bolhas.<\/p>","protected":false},"excerpt":{"rendered":"<p>Strideways PRO CO2 Regulator Redutor de press\u00e3o e regulador de CO2 profissional. O carbono \u00e9 um dos &#8220;ingredientes&#8221; b\u00e1sicos de todos os organismos vivos. As plantas usam-no durante a fotoss\u00edntese para obter a energia e crescer. Num aqu\u00e1rio pequeno com pouca ilumina\u00e7\u00e3o, o CO2 gerado pela respira\u00e7\u00e3o dos peixes e as bact\u00e9rias \u00e9 suficiente para &hellip;<\/p>\n<p class=\"read-more\"> <a class=\"\" href=\"https:\/\/pfkeepers.com\/english\/product\/strideways-pro-co2-regulator\/\"> <span class=\"screen-reader-text\">Strideways PRO CO2 Regulator<\/span> Read More &raquo;<\/a><\/p>","protected":false},"featured_media":54200,"template":"","meta":{"site-sidebar-layout":"default","site-content-layout":"","ast-site-content-layout":"default","site-content-style":"default","site-sidebar-style":"default","ast-global-header-display":"","ast-banner-title-visibility":"","ast-main-header-display":"","ast-hfb-above-header-display":"","ast-hfb-below-header-display":"","ast-hfb-mobile-header-display":"","site-post-title":"","ast-breadcrumbs-content":"","ast-featured-img":"","footer-sml-layout":"","theme-transparent-header-meta":"default","adv-header-id-meta":"","stick-header-meta":"","header-above-stick-meta":"","header-main-stick-meta":"","header-below-stick-meta":"","astra-migrate-meta-layouts":"set"},"product_cat":[1403],"product_tag":[1048],"_links":{"self":[{"href":"https:\/\/pfkeepers.com\/english\/wp-json\/wp\/v2\/product\/54199"}],"collection":[{"href":"https:\/\/pfkeepers.com\/english\/wp-json\/wp\/v2\/product"}],"about":[{"href":"https:\/\/pfkeepers.com\/english\/wp-json\/wp\/v2\/types\/product"}],"wp:featuredmedia":[{"embeddable":true,"href":"https:\/\/pfkeepers.com\/english\/wp-json\/wp\/v2\/media\/54200"}],"wp:attachment":[{"href":"https:\/\/pfkeepers.com\/english\/wp-json\/wp\/v2\/media?parent=54199"}],"wp:term":[{"taxonomy":"product_cat","embeddable":true,"href":"https:\/\/pfkeepers.com\/english\/wp-json\/wp\/v2\/product_cat?post=54199"},{"taxonomy":"product_tag","embeddable":true,"href":"https:\/\/pfkeepers.com\/english\/wp-json\/wp\/v2\/product_tag?post=54199"}],"curies":[{"name":"wp","href":"https:\/\/api.w.org\/{rel}","templated":true}]}}