{"id":54161,"date":"2024-03-04T16:12:06","date_gmt":"2024-03-04T16:12:06","guid":{"rendered":"https:\/\/pfkeepers.com\/produto\/fluval-clearmax-300g-3x100g-pack\/"},"modified":"2025-02-27T21:47:21","modified_gmt":"2025-02-27T21:47:21","slug":"fluval-clearmax-300g-3x100g-pack","status":"publish","type":"product","link":"https:\/\/pfkeepers.com\/english\/product\/fluval-clearmax-300g-3x100g-pack\/","title":{"rendered":"Fluval Clearmax 300g  3x100g Pack"},"content":{"rendered":"<p>Ele captura fosfatos, nitritos e nitratos, resultando em \u00e1gua cristalina. Sacos de 3 x 100 g (3 x 3,32 oz).<\/p>\n<p>FILTRAGEM QU\u00cdMICA<\/p>\n<p>Altera ativamente as caracter\u00edsticas da \u00e1gua por meio de rea\u00e7\u00f5es qu\u00edmicas deliberadas<\/p>\n<p>Filtra\u00e7\u00e3o qu\u00edmica \u00e9 o processo de remo\u00e7\u00e3o de contaminantes, como cloro, descolora\u00e7\u00e3o, impurezas da \u00e1gua da torneira e outros materiais residuais dissolvidos atrav\u00e9s de rea\u00e7\u00f5es qu\u00edmicas. Para que a filtragem qu\u00edmica seja mais eficiente, a \u00e1gua deve passar pela filtra\u00e7\u00e3o mec\u00e2nica do filtro primeiro. Os tipos de meios de filtra\u00e7\u00e3o qu\u00edmica incluem: carbono ativo, removedor de am\u00f4nia e Zeo-Carb.<\/p>\n<p>MEIOS DE FILTRAGEM QU\u00cdMICA<br \/>\nCLEARMAX<\/p>","protected":false},"excerpt":{"rendered":"<p>Ele captura fosfatos, nitritos e nitratos, resultando em \u00e1gua cristalina. Sacos de 3 x 100 g (3 x 3,32 oz). FILTRAGEM QU\u00cdMICA Altera ativamente as caracter\u00edsticas da \u00e1gua por meio de rea\u00e7\u00f5es qu\u00edmicas deliberadas Filtra\u00e7\u00e3o qu\u00edmica \u00e9 o processo de remo\u00e7\u00e3o de contaminantes, como cloro, descolora\u00e7\u00e3o, impurezas da \u00e1gua da torneira e outros materiais residuais &hellip;<\/p>\n<p class=\"read-more\"> <a class=\"\" href=\"https:\/\/pfkeepers.com\/english\/product\/fluval-clearmax-300g-3x100g-pack\/\"> <span class=\"screen-reader-text\">Fluval Clearmax 300g  3x100g Pack<\/span> Read More &raquo;<\/a><\/p>","protected":false},"featured_media":54162,"template":"","meta":{"site-sidebar-layout":"default","site-content-layout":"","ast-site-content-layout":"default","site-content-style":"default","site-sidebar-style":"default","ast-global-header-display":"","ast-banner-title-visibility":"","ast-main-header-display":"","ast-hfb-above-header-display":"","ast-hfb-below-header-display":"","ast-hfb-mobile-header-display":"","site-post-title":"","ast-breadcrumbs-content":"","ast-featured-img":"","footer-sml-layout":"","theme-transparent-header-meta":"default","adv-header-id-meta":"","stick-header-meta":"","header-above-stick-meta":"","header-main-stick-meta":"","header-below-stick-meta":"","astra-migrate-meta-layouts":"set"},"product_cat":[1583],"product_tag":[738],"_links":{"self":[{"href":"https:\/\/pfkeepers.com\/english\/wp-json\/wp\/v2\/product\/54161"}],"collection":[{"href":"https:\/\/pfkeepers.com\/english\/wp-json\/wp\/v2\/product"}],"about":[{"href":"https:\/\/pfkeepers.com\/english\/wp-json\/wp\/v2\/types\/product"}],"wp:featuredmedia":[{"embeddable":true,"href":"https:\/\/pfkeepers.com\/english\/wp-json\/wp\/v2\/media\/54162"}],"wp:attachment":[{"href":"https:\/\/pfkeepers.com\/english\/wp-json\/wp\/v2\/media?parent=54161"}],"wp:term":[{"taxonomy":"product_cat","embeddable":true,"href":"https:\/\/pfkeepers.com\/english\/wp-json\/wp\/v2\/product_cat?post=54161"},{"taxonomy":"product_tag","embeddable":true,"href":"https:\/\/pfkeepers.com\/english\/wp-json\/wp\/v2\/product_tag?post=54161"}],"curies":[{"name":"wp","href":"https:\/\/api.w.org\/{rel}","templated":true}]}}