{"id":54126,"date":"2024-03-04T16:11:06","date_gmt":"2024-03-04T16:11:06","guid":{"rendered":"https:\/\/pfkeepers.com\/produto\/kong-dental-stick-small\/"},"modified":"2024-12-18T19:20:15","modified_gmt":"2024-12-18T19:20:15","slug":"kong-dental-stick-small","status":"publish","type":"product","link":"https:\/\/pfkeepers.com\/english\/product\/kong-dental-stick-small\/","title":{"rendered":"Kong Dental Stick Small"},"content":{"rendered":"<p>O KONG Dental Stick tem um design divertido e \u00e9 ideal para jogos de pegar e mastigar. Feito de borracha KONG Classic, este brinquedo ajuda a satisfazer seu instinto natural de mastiga\u00e7\u00e3o. Denta-Ridges ajudam a limpar dentes e gengivas e podem ser preenchidos com KONG Easy Treat para uma experi\u00eancia mais enriquecedora.<\/p>\n<p>Barra forte e segura que satisfaz os instintos naturais de mastiga\u00e7\u00e3o<br \/>\nDenta-Ridges din\u00e2micas patenteadas que limpam dentes e gengivas<br \/>\nEncha Denta-Ridges com lanches, macarr\u00e3o ou manteiga de amendoim para estender as sess\u00f5es de jogo<\/p>","protected":false},"excerpt":{"rendered":"<p>O KONG Dental Stick tem um design divertido e \u00e9 ideal para jogos de pegar e mastigar. Feito de borracha KONG Classic, este brinquedo ajuda a satisfazer seu instinto natural de mastiga\u00e7\u00e3o. Denta-Ridges ajudam a limpar dentes e gengivas e podem ser preenchidos com KONG Easy Treat para uma experi\u00eancia mais enriquecedora. Barra forte e &hellip;<\/p>\n<p class=\"read-more\"> <a class=\"\" href=\"https:\/\/pfkeepers.com\/english\/product\/kong-dental-stick-small\/\"> <span class=\"screen-reader-text\">Kong Dental Stick Small<\/span> Read More &raquo;<\/a><\/p>","protected":false},"featured_media":54127,"template":"","meta":{"site-sidebar-layout":"default","site-content-layout":"","ast-site-content-layout":"","site-content-style":"default","site-sidebar-style":"default","ast-global-header-display":"","ast-banner-title-visibility":"","ast-main-header-display":"","ast-hfb-above-header-display":"","ast-hfb-below-header-display":"","ast-hfb-mobile-header-display":"","site-post-title":"","ast-breadcrumbs-content":"","ast-featured-img":"","footer-sml-layout":"","theme-transparent-header-meta":"","adv-header-id-meta":"","stick-header-meta":"","header-above-stick-meta":"","header-main-stick-meta":"","header-below-stick-meta":"","astra-migrate-meta-layouts":""},"product_cat":[658],"product_tag":[919],"_links":{"self":[{"href":"https:\/\/pfkeepers.com\/english\/wp-json\/wp\/v2\/product\/54126"}],"collection":[{"href":"https:\/\/pfkeepers.com\/english\/wp-json\/wp\/v2\/product"}],"about":[{"href":"https:\/\/pfkeepers.com\/english\/wp-json\/wp\/v2\/types\/product"}],"wp:featuredmedia":[{"embeddable":true,"href":"https:\/\/pfkeepers.com\/english\/wp-json\/wp\/v2\/media\/54127"}],"wp:attachment":[{"href":"https:\/\/pfkeepers.com\/english\/wp-json\/wp\/v2\/media?parent=54126"}],"wp:term":[{"taxonomy":"product_cat","embeddable":true,"href":"https:\/\/pfkeepers.com\/english\/wp-json\/wp\/v2\/product_cat?post=54126"},{"taxonomy":"product_tag","embeddable":true,"href":"https:\/\/pfkeepers.com\/english\/wp-json\/wp\/v2\/product_tag?post=54126"}],"curies":[{"name":"wp","href":"https:\/\/api.w.org\/{rel}","templated":true}]}}