{"id":54066,"date":"2024-03-04T16:09:25","date_gmt":"2024-03-04T16:09:25","guid":{"rendered":"https:\/\/pfkeepers.com\/produto\/aquatlantis-explorer-vienna-42l-s-led-e-filtro\/"},"modified":"2026-04-18T03:37:02","modified_gmt":"2026-04-18T03:37:02","slug":"aquatlantis-explorer-vienna-42l-s-led-e-filtro","status":"publish","type":"product","link":"https:\/\/pfkeepers.com\/english\/product\/aquatlantis-explorer-vienna-42l-s-led-e-filtro\/","title":{"rendered":"Aquatlantis Explorer Vienna 42L (s\u00f3 aqu\u00e1rio)"},"content":{"rendered":"<p>AQU\u00c1RIOS EXPLORER<br \/>\n50x25x33cm<br \/>\nDimens\u00f5es<br \/>\n(CxLxA)<br \/>\n42L<br \/>\nVolume<br \/>\n34L<br \/>\nCapacidade<br \/>\nA nova linha Explorer foi desenvolvida a pensar em p\u00fablicos-alvo diferentes: Inclui aqu\u00e1rios adequados para as crian\u00e7as, aqu\u00e1rios para os iniciantes na aquariofilia e aqu\u00e1rios indicados para os mais experientes. Est\u00e1, por isso, dividida em 8 modelos diferentes com 5 fant\u00e1sticas cores. A sua tampa com linhas mais minimalistas confere um visual mais actual a estes novos modelos. Venha descobri-los!<\/p>\n<p>Aqu\u00e1rio com tampa, sem equipamentos inclu\u00eddos.<\/p>","protected":false},"excerpt":{"rendered":"<p>AQU\u00c1RIOS EXPLORER 50x25x33cm Dimens\u00f5es (CxLxA) 42L Volume 34L Capacidade A nova linha Explorer foi desenvolvida a pensar em p\u00fablicos-alvo diferentes: Inclui aqu\u00e1rios adequados para as crian\u00e7as, aqu\u00e1rios para os iniciantes na aquariofilia e aqu\u00e1rios indicados para os mais experientes. Est\u00e1, por isso, dividida em 8 modelos diferentes com 5 fant\u00e1sticas cores. A sua tampa com &hellip;<\/p>\n<p class=\"read-more\"> <a class=\"\" href=\"https:\/\/pfkeepers.com\/english\/product\/aquatlantis-explorer-vienna-42l-s-led-e-filtro\/\"> <span class=\"screen-reader-text\">Aquatlantis Explorer Vienna 42L (s\u00f3 aqu\u00e1rio)<\/span> Read More &raquo;<\/a><\/p>","protected":false},"featured_media":358200,"template":"","meta":{"site-sidebar-layout":"default","site-content-layout":"","ast-site-content-layout":"default","site-content-style":"default","site-sidebar-style":"default","ast-global-header-display":"","ast-banner-title-visibility":"","ast-main-header-display":"","ast-hfb-above-header-display":"","ast-hfb-below-header-display":"","ast-hfb-mobile-header-display":"","site-post-title":"","ast-breadcrumbs-content":"","ast-featured-img":"","footer-sml-layout":"","theme-transparent-header-meta":"default","adv-header-id-meta":"","stick-header-meta":"","header-above-stick-meta":"","header-main-stick-meta":"","header-below-stick-meta":"","astra-migrate-meta-layouts":"set"},"product_cat":[1389],"product_tag":[780],"_links":{"self":[{"href":"https:\/\/pfkeepers.com\/english\/wp-json\/wp\/v2\/product\/54066"}],"collection":[{"href":"https:\/\/pfkeepers.com\/english\/wp-json\/wp\/v2\/product"}],"about":[{"href":"https:\/\/pfkeepers.com\/english\/wp-json\/wp\/v2\/types\/product"}],"wp:featuredmedia":[{"embeddable":true,"href":"https:\/\/pfkeepers.com\/english\/wp-json\/wp\/v2\/media\/358200"}],"wp:attachment":[{"href":"https:\/\/pfkeepers.com\/english\/wp-json\/wp\/v2\/media?parent=54066"}],"wp:term":[{"taxonomy":"product_cat","embeddable":true,"href":"https:\/\/pfkeepers.com\/english\/wp-json\/wp\/v2\/product_cat?post=54066"},{"taxonomy":"product_tag","embeddable":true,"href":"https:\/\/pfkeepers.com\/english\/wp-json\/wp\/v2\/product_tag?post=54066"}],"curies":[{"name":"wp","href":"https:\/\/api.w.org\/{rel}","templated":true}]}}