{"id":54045,"date":"2024-03-04T16:08:48","date_gmt":"2024-03-04T16:08:48","guid":{"rendered":"https:\/\/pfkeepers.com\/produto\/jbl-aquarium-thermometer-float\/"},"modified":"2026-04-18T03:36:37","modified_gmt":"2026-04-18T03:36:37","slug":"jbl-aquarium-thermometer-float","status":"publish","type":"product","link":"https:\/\/pfkeepers.com\/english\/product\/jbl-aquarium-thermometer-float\/","title":{"rendered":"JBL Aquarium Thermometer Float"},"content":{"rendered":"<p>Peixes e plantas saud\u00e1veis Os peixes dependem de uma temperatura ambiente correta, uma vez que sendo animais de sangue frio, n\u00e3o conseguem regular a sua temperatura corporal por si mesmos. As fun\u00e7\u00f5es vitais dos animais poiquilot\u00e9rmicos diminuem com a diminui\u00e7\u00e3o da temperatura. A temperatura correta do aqu\u00e1rio \u00e9, portanto, deveras importante para garantir uma ingest\u00e3o de alimentos perfeita e um bom funcionamento do metabolismo. Dependendo da origem dos peixes, a temperatura, em que estes se sentem confort\u00e1veis, varia. Com o JBL term\u00f3metro para aqu\u00e1rios, a temperatura est\u00e1 sempre \u00e0 vista.<br \/>\nMedi\u00e7\u00e3o precisa O term\u00f3metro de vidro possui uma identifica\u00e7\u00e3o da gama de temperatura ideal. \u00c9 f\u00e1cil de colocar no aqu\u00e1rio com um suporte de ventosa, se n\u00e3o estiver fixo o term\u00f3metro flutua verticalmente.<\/p>","protected":false},"excerpt":{"rendered":"<p>Peixes e plantas saud\u00e1veis Os peixes dependem de uma temperatura ambiente correta, uma vez que sendo animais de sangue frio, n\u00e3o conseguem regular a sua temperatura corporal por si mesmos. As fun\u00e7\u00f5es vitais dos animais poiquilot\u00e9rmicos diminuem com a diminui\u00e7\u00e3o da temperatura. A temperatura correta do aqu\u00e1rio \u00e9, portanto, deveras importante para garantir uma ingest\u00e3o &hellip;<\/p>\n<p class=\"read-more\"> <a class=\"\" href=\"https:\/\/pfkeepers.com\/english\/product\/jbl-aquarium-thermometer-float\/\"> <span class=\"screen-reader-text\">JBL Aquarium Thermometer Float<\/span> Read More &raquo;<\/a><\/p>","protected":false},"featured_media":54046,"template":"","meta":{"site-sidebar-layout":"default","site-content-layout":"","ast-site-content-layout":"default","site-content-style":"default","site-sidebar-style":"default","ast-global-header-display":"","ast-banner-title-visibility":"","ast-main-header-display":"","ast-hfb-above-header-display":"","ast-hfb-below-header-display":"","ast-hfb-mobile-header-display":"","site-post-title":"","ast-breadcrumbs-content":"","ast-featured-img":"","footer-sml-layout":"","theme-transparent-header-meta":"default","adv-header-id-meta":"","stick-header-meta":"","header-above-stick-meta":"","header-main-stick-meta":"","header-below-stick-meta":"","astra-migrate-meta-layouts":"set"},"product_cat":[1572],"product_tag":[910],"_links":{"self":[{"href":"https:\/\/pfkeepers.com\/english\/wp-json\/wp\/v2\/product\/54045"}],"collection":[{"href":"https:\/\/pfkeepers.com\/english\/wp-json\/wp\/v2\/product"}],"about":[{"href":"https:\/\/pfkeepers.com\/english\/wp-json\/wp\/v2\/types\/product"}],"wp:featuredmedia":[{"embeddable":true,"href":"https:\/\/pfkeepers.com\/english\/wp-json\/wp\/v2\/media\/54046"}],"wp:attachment":[{"href":"https:\/\/pfkeepers.com\/english\/wp-json\/wp\/v2\/media?parent=54045"}],"wp:term":[{"taxonomy":"product_cat","embeddable":true,"href":"https:\/\/pfkeepers.com\/english\/wp-json\/wp\/v2\/product_cat?post=54045"},{"taxonomy":"product_tag","embeddable":true,"href":"https:\/\/pfkeepers.com\/english\/wp-json\/wp\/v2\/product_tag?post=54045"}],"curies":[{"name":"wp","href":"https:\/\/api.w.org\/{rel}","templated":true}]}}