{"id":54009,"date":"2024-03-04T16:07:51","date_gmt":"2024-03-04T16:07:51","guid":{"rendered":"https:\/\/pfkeepers.com\/produto\/chromis-blue-reef-chromis-cyanea\/"},"modified":"2026-04-19T00:47:54","modified_gmt":"2026-04-19T00:47:54","slug":"chromis-blue-reef-chromis-cyanea","status":"publish","type":"product","link":"https:\/\/pfkeepers.com\/english\/product\/chromis-blue-reef-chromis-cyanea\/","title":{"rendered":"Chromis Blue Reef &#8211; Chromis cyanea"},"content":{"rendered":"<p>The Blue Chromis (Chromis cyanea) is a relatively peaceful caribbean damselfish that shows an intense blue coloration. It can reach sizes of up to 10 cm. While Chromis are known as a schooling fish, especially when young, they become territoial when they age and form pairs. There are no external cues for telling genders apart. Keeping groups is only advised in larger tanks where each fish can have its own territory. In the wild, they live in reefs where they can escape into the coral thicket in case of danger. They will accept frozen foods and other common aquarium fish feeds.<\/p>","protected":false},"excerpt":{"rendered":"<p>O Chromis azul (Chromis cyanea) \u00e9 um peixe-donzela das Cara\u00edbas relativamente pac\u00edfico que apresenta uma colora\u00e7\u00e3o azul intensa. Pode atingir tamanhos at\u00e9 10 cm. Embora os Chromis sejam conhecidos como peixes de cardume, especialmente quando jovens, tornam-se territoriais quando envelhecem e formam pares. N\u00e3o h\u00e1 sinais externos para diferenciar os g\u00e9neros. Manter grupos s\u00f3 \u00e9 &hellip;<\/p>\n<p class=\"read-more\"> <a class=\"\" href=\"https:\/\/pfkeepers.com\/english\/product\/chromis-blue-reef-chromis-cyanea\/\"> <span class=\"screen-reader-text\">Chromis Blue Reef &#8211; Chromis cyanea<\/span> Read More &raquo;<\/a><\/p>","protected":false},"featured_media":54010,"template":"","meta":{"site-sidebar-layout":"default","site-content-layout":"","ast-site-content-layout":"","site-content-style":"default","site-sidebar-style":"default","ast-global-header-display":"","ast-banner-title-visibility":"","ast-main-header-display":"","ast-hfb-above-header-display":"","ast-hfb-below-header-display":"","ast-hfb-mobile-header-display":"","site-post-title":"","ast-breadcrumbs-content":"","ast-featured-img":"","footer-sml-layout":"","theme-transparent-header-meta":"","adv-header-id-meta":"","stick-header-meta":"","header-above-stick-meta":"","header-main-stick-meta":"","header-below-stick-meta":"","astra-migrate-meta-layouts":""},"product_cat":[1355],"product_tag":[],"_links":{"self":[{"href":"https:\/\/pfkeepers.com\/english\/wp-json\/wp\/v2\/product\/54009"}],"collection":[{"href":"https:\/\/pfkeepers.com\/english\/wp-json\/wp\/v2\/product"}],"about":[{"href":"https:\/\/pfkeepers.com\/english\/wp-json\/wp\/v2\/types\/product"}],"wp:featuredmedia":[{"embeddable":true,"href":"https:\/\/pfkeepers.com\/english\/wp-json\/wp\/v2\/media\/54010"}],"wp:attachment":[{"href":"https:\/\/pfkeepers.com\/english\/wp-json\/wp\/v2\/media?parent=54009"}],"wp:term":[{"taxonomy":"product_cat","embeddable":true,"href":"https:\/\/pfkeepers.com\/english\/wp-json\/wp\/v2\/product_cat?post=54009"},{"taxonomy":"product_tag","embeddable":true,"href":"https:\/\/pfkeepers.com\/english\/wp-json\/wp\/v2\/product_tag?post=54009"}],"curies":[{"name":"wp","href":"https:\/\/api.w.org\/{rel}","templated":true}]}}