{"id":53987,"date":"2024-03-04T16:07:16","date_gmt":"2024-03-04T16:07:16","guid":{"rendered":"https:\/\/pfkeepers.com\/produto\/taiwan-blue-bolt-caridina-logemanni\/"},"modified":"2026-04-19T00:47:49","modified_gmt":"2026-04-19T00:47:49","slug":"taiwan-blue-bolt-caridina-logemanni","status":"publish","type":"product","link":"https:\/\/pfkeepers.com\/english\/product\/taiwan-blue-bolt-caridina-logemanni\/","title":{"rendered":"Taiwan Blue Bolt &#8211; Caridina logemanni"},"content":{"rendered":"<p>Visualiza\u00e7\u00e3o r\u00e1pida<br \/>\nNome cient\u00edfico: Caridina logemanni \u2018Blue Bolt\u2019   Familia: Atyidae   Origem: Reprodu\u00e7\u00e3o selectiva<br \/>\nTamanho adulto: 2-3cm<br \/>\nSociabilidade: Animais de grupo \/ Bastante pac\u00edficos<br \/>\nReprodu\u00e7\u00e3o: Poss\u00edvel \/ Totalmente em \u00e1gua doce<\/p>\n<p>Par\u00e2metros da \u00e1gua<br \/>\nPH: 5.2-6.8<br \/>\nDureza Total: 4-7 \u00badGh<br \/>\nDureza Carbonatada: 0-2 \u00badKh<br \/>\nTDS: 120-200<br \/>\nTemperatura: 19\u00baC-24\u00baC<\/p>","protected":false},"excerpt":{"rendered":"<p>Visualiza\u00e7\u00e3o r\u00e1pida Nome cient\u00edfico: Caridina logemanni \u2018Blue Bolt\u2019 Familia: Atyidae Origem: Reprodu\u00e7\u00e3o selectiva Tamanho adulto: 2-3cm Sociabilidade: Animais de grupo \/ Bastante pac\u00edficos Reprodu\u00e7\u00e3o: Poss\u00edvel \/ Totalmente em \u00e1gua doce Par\u00e2metros da \u00e1gua PH: 5.2-6.8 Dureza Total: 4-7 \u00badGh Dureza Carbonatada: 0-2 \u00badKh TDS: 120-200 Temperatura: 19\u00baC-24\u00baC<\/p>","protected":false},"featured_media":53988,"template":"","meta":{"site-sidebar-layout":"default","site-content-layout":"","ast-site-content-layout":"","site-content-style":"default","site-sidebar-style":"default","ast-global-header-display":"","ast-banner-title-visibility":"","ast-main-header-display":"","ast-hfb-above-header-display":"","ast-hfb-below-header-display":"","ast-hfb-mobile-header-display":"","site-post-title":"","ast-breadcrumbs-content":"","ast-featured-img":"","footer-sml-layout":"","theme-transparent-header-meta":"","adv-header-id-meta":"","stick-header-meta":"","header-above-stick-meta":"","header-main-stick-meta":"","header-below-stick-meta":"","astra-migrate-meta-layouts":""},"product_cat":[1368],"product_tag":[],"_links":{"self":[{"href":"https:\/\/pfkeepers.com\/english\/wp-json\/wp\/v2\/product\/53987"}],"collection":[{"href":"https:\/\/pfkeepers.com\/english\/wp-json\/wp\/v2\/product"}],"about":[{"href":"https:\/\/pfkeepers.com\/english\/wp-json\/wp\/v2\/types\/product"}],"wp:featuredmedia":[{"embeddable":true,"href":"https:\/\/pfkeepers.com\/english\/wp-json\/wp\/v2\/media\/53988"}],"wp:attachment":[{"href":"https:\/\/pfkeepers.com\/english\/wp-json\/wp\/v2\/media?parent=53987"}],"wp:term":[{"taxonomy":"product_cat","embeddable":true,"href":"https:\/\/pfkeepers.com\/english\/wp-json\/wp\/v2\/product_cat?post=53987"},{"taxonomy":"product_tag","embeddable":true,"href":"https:\/\/pfkeepers.com\/english\/wp-json\/wp\/v2\/product_tag?post=53987"}],"curies":[{"name":"wp","href":"https:\/\/api.w.org\/{rel}","templated":true}]}}