{"id":53986,"date":"2024-03-04T16:07:15","date_gmt":"2024-03-04T16:07:15","guid":{"rendered":"https:\/\/pfkeepers.com\/produto\/seachem-stability-500ml\/"},"modified":"2026-04-19T00:47:43","modified_gmt":"2026-04-19T00:47:43","slug":"seachem-stability-500ml","status":"publish","type":"product","link":"https:\/\/pfkeepers.com\/english\/product\/seachem-stability-500ml\/","title":{"rendered":"Seachem Stability 500ml"},"content":{"rendered":"<p>O Seachem Stability estabelecer\u00e1 de forma r\u00e1pida e segura o biofiltro do aqu\u00e1rio em sistemas de \u00e1gua doce e marinhos, evitando assim a 1\u00aa causa da morte do peixe: \u201cs\u00edndrome do tanque novo\u201d. Stability\u00ae \u00e9 formulado especificamente para o aqu\u00e1rio e cont\u00e9m uma mistura sin\u00e9rgica de bact\u00e9rias aer\u00f3bicas, anaer\u00f3bicas e facultativas que facilitam a degrada\u00e7\u00e3o de res\u00edduos org\u00e2nicos, am\u00f4nia, nitrito e nitrato. A bact\u00e9ria empregada pela Stability \u00e9 n\u00e3o-enxofre e n\u00e3o produzir\u00e1 sulfureto de hidrog\u00eanio t\u00f3xico. Stability \u00e9 completamente inofensivo para todos os organismos aqu\u00e1ticos, bem como plantas aqu\u00e1ticas, portanto, n\u00e3o h\u00e1 perigo de uso excessivo. Stability \u00e9 o ponto culminante de quase uma d\u00e9cada de pesquisa e desenvolvimento e representa o estado atual da arte na gest\u00e3o biol\u00f3gica natural.<\/p>\n<p>A bact\u00e9ria utilizada em produtos concorrentes \u00e9 intrinsecamente inst\u00e1vel. As condi\u00e7\u00f5es necess\u00e1rias para o seu crescimento e desenvolvimento caem em uma gama muito estreita de temperaturas, pH, cargas org\u00e2nicas, etc. Quando qualquer um desses par\u00e2metros n\u00e3o est\u00e1 estritamente na faixa adequada, a cultura bacteriana rapidamente cai e morre. Stability\u00ae n\u00e3o cont\u00e9m nenhuma das bact\u00e9rias acima mencionadas.<\/p>\n<p>Instru\u00e7\u00f5es<br \/>\nAgitar antes de usar. Desligue UV \/ oz\u00f4nio. Use 1 tampa (5 mL) por cada 40 L no primeiro dia com um novo aqu\u00e1rio. Em seguida, use 1 tampa para cada 80 L por dia durante 7 dias. Peixe e outras esp\u00e9cies aqu\u00e1ticas podem ser introduzidos a qualquer momento desde que a dosagem seja mantida por 7 dias. Para o desempenho ideal do biofiltro, use 1 tampa para cada 80 L uma vez por m\u00eas ou com cada mudan\u00e7a de \u00e1gua e sempre que apresente novos peixes ou sempre que medicar um aqu\u00e1rio. A vida \u00fatil do produto \u00e9 de 4 anos a partir da data de fabrica\u00e7\u00e3o, veja a data de validade abaixo.<\/p>\n<p>Seachem Stability\u00ae deve idealmente ser usada em conjunto com filtra\u00e7\u00e3o biol\u00f3gica, como Seachem Matrix \u2122 . Para o controle de am\u00f4nia de emerg\u00eancia, use Seachem AmGuard \u2122.<\/p>","protected":false},"excerpt":{"rendered":"<p>O Seachem Stability estabelecer\u00e1 de forma r\u00e1pida e segura o biofiltro do aqu\u00e1rio em sistemas de \u00e1gua doce e marinhos, evitando assim a 1\u00aa causa da morte do peixe: \u201cs\u00edndrome do tanque novo\u201d. Stability\u00ae \u00e9 formulado especificamente para o aqu\u00e1rio e cont\u00e9m uma mistura sin\u00e9rgica de bact\u00e9rias aer\u00f3bicas, anaer\u00f3bicas e facultativas que facilitam a degrada\u00e7\u00e3o &hellip;<\/p>\n<p class=\"read-more\"> <a class=\"\" href=\"https:\/\/pfkeepers.com\/english\/product\/seachem-stability-500ml\/\"> <span class=\"screen-reader-text\">Seachem Stability 500ml<\/span> Read More &raquo;<\/a><\/p>","protected":false},"featured_media":57450,"template":"","meta":{"site-sidebar-layout":"default","site-content-layout":"","ast-site-content-layout":"","site-content-style":"default","site-sidebar-style":"default","ast-global-header-display":"","ast-banner-title-visibility":"","ast-main-header-display":"","ast-hfb-above-header-display":"","ast-hfb-below-header-display":"","ast-hfb-mobile-header-display":"","site-post-title":"","ast-breadcrumbs-content":"","ast-featured-img":"","footer-sml-layout":"","theme-transparent-header-meta":"","adv-header-id-meta":"","stick-header-meta":"","header-above-stick-meta":"","header-main-stick-meta":"","header-below-stick-meta":"","astra-migrate-meta-layouts":""},"product_cat":[1489],"product_tag":[1037],"_links":{"self":[{"href":"https:\/\/pfkeepers.com\/english\/wp-json\/wp\/v2\/product\/53986"}],"collection":[{"href":"https:\/\/pfkeepers.com\/english\/wp-json\/wp\/v2\/product"}],"about":[{"href":"https:\/\/pfkeepers.com\/english\/wp-json\/wp\/v2\/types\/product"}],"wp:featuredmedia":[{"embeddable":true,"href":"https:\/\/pfkeepers.com\/english\/wp-json\/wp\/v2\/media\/57450"}],"wp:attachment":[{"href":"https:\/\/pfkeepers.com\/english\/wp-json\/wp\/v2\/media?parent=53986"}],"wp:term":[{"taxonomy":"product_cat","embeddable":true,"href":"https:\/\/pfkeepers.com\/english\/wp-json\/wp\/v2\/product_cat?post=53986"},{"taxonomy":"product_tag","embeddable":true,"href":"https:\/\/pfkeepers.com\/english\/wp-json\/wp\/v2\/product_tag?post=53986"}],"curies":[{"name":"wp","href":"https:\/\/api.w.org\/{rel}","templated":true}]}}