{"id":53965,"date":"2024-03-04T16:06:38","date_gmt":"2024-03-04T16:06:38","guid":{"rendered":"https:\/\/pfkeepers.com\/produto\/lobelia-cardinalis-pot-tropica\/"},"modified":"2026-04-19T00:47:25","modified_gmt":"2026-04-19T00:47:25","slug":"lobelia-cardinalis-pot-tropica","status":"publish","type":"product","link":"https:\/\/pfkeepers.com\/english\/product\/lobelia-cardinalis-pot-tropica\/","title":{"rendered":"Lobelia cardinalis pot Tropica"},"content":{"rendered":"<p>Lobelia cardinalis cresce selvagem na Am\u00e9rica do Norte. No viveiro, esta planta \u00e9 cultivada em condi\u00e7\u00f5es pantanosas, formando folhas verde-escuras e roxas por baixo. Em aqu\u00e1rios, as folhas adquirem um belo tom de verde-claro, com caules de 10 a 30 cm de altura e 5 a 10 cm de largura.<\/p>\n<p>Amplamente utilizado em aqu\u00e1rios holandeses nas chamadas &#8220;ruas de plantas&#8221;. Em aqu\u00e1rios abertos cresce acima da superf\u00edcie da \u00e1gua, onde forma lindas flores escarlates e as folhas recuperam sua cor. Pode ser usado em lagos de jardim.<\/p>\n<p>Tipo: Haste<br \/>\nOrigem: Am\u00e9rica do Norte<br \/>\nTaxa de crescimento: m\u00e9dia<br \/>\nAltura: 20 &#8211; 30+<br \/>\nDemanda de luz: baixa<br \/>\nCO2: baixo<\/p>","protected":false},"excerpt":{"rendered":"<p>Lobelia cardinalis cresce selvagem na Am\u00e9rica do Norte. No viveiro, esta planta \u00e9 cultivada em condi\u00e7\u00f5es pantanosas, formando folhas verde-escuras e roxas por baixo. Em aqu\u00e1rios, as folhas adquirem um belo tom de verde-claro, com caules de 10 a 30 cm de altura e 5 a 10 cm de largura. Amplamente utilizado em aqu\u00e1rios holandeses &hellip;<\/p>\n<p class=\"read-more\"> <a class=\"\" href=\"https:\/\/pfkeepers.com\/english\/product\/lobelia-cardinalis-pot-tropica\/\"> <span class=\"screen-reader-text\">Lobelia cardinalis pot Tropica<\/span> Read More &raquo;<\/a><\/p>","protected":false},"featured_media":53966,"template":"","meta":{"site-sidebar-layout":"default","site-content-layout":"","ast-site-content-layout":"default","site-content-style":"default","site-sidebar-style":"default","ast-global-header-display":"","ast-banner-title-visibility":"","ast-main-header-display":"","ast-hfb-above-header-display":"","ast-hfb-below-header-display":"","ast-hfb-mobile-header-display":"","site-post-title":"","ast-breadcrumbs-content":"","ast-featured-img":"","footer-sml-layout":"","theme-transparent-header-meta":"default","adv-header-id-meta":"","stick-header-meta":"","header-above-stick-meta":"","header-main-stick-meta":"","header-below-stick-meta":"","astra-migrate-meta-layouts":"set"},"product_cat":[1511],"product_tag":[1064],"_links":{"self":[{"href":"https:\/\/pfkeepers.com\/english\/wp-json\/wp\/v2\/product\/53965"}],"collection":[{"href":"https:\/\/pfkeepers.com\/english\/wp-json\/wp\/v2\/product"}],"about":[{"href":"https:\/\/pfkeepers.com\/english\/wp-json\/wp\/v2\/types\/product"}],"wp:featuredmedia":[{"embeddable":true,"href":"https:\/\/pfkeepers.com\/english\/wp-json\/wp\/v2\/media\/53966"}],"wp:attachment":[{"href":"https:\/\/pfkeepers.com\/english\/wp-json\/wp\/v2\/media?parent=53965"}],"wp:term":[{"taxonomy":"product_cat","embeddable":true,"href":"https:\/\/pfkeepers.com\/english\/wp-json\/wp\/v2\/product_cat?post=53965"},{"taxonomy":"product_tag","embeddable":true,"href":"https:\/\/pfkeepers.com\/english\/wp-json\/wp\/v2\/product_tag?post=53965"}],"curies":[{"name":"wp","href":"https:\/\/api.w.org\/{rel}","templated":true}]}}