{"id":53920,"date":"2024-03-04T16:05:23","date_gmt":"2024-03-04T16:05:23","guid":{"rendered":"https:\/\/pfkeepers.com\/produto\/jbl-novolotl-m-250ml\/"},"modified":"2025-02-27T21:41:57","modified_gmt":"2025-02-27T21:41:57","slug":"jbl-novolotl-m-250ml","status":"publish","type":"product","link":"https:\/\/pfkeepers.com\/english\/product\/jbl-novolotl-m-250ml\/","title":{"rendered":"JBL NovoLotl M 250ml"},"content":{"rendered":"<p>Os axolotes pertencem aos anf\u00edbios, tais como os trit\u00f5es e os sapos. Ao contr\u00e1rio do resto dos anf\u00edbios, mant\u00eam o seu estado larvar com um tufo externo na guelra durante toda a sua vida. Os axolotes prov\u00eam originalmente de um lago no M\u00e9xico, que se encontrava em elevada altitude, possuindo, portanto, baixas temperaturas em torno de 20 \u00b0C. Hoje, a Cidade do M\u00e9xico expandiu-se, de modo que o lago se encontra dentro de cidade. Devido \u00e0 coleta de lixo e outras polui\u00e7\u00f5es, o lago n\u00e3o cont\u00e9m quase nenhum organismo vivo. O axolote \u00e9 declarado extinto no seu habitat original.<\/p>\n<p>Prote\u00e7\u00e3o dos animais acima de tudo<br \/>\nSem processamento de farinha de peixe de baixo custo. Utiliza\u00e7\u00e3o de carne de peixe de produ\u00e7\u00e3o de filetes, de acordo com o mote: o filete grande para as pessoas, o filete pequeno para os habitantes do aqu\u00e1rio. A JBL apoia desde h\u00e1 anos a maior organiza\u00e7\u00e3o internacional de prote\u00e7\u00e3o de tubar\u00f5es &#8220;Shark Project&#8221;.<\/p>\n<p>Outras boas raz\u00f5es para usar alimentos da JBL:<br \/>\n&#8211; Utiliza\u00e7\u00e3o de prote\u00ednas de peixe de alta qualidade, sem farinha de peixe de baixo custo<br \/>\n&#8211; Propor\u00e7\u00e3o ideal entre prote\u00edna e gordura<br \/>\n&#8211; Principalmente prote\u00ednas de animais aqu\u00e1ticos<br \/>\n&#8211; Redu\u00e7\u00e3o do crescimento de algas e crescimento \u00f3timo dos os habitantes do aqu\u00e1rio atrav\u00e9s do teor de fosfato adaptado<br \/>\n&#8211; Aceita\u00e7\u00e3o espantosa pelos habitantes na \u00e1gua: expedi\u00e7\u00f5es de investiga\u00e7\u00e3o com experi\u00eancias de alimenta\u00e7\u00e3o de animais no estado selvagem<br \/>\n&#8211; Perda inferior de vitaminas gra\u00e7as a embalagens hermeticamente fechadas<\/p>\n<p>Na vanguarda atrav\u00e9s da investiga\u00e7\u00e3o<br \/>\nOs resultados das expedi\u00e7\u00f5es de investiga\u00e7\u00e3o da JBL, juntamente com os conhecimentos da equipa de investiga\u00e7\u00e3o e desenvolvimento da JBL, revelaram misturas de alimentos equilibrados e ideais, com base em ingredientes de alta qualidade.<\/p>\n<p>Recomenda\u00e7\u00e3o de alimenta\u00e7\u00e3o<br \/>\n1 &#8211; 2 x por dia, alimentando em quantidade que possa ser devorada em poucos minutos.<\/p>\n<p>As latas de alimento fechadas t\u00eam validade de 3 anos, abertas, podem ser utilizadas durante 4 meses, no m\u00e1x., dado perderem vitaminas importantes.<\/p>","protected":false},"excerpt":{"rendered":"<p>Os axolotes pertencem aos anf\u00edbios, tais como os trit\u00f5es e os sapos. Ao contr\u00e1rio do resto dos anf\u00edbios, mant\u00eam o seu estado larvar com um tufo externo na guelra durante toda a sua vida. Os axolotes prov\u00eam originalmente de um lago no M\u00e9xico, que se encontrava em elevada altitude, possuindo, portanto, baixas temperaturas em torno &hellip;<\/p>\n<p class=\"read-more\"> <a class=\"\" href=\"https:\/\/pfkeepers.com\/english\/product\/jbl-novolotl-m-250ml\/\"> <span class=\"screen-reader-text\">JBL NovoLotl M 250ml<\/span> Read More &raquo;<\/a><\/p>","protected":false},"featured_media":53921,"template":"","meta":{"site-sidebar-layout":"default","site-content-layout":"","ast-site-content-layout":"","site-content-style":"default","site-sidebar-style":"default","ast-global-header-display":"","ast-banner-title-visibility":"","ast-main-header-display":"","ast-hfb-above-header-display":"","ast-hfb-below-header-display":"","ast-hfb-mobile-header-display":"","site-post-title":"","ast-breadcrumbs-content":"","ast-featured-img":"","footer-sml-layout":"","theme-transparent-header-meta":"","adv-header-id-meta":"","stick-header-meta":"","header-above-stick-meta":"","header-main-stick-meta":"","header-below-stick-meta":"","astra-migrate-meta-layouts":""},"product_cat":[1479],"product_tag":[910],"_links":{"self":[{"href":"https:\/\/pfkeepers.com\/english\/wp-json\/wp\/v2\/product\/53920"}],"collection":[{"href":"https:\/\/pfkeepers.com\/english\/wp-json\/wp\/v2\/product"}],"about":[{"href":"https:\/\/pfkeepers.com\/english\/wp-json\/wp\/v2\/types\/product"}],"wp:featuredmedia":[{"embeddable":true,"href":"https:\/\/pfkeepers.com\/english\/wp-json\/wp\/v2\/media\/53921"}],"wp:attachment":[{"href":"https:\/\/pfkeepers.com\/english\/wp-json\/wp\/v2\/media?parent=53920"}],"wp:term":[{"taxonomy":"product_cat","embeddable":true,"href":"https:\/\/pfkeepers.com\/english\/wp-json\/wp\/v2\/product_cat?post=53920"},{"taxonomy":"product_tag","embeddable":true,"href":"https:\/\/pfkeepers.com\/english\/wp-json\/wp\/v2\/product_tag?post=53920"}],"curies":[{"name":"wp","href":"https:\/\/api.w.org\/{rel}","templated":true}]}}