{"id":53912,"date":"2024-03-04T16:05:11","date_gmt":"2024-03-04T16:05:11","guid":{"rendered":"https:\/\/pfkeepers.com\/produto\/fluval-fx4-filtro-externo\/"},"modified":"2026-04-19T00:46:57","modified_gmt":"2026-04-19T00:46:57","slug":"fluval-fx4-filtro-externo","status":"publish","type":"product","link":"https:\/\/pfkeepers.com\/english\/product\/fluval-fx4-filtro-externo\/","title":{"rendered":"Fluval FX4 External Filter"},"content":{"rendered":"<p>O nov\u00edssimo filtro externo para aqu\u00e1rios at\u00e9 1000L Fluval FX4 da not\u00e1vel s\u00e9rie FX, caracterizado pela sua efici\u00eancia e fiabilidade, \u00e9 potente mas mais compacto do que o modelo FX6. O Fluval FX4 para aqu\u00e1rios at\u00e9 1000L preenche a lacuna entre o Filtro Externo Fluval 406 e o Filtro Externo FX6. Por isso, \u00e9 ideal para aqueles que possuem aqu\u00e1rios com at\u00e9 1000 L (250 US gal.).<\/p>\n<p>Os cestos empilh\u00e1veis de meios filtrantes est\u00e3o no centro da filtra\u00e7\u00e3o Fluval de m\u00faltiplos est\u00e1gios. Estes cestos de grande capacidade permitem-lhe empilhar os meios filtrantes numa ordem precisa de acordo com o que melhor se adapta ao seu aqu\u00e1rio.<\/p>\n<p>Os filtros FX de nova gera\u00e7\u00e3o cont\u00eam mais dois cestos do que os modelos antigos para proporcionar uma filtragem vers\u00e1til e de alta capacidade.<\/p>\n<p>Caracter\u00edsticas do Fluval FX4 para aqu\u00e1rios at\u00e9 1000L :<br \/>\n&#8211; Filtro externo para aqu\u00e1rio Fluval FX4<br \/>\n&#8211; Para aqu\u00e1rios at\u00e9 1000 l\/h<br \/>\n&#8211; Capacidade da bomba 2650 l\/h, 30W<br \/>\n&#8211; Caudal de \u00e1gua filtrada: 1700 l\/h<br \/>\n&#8211; Volume de filtra\u00e7\u00e3o: 14L<br \/>\n&#8211; Dimens\u00f5es: 40 x 40 x 40 x 40 x 40 x 42 cm (C x L x A)<br \/>\n&#8211; Materiais filtrantes inclu\u00eddos: 4 espumas de filtro, 1 espuma de filtro Bio Fam, 1 espuma de carbono, 2 Biomax (suporte bacteriano)<\/p>","protected":false},"excerpt":{"rendered":"<p>O nov\u00edssimo filtro externo para aqu\u00e1rios at\u00e9 1000L Fluval FX4 da not\u00e1vel s\u00e9rie FX, caracterizado pela sua efici\u00eancia e fiabilidade, \u00e9 potente mas mais compacto do que o modelo FX6. O Fluval FX4 para aqu\u00e1rios at\u00e9 1000L preenche a lacuna entre o Filtro Externo Fluval 406 e o Filtro Externo FX6. Por isso, \u00e9 ideal &hellip;<\/p>\n<p class=\"read-more\"> <a class=\"\" href=\"https:\/\/pfkeepers.com\/english\/product\/fluval-fx4-filtro-externo\/\"> <span class=\"screen-reader-text\">Fluval FX4 External Filter<\/span> Read More &raquo;<\/a><\/p>","protected":false},"featured_media":53913,"template":"","meta":{"site-sidebar-layout":"default","site-content-layout":"","ast-site-content-layout":"","site-content-style":"default","site-sidebar-style":"default","ast-global-header-display":"","ast-banner-title-visibility":"","ast-main-header-display":"","ast-hfb-above-header-display":"","ast-hfb-below-header-display":"","ast-hfb-mobile-header-display":"","site-post-title":"","ast-breadcrumbs-content":"","ast-featured-img":"","footer-sml-layout":"","theme-transparent-header-meta":"","adv-header-id-meta":"","stick-header-meta":"","header-above-stick-meta":"","header-main-stick-meta":"","header-below-stick-meta":"","astra-migrate-meta-layouts":""},"product_cat":[1472],"product_tag":[738],"_links":{"self":[{"href":"https:\/\/pfkeepers.com\/english\/wp-json\/wp\/v2\/product\/53912"}],"collection":[{"href":"https:\/\/pfkeepers.com\/english\/wp-json\/wp\/v2\/product"}],"about":[{"href":"https:\/\/pfkeepers.com\/english\/wp-json\/wp\/v2\/types\/product"}],"wp:featuredmedia":[{"embeddable":true,"href":"https:\/\/pfkeepers.com\/english\/wp-json\/wp\/v2\/media\/53913"}],"wp:attachment":[{"href":"https:\/\/pfkeepers.com\/english\/wp-json\/wp\/v2\/media?parent=53912"}],"wp:term":[{"taxonomy":"product_cat","embeddable":true,"href":"https:\/\/pfkeepers.com\/english\/wp-json\/wp\/v2\/product_cat?post=53912"},{"taxonomy":"product_tag","embeddable":true,"href":"https:\/\/pfkeepers.com\/english\/wp-json\/wp\/v2\/product_tag?post=53912"}],"curies":[{"name":"wp","href":"https:\/\/api.w.org\/{rel}","templated":true}]}}