{"id":53876,"date":"2024-03-04T16:04:14","date_gmt":"2024-03-04T16:04:14","guid":{"rendered":"https:\/\/pfkeepers.com\/produto\/firefish-purple-nemateleotris-exquisita\/"},"modified":"2026-04-19T00:46:39","modified_gmt":"2026-04-19T00:46:39","slug":"firefish-purple-nemateleotris-exquisita","status":"publish","type":"product","link":"https:\/\/pfkeepers.com\/english\/product\/firefish-purple-nemateleotris-exquisita\/","title":{"rendered":"Firefish Purple &#8211; Nemateleotris exquisita"},"content":{"rendered":"<p>N\u00edvel de cuidado: F\u00e1cil<\/p>\n<p>Temperamento: Pac\u00edfico<\/p>\n<p>Forma de cor: roxo, vermelho, branco, amarelo<\/p>\n<p>Dieta: Carn\u00edvora<\/p>\n<p>Compat\u00edvel com recifes: Sim<\/p>\n<p>Condi\u00e7\u00f5es da \u00e1gua: 72-78\u00b0 F, dKH 8-12, pH 8,1-8,4, sg 1,020-1,025<\/p>\n<p>m\u00e1x. Tamanho: 3&#8243;<\/p>\n<p>Origem: Maldivas<\/p>\n<p>Fam\u00edlia: Gobiidae<\/p>\n<p>Tamanho m\u00ednimo do tanque: 20 gal\u00f5es<\/p>\n<p>O Exquisite Firefish, \u00e9 o parente do Oceano \u00cdndico Ocidental do Firefish Roxo mais comum e de apar\u00eancia semelhante (Nemateleotris decora), mas \u00e9 amarelo mais brilhante do que o Firefish Roxo do Pac\u00edfico Ocidental. O Exquisite Firefish tamb\u00e9m \u00e9 conhecido por habitar \u00e1guas mais profundas e crescer um pouco mais do que o Western Pacific Purple Firefish. Outras caracter\u00edsticas distintivas do Exquisite Firefish incluem ser um pouco mais esguio, ter uma face mais curta e primeira barbatana dorsal.<br \/>\nRequer um aqu\u00e1rio de 20 gal\u00f5es ou maior com bastante cascalho de coral solto como parte do paisagismo e uma tampa bem ajustada para evitar que ele pule para fora do tanque. Raramente se tornar\u00e1 agressivo com outros peixes, mas \u00e9 territorial e lutar\u00e1 com sua pr\u00f3pria esp\u00e9cie, a menos que sejam um casal acasalado.<\/p>\n<p>O Exquisite Firefish se alimentar\u00e1 principalmente de presas suspensas na coluna d&#8217;\u00e1gua, mas colher\u00e1 comida do substrato. Sua dieta variada deve consistir em camar\u00e3o mysis enriquecido, art\u00eamia enriquecida, frutos do mar picados ou raspados e prepara\u00e7\u00f5es de alimentos congelados para carn\u00edvoros. A colora\u00e7\u00e3o vibrante pode desaparecer sob ilumina\u00e7\u00e3o intensa e se a dieta n\u00e3o for enriquecida com suplementos vitam\u00ednicos.<\/p>","protected":false},"excerpt":{"rendered":"<p>N\u00edvel de cuidado: F\u00e1cil Temperamento: Pac\u00edfico Forma de cor: roxo, vermelho, branco, amarelo Dieta: Carn\u00edvora Compat\u00edvel com recifes: Sim Condi\u00e7\u00f5es da \u00e1gua: 72-78\u00b0 F, dKH 8-12, pH 8,1-8,4, sg 1,020-1,025 m\u00e1x. Tamanho: 3&#8243; Origem: Maldivas Fam\u00edlia: Gobiidae Tamanho m\u00ednimo do tanque: 20 gal\u00f5es O Exquisite Firefish, \u00e9 o parente do Oceano \u00cdndico Ocidental do Firefish &hellip;<\/p>\n<p class=\"read-more\"> <a class=\"\" href=\"https:\/\/pfkeepers.com\/english\/product\/firefish-purple-nemateleotris-exquisita\/\"> <span class=\"screen-reader-text\">Firefish Purple &#8211; Nemateleotris exquisita<\/span> Read More &raquo;<\/a><\/p>","protected":false},"featured_media":53877,"template":"","meta":{"site-sidebar-layout":"default","site-content-layout":"","ast-site-content-layout":"default","site-content-style":"default","site-sidebar-style":"default","ast-global-header-display":"","ast-banner-title-visibility":"","ast-main-header-display":"","ast-hfb-above-header-display":"","ast-hfb-below-header-display":"","ast-hfb-mobile-header-display":"","site-post-title":"","ast-breadcrumbs-content":"","ast-featured-img":"","footer-sml-layout":"","theme-transparent-header-meta":"default","adv-header-id-meta":"","stick-header-meta":"","header-above-stick-meta":"","header-main-stick-meta":"","header-below-stick-meta":"","astra-migrate-meta-layouts":"set"},"product_cat":[1355],"product_tag":[],"_links":{"self":[{"href":"https:\/\/pfkeepers.com\/english\/wp-json\/wp\/v2\/product\/53876"}],"collection":[{"href":"https:\/\/pfkeepers.com\/english\/wp-json\/wp\/v2\/product"}],"about":[{"href":"https:\/\/pfkeepers.com\/english\/wp-json\/wp\/v2\/types\/product"}],"wp:featuredmedia":[{"embeddable":true,"href":"https:\/\/pfkeepers.com\/english\/wp-json\/wp\/v2\/media\/53877"}],"wp:attachment":[{"href":"https:\/\/pfkeepers.com\/english\/wp-json\/wp\/v2\/media?parent=53876"}],"wp:term":[{"taxonomy":"product_cat","embeddable":true,"href":"https:\/\/pfkeepers.com\/english\/wp-json\/wp\/v2\/product_cat?post=53876"},{"taxonomy":"product_tag","embeddable":true,"href":"https:\/\/pfkeepers.com\/english\/wp-json\/wp\/v2\/product_tag?post=53876"}],"curies":[{"name":"wp","href":"https:\/\/api.w.org\/{rel}","templated":true}]}}