{"id":53862,"date":"2024-03-04T16:03:46","date_gmt":"2024-03-04T16:03:46","guid":{"rendered":"https:\/\/pfkeepers.com\/produto\/ocean-nutrition-nano-reef-food-15g\/"},"modified":"2026-04-18T03:34:47","modified_gmt":"2026-04-18T03:34:47","slug":"ocean-nutrition-nano-reef-food-15g","status":"publish","type":"product","link":"https:\/\/pfkeepers.com\/english\/product\/ocean-nutrition-nano-reef-food-15g\/","title":{"rendered":"Ocean Nutrition Nano Reef Food 15g"},"content":{"rendered":"<p>Este pellet de afundamento lento de alta qualidade (+\/- 0,95 mm) \u00e9 embalado com atrativos naturais para garantir uma aceita\u00e7\u00e3o r\u00e1pida. Cada pellet cont\u00e9m espirulina para real\u00e7ar as cores naturais, alho para melhorar a resist\u00eancia a doen\u00e7as e um alto teor de HUFA (\u00e1cidos graxos altamente insaturados) e vitaminas. Este pellet macio e \u00famido \u00e9 ideal para peixes pequenos. Os peixes devem ser alimentados 2 a 3 vezes por dia. Alimente apenas a quantidade de comida que seu peixe consumir\u00e1 em tr\u00eas minutos.<\/p>\n<p>Atrativos naturais garantem uma aceita\u00e7\u00e3o r\u00e1pida.<br \/>\nReal\u00e7a as cores dos peixes. Imunoestimulantes.<br \/>\nPequenos gr\u00e2nulos macios e \u00famidos de afundamento lento. N\u00e3o turva a \u00e1gua.<br \/>\nValor nutricional ideal. Cont\u00e9m algas Spirulina e alho.<br \/>\nAlto teor de HUFA (\u00c1cidos Graxos Altamente Insaturados) e rico em vitaminas.<\/p>","protected":false},"excerpt":{"rendered":"<p>Este pellet de afundamento lento de alta qualidade (+\/- 0,95 mm) \u00e9 embalado com atrativos naturais para garantir uma aceita\u00e7\u00e3o r\u00e1pida. Cada pellet cont\u00e9m espirulina para real\u00e7ar as cores naturais, alho para melhorar a resist\u00eancia a doen\u00e7as e um alto teor de HUFA (\u00e1cidos graxos altamente insaturados) e vitaminas. Este pellet macio e \u00famido \u00e9 &hellip;<\/p>\n<p class=\"read-more\"> <a class=\"\" href=\"https:\/\/pfkeepers.com\/english\/product\/ocean-nutrition-nano-reef-food-15g\/\"> <span class=\"screen-reader-text\">Ocean Nutrition Nano Reef Food 15g<\/span> Read More &raquo;<\/a><\/p>","protected":false},"featured_media":53863,"template":"","meta":{"site-sidebar-layout":"default","site-content-layout":"","ast-site-content-layout":"","site-content-style":"default","site-sidebar-style":"default","ast-global-header-display":"","ast-banner-title-visibility":"","ast-main-header-display":"","ast-hfb-above-header-display":"","ast-hfb-below-header-display":"","ast-hfb-mobile-header-display":"","site-post-title":"","ast-breadcrumbs-content":"","ast-featured-img":"","footer-sml-layout":"","theme-transparent-header-meta":"","adv-header-id-meta":"","stick-header-meta":"","header-above-stick-meta":"","header-main-stick-meta":"","header-below-stick-meta":"","astra-migrate-meta-layouts":""},"product_cat":[1820],"product_tag":[978],"_links":{"self":[{"href":"https:\/\/pfkeepers.com\/english\/wp-json\/wp\/v2\/product\/53862"}],"collection":[{"href":"https:\/\/pfkeepers.com\/english\/wp-json\/wp\/v2\/product"}],"about":[{"href":"https:\/\/pfkeepers.com\/english\/wp-json\/wp\/v2\/types\/product"}],"wp:featuredmedia":[{"embeddable":true,"href":"https:\/\/pfkeepers.com\/english\/wp-json\/wp\/v2\/media\/53863"}],"wp:attachment":[{"href":"https:\/\/pfkeepers.com\/english\/wp-json\/wp\/v2\/media?parent=53862"}],"wp:term":[{"taxonomy":"product_cat","embeddable":true,"href":"https:\/\/pfkeepers.com\/english\/wp-json\/wp\/v2\/product_cat?post=53862"},{"taxonomy":"product_tag","embeddable":true,"href":"https:\/\/pfkeepers.com\/english\/wp-json\/wp\/v2\/product_tag?post=53862"}],"curies":[{"name":"wp","href":"https:\/\/api.w.org\/{rel}","templated":true}]}}