{"id":53851,"date":"2024-03-04T16:03:25","date_gmt":"2024-03-04T16:03:25","guid":{"rendered":"https:\/\/pfkeepers.com\/produto\/aquael-filter-ultramax-1500\/"},"modified":"2025-02-27T21:40:35","modified_gmt":"2025-02-27T21:40:35","slug":"aquael-filter-ultramax-1500","status":"publish","type":"product","link":"https:\/\/pfkeepers.com\/english\/product\/aquael-filter-ultramax-1500\/","title":{"rendered":"AquaEL Filter ULTRAMAX 1500"},"content":{"rendered":"<p>AQUAEL ULTRAMAX 1500 efic\u00e1cia de filtragem para aqu\u00e1rios de 250 a 450 litros de volume. Com um pr\u00e9-filtro volumoso de 1,5 litros de capacidade reduzimos a frequ\u00eancia das manuten\u00e7\u00f5es. A limpeza do pr\u00e9-filtro torna-se muito simples sem que tenhamos de desmontar todo o filtro. O sistema de dupla v\u00e1lvula auxilia na desmontagem do filtro em caso de necessidade, permitindo a sua manuten\u00e7\u00e3o se que tenhamos derrame de \u00e1gua desnecess\u00e1rio. Para voltarmos a colocar o filtro em funcionamento podemos recorrer ao sistema de self-primming para retirar todo o ar do circuito, de forma descomplicada. Os filtros da s\u00e9rie ULTRAMAX possuem uma grande capacidade filtrante, com cestos de 1,9 litros de capacidade. Um baixo consumo energ\u00e9tico (apenas 16W) aliado a uma regula\u00e7\u00e3o do fluxo fazem do ULTRAMAX 1500 uma op\u00e7\u00e3o v\u00e1lida para qualquer tipo de aqu\u00e1rio.<\/p>\n<p>Inclui: mat\u00e9rias filtrantes Aquael Wool Max Pro Filter Floss, BioCeramax, Ultramax\/Maxikani Super Finish, 2x mangueiras de 1,5m, tubagens de liga\u00e7\u00e3o, ventosas, cesto de pr\u00e9-filtro, cotovelos. Pronto a funcionar.<\/p>\n<p>Ficha t\u00e9cnica:<\/p>\n<p>Dimens\u00f5es: 45,5x29x27 (CxLxP);<\/p>\n<p>D\u00e9bito: 1500L\/H;<\/p>\n<p>Pot\u00eancia: 16W;<\/p>\n<p>Altura m\u00e1xima do fluxo: 170cm;<\/p>\n<p>Espessura das mangueiras: 16\/22mm;<\/p>\n<p>Capacidade do filtro: 13,5 litros;<\/p>\n<p>Capacidade dos cestos; 1,9 litros;<\/p>\n<p>Quantidade de cestos: 4<\/p>","protected":false},"excerpt":{"rendered":"<p>AQUAEL ULTRAMAX 1500 efic\u00e1cia de filtragem para aqu\u00e1rios de 250 a 450 litros de volume. Com um pr\u00e9-filtro volumoso de 1,5 litros de capacidade reduzimos a frequ\u00eancia das manuten\u00e7\u00f5es. A limpeza do pr\u00e9-filtro torna-se muito simples sem que tenhamos de desmontar todo o filtro. O sistema de dupla v\u00e1lvula auxilia na desmontagem do filtro em &hellip;<\/p>\n<p class=\"read-more\"> <a class=\"\" href=\"https:\/\/pfkeepers.com\/english\/product\/aquael-filter-ultramax-1500\/\"> <span class=\"screen-reader-text\">AquaEL Filter ULTRAMAX 1500<\/span> Read More &raquo;<\/a><\/p>","protected":false},"featured_media":0,"template":"","meta":{"site-sidebar-layout":"default","site-content-layout":"","ast-site-content-layout":"","site-content-style":"default","site-sidebar-style":"default","ast-global-header-display":"","ast-banner-title-visibility":"","ast-main-header-display":"","ast-hfb-above-header-display":"","ast-hfb-below-header-display":"","ast-hfb-mobile-header-display":"","site-post-title":"","ast-breadcrumbs-content":"","ast-featured-img":"","footer-sml-layout":"","theme-transparent-header-meta":"","adv-header-id-meta":"","stick-header-meta":"","header-above-stick-meta":"","header-main-stick-meta":"","header-below-stick-meta":"","astra-migrate-meta-layouts":""},"product_cat":[1472],"product_tag":[767],"_links":{"self":[{"href":"https:\/\/pfkeepers.com\/english\/wp-json\/wp\/v2\/product\/53851"}],"collection":[{"href":"https:\/\/pfkeepers.com\/english\/wp-json\/wp\/v2\/product"}],"about":[{"href":"https:\/\/pfkeepers.com\/english\/wp-json\/wp\/v2\/types\/product"}],"wp:attachment":[{"href":"https:\/\/pfkeepers.com\/english\/wp-json\/wp\/v2\/media?parent=53851"}],"wp:term":[{"taxonomy":"product_cat","embeddable":true,"href":"https:\/\/pfkeepers.com\/english\/wp-json\/wp\/v2\/product_cat?post=53851"},{"taxonomy":"product_tag","embeddable":true,"href":"https:\/\/pfkeepers.com\/english\/wp-json\/wp\/v2\/product_tag?post=53851"}],"curies":[{"name":"wp","href":"https:\/\/api.w.org\/{rel}","templated":true}]}}