{"id":53835,"date":"2024-03-04T16:02:56","date_gmt":"2024-03-04T16:02:56","guid":{"rendered":"https:\/\/pfkeepers.com\/produto\/aquael-curved-tweezers-27cm\/"},"modified":"2026-04-19T00:45:58","modified_gmt":"2026-04-19T00:45:58","slug":"aquael-curved-tweezers-27cm","status":"publish","type":"product","link":"https:\/\/pfkeepers.com\/english\/product\/aquael-curved-tweezers-27cm\/","title":{"rendered":"AquaEl Curved Tweezers 27cm"},"content":{"rendered":"<p>Feito de a\u00e7o inoxid\u00e1vel elegante e dur\u00e1vel<br \/>\nPonta curva<br \/>\nSimplifica o m\u00e9todo de plantar<br \/>\n27 cm de comprimento<\/p>","protected":false},"excerpt":{"rendered":"<p>Feito de a\u00e7o inoxid\u00e1vel elegante e dur\u00e1vel Ponta curva Simplifica o m\u00e9todo de plantar 27 cm de comprimento<\/p>","protected":false},"featured_media":53836,"template":"","meta":{"site-sidebar-layout":"default","site-content-layout":"","ast-site-content-layout":"default","site-content-style":"default","site-sidebar-style":"default","ast-global-header-display":"","ast-banner-title-visibility":"","ast-main-header-display":"","ast-hfb-above-header-display":"","ast-hfb-below-header-display":"","ast-hfb-mobile-header-display":"","site-post-title":"","ast-breadcrumbs-content":"","ast-featured-img":"","footer-sml-layout":"","theme-transparent-header-meta":"default","adv-header-id-meta":"","stick-header-meta":"","header-above-stick-meta":"","header-main-stick-meta":"","header-below-stick-meta":"","astra-migrate-meta-layouts":"set"},"product_cat":[1565],"product_tag":[767],"_links":{"self":[{"href":"https:\/\/pfkeepers.com\/english\/wp-json\/wp\/v2\/product\/53835"}],"collection":[{"href":"https:\/\/pfkeepers.com\/english\/wp-json\/wp\/v2\/product"}],"about":[{"href":"https:\/\/pfkeepers.com\/english\/wp-json\/wp\/v2\/types\/product"}],"wp:featuredmedia":[{"embeddable":true,"href":"https:\/\/pfkeepers.com\/english\/wp-json\/wp\/v2\/media\/53836"}],"wp:attachment":[{"href":"https:\/\/pfkeepers.com\/english\/wp-json\/wp\/v2\/media?parent=53835"}],"wp:term":[{"taxonomy":"product_cat","embeddable":true,"href":"https:\/\/pfkeepers.com\/english\/wp-json\/wp\/v2\/product_cat?post=53835"},{"taxonomy":"product_tag","embeddable":true,"href":"https:\/\/pfkeepers.com\/english\/wp-json\/wp\/v2\/product_tag?post=53835"}],"curies":[{"name":"wp","href":"https:\/\/api.w.org\/{rel}","templated":true}]}}