{"id":53813,"date":"2024-03-04T16:02:21","date_gmt":"2024-03-04T16:02:21","guid":{"rendered":"https:\/\/pfkeepers.com\/produto\/tmc-algae-magnet-medium-up-to-10mm-glass\/"},"modified":"2025-04-17T15:02:28","modified_gmt":"2025-04-17T15:02:28","slug":"tmc-algae-magnet-medium-up-to-10mm-glass","status":"publish","type":"product","link":"https:\/\/pfkeepers.com\/english\/product\/tmc-algae-magnet-medium-up-to-10mm-glass\/","title":{"rendered":"TMC Algae Magnet Medium (up to 10mm glass)"},"content":{"rendered":"<p>Tamanho m\u00e9dio. Para vidro at\u00e9 10mm de espessura.<\/p>\n<p>Algae Magnet -Limpador de algas magn\u00e9tico de alta qualidade para aqu\u00e1rios de vidro<br \/>\n\u2022 Usa poderosos \u00edm\u00e3s de neod\u00edmio de terras raras para garantir a remo\u00e7\u00e3o sem esfor\u00e7o de algas<br \/>\n\u2022 Design ergon\u00f4mico exclusivo com grande superf\u00edcie de limpeza e l\u00e2minas remov\u00edveis &#8211; fornecido<br \/>\ncom 1 x pl\u00e1stico e 1 x l\u00e2mina de a\u00e7o inoxid\u00e1vel 316<\/p>","protected":false},"excerpt":{"rendered":"<p>Tamanho m\u00e9dio. Para vidro at\u00e9 10mm de espessura. Algae Magnet -Limpador de algas magn\u00e9tico de alta qualidade para aqu\u00e1rios de vidro \u2022 Usa poderosos \u00edm\u00e3s de neod\u00edmio de terras raras para garantir a remo\u00e7\u00e3o sem esfor\u00e7o de algas \u2022 Design ergon\u00f4mico exclusivo com grande superf\u00edcie de limpeza e l\u00e2minas remov\u00edveis &#8211; fornecido com 1 x &hellip;<\/p>\n<p class=\"read-more\"> <a class=\"\" href=\"https:\/\/pfkeepers.com\/english\/product\/tmc-algae-magnet-medium-up-to-10mm-glass\/\"> <span class=\"screen-reader-text\">TMC Algae Magnet Medium (up to 10mm glass)<\/span> Read More &raquo;<\/a><\/p>","protected":false},"featured_media":358560,"template":"","meta":{"site-sidebar-layout":"default","site-content-layout":"","ast-site-content-layout":"default","site-content-style":"default","site-sidebar-style":"default","ast-global-header-display":"","ast-banner-title-visibility":"","ast-main-header-display":"","ast-hfb-above-header-display":"","ast-hfb-below-header-display":"","ast-hfb-mobile-header-display":"","site-post-title":"","ast-breadcrumbs-content":"","ast-featured-img":"","footer-sml-layout":"","theme-transparent-header-meta":"default","adv-header-id-meta":"","stick-header-meta":"","header-above-stick-meta":"","header-main-stick-meta":"","header-below-stick-meta":"","astra-migrate-meta-layouts":"set"},"product_cat":[1569],"product_tag":[1058],"_links":{"self":[{"href":"https:\/\/pfkeepers.com\/english\/wp-json\/wp\/v2\/product\/53813"}],"collection":[{"href":"https:\/\/pfkeepers.com\/english\/wp-json\/wp\/v2\/product"}],"about":[{"href":"https:\/\/pfkeepers.com\/english\/wp-json\/wp\/v2\/types\/product"}],"wp:featuredmedia":[{"embeddable":true,"href":"https:\/\/pfkeepers.com\/english\/wp-json\/wp\/v2\/media\/358560"}],"wp:attachment":[{"href":"https:\/\/pfkeepers.com\/english\/wp-json\/wp\/v2\/media?parent=53813"}],"wp:term":[{"taxonomy":"product_cat","embeddable":true,"href":"https:\/\/pfkeepers.com\/english\/wp-json\/wp\/v2\/product_cat?post=53813"},{"taxonomy":"product_tag","embeddable":true,"href":"https:\/\/pfkeepers.com\/english\/wp-json\/wp\/v2\/product_tag?post=53813"}],"curies":[{"name":"wp","href":"https:\/\/api.w.org\/{rel}","templated":true}]}}