{"id":53786,"date":"2024-03-04T16:01:27","date_gmt":"2024-03-04T16:01:27","guid":{"rendered":"https:\/\/pfkeepers.com\/produto\/gold-rush-tang-ctenochaetus-tominiensis\/"},"modified":"2026-04-19T00:45:12","modified_gmt":"2026-04-19T00:45:12","slug":"gold-rush-tang-ctenochaetus-tominiensis","status":"publish","type":"product","link":"https:\/\/pfkeepers.com\/english\/product\/gold-rush-tang-ctenochaetus-tominiensis\/","title":{"rendered":"Gold Rush Tang &#8211; Ctenochaetus tominiensis"},"content":{"rendered":"<p>N\u00edvel de cuidado: moderado<\/p>\n<p>Temperamento: semi-agressivo<\/p>\n<p>Forma de Cor: Castanho<\/p>\n<p>Dieta: Herb\u00edvoro<\/p>\n<p>Compat\u00edvel com recifes: Sim<\/p>\n<p>Condi\u00e7\u00f5es da \u00e1gua: 72-78\u00b0 F, dKH 8-12, pH 8,1-8,4, sg 1,020-1,025<\/p>\n<p>m\u00e1x. Tamanho: 6&#8243;<\/p>\n<p>Origem: Fiji, Indon\u00e9sia, Filipinas, Ilhas Salom\u00e3o<\/p>\n<p>Fam\u00edlia: Acanthuridae<\/p>\n<p>O Bristleooth Tomini Tang, tamb\u00e9m conhecido como Tomini Surgeonfish, \u00e9 bronzeado combinado com reflexos amarelos, azuis e brancos quando jovem. Quando maduro, a cor do corpo se solidifica, a cauda torna-se azul e as barbatanas dorsal e anal s\u00e3o pontiagudas com uma tonalidade amarelo-ouro. A \u00e1rea acima dos olhos tem pequenas manchas douradas enquanto ostenta um semic\u00edrculo dourado abaixo.<br \/>\nUm aqu\u00e1rio de 70 gal\u00f5es ou maior \u00e9 necess\u00e1rio para fornecer bastante espa\u00e7o para nadar. \u00c9 agressivo com outros Tangs, mas pac\u00edfico com outros peixes.<\/p>\n<p>Embora os Tangs comam alimentos carnudos junto com os outros peixes do aqu\u00e1rio, \u00e9 importante que eles recebam muitas algas e algas marinhas. Isso fortalecer\u00e1 seu sistema imunol\u00f3gico, reduzir\u00e1 a agress\u00e3o e melhorar\u00e1 sua sa\u00fade geral. Ofere\u00e7a algas secas amarradas a uma pedra ou use um clipe de vegetais e alimente pelo menos 3 vezes por semana. Sea Veggies, Seaweed Salad e Ocean Nutrition s\u00e3o produtos ideais e muito f\u00e1ceis de usar.<\/p>","protected":false},"excerpt":{"rendered":"<p>N\u00edvel de cuidado: moderado Temperamento: semi-agressivo Forma de Cor: Castanho Dieta: Herb\u00edvoro Compat\u00edvel com recifes: Sim Condi\u00e7\u00f5es da \u00e1gua: 72-78\u00b0 F, dKH 8-12, pH 8,1-8,4, sg 1,020-1,025 m\u00e1x. Tamanho: 6&#8243; Origem: Fiji, Indon\u00e9sia, Filipinas, Ilhas Salom\u00e3o Fam\u00edlia: Acanthuridae O Bristleooth Tomini Tang, tamb\u00e9m conhecido como Tomini Surgeonfish, \u00e9 bronzeado combinado com reflexos amarelos, azuis e &hellip;<\/p>\n<p class=\"read-more\"> <a class=\"\" href=\"https:\/\/pfkeepers.com\/english\/product\/gold-rush-tang-ctenochaetus-tominiensis\/\"> <span class=\"screen-reader-text\">Gold Rush Tang &#8211; Ctenochaetus tominiensis<\/span> Read More &raquo;<\/a><\/p>","protected":false},"featured_media":53787,"template":"","meta":{"site-sidebar-layout":"default","site-content-layout":"","ast-site-content-layout":"default","site-content-style":"default","site-sidebar-style":"default","ast-global-header-display":"","ast-banner-title-visibility":"","ast-main-header-display":"","ast-hfb-above-header-display":"","ast-hfb-below-header-display":"","ast-hfb-mobile-header-display":"","site-post-title":"","ast-breadcrumbs-content":"","ast-featured-img":"","footer-sml-layout":"","theme-transparent-header-meta":"default","adv-header-id-meta":"","stick-header-meta":"","header-above-stick-meta":"","header-main-stick-meta":"","header-below-stick-meta":"","astra-migrate-meta-layouts":"set"},"product_cat":[1355],"product_tag":[],"_links":{"self":[{"href":"https:\/\/pfkeepers.com\/english\/wp-json\/wp\/v2\/product\/53786"}],"collection":[{"href":"https:\/\/pfkeepers.com\/english\/wp-json\/wp\/v2\/product"}],"about":[{"href":"https:\/\/pfkeepers.com\/english\/wp-json\/wp\/v2\/types\/product"}],"wp:featuredmedia":[{"embeddable":true,"href":"https:\/\/pfkeepers.com\/english\/wp-json\/wp\/v2\/media\/53787"}],"wp:attachment":[{"href":"https:\/\/pfkeepers.com\/english\/wp-json\/wp\/v2\/media?parent=53786"}],"wp:term":[{"taxonomy":"product_cat","embeddable":true,"href":"https:\/\/pfkeepers.com\/english\/wp-json\/wp\/v2\/product_cat?post=53786"},{"taxonomy":"product_tag","embeddable":true,"href":"https:\/\/pfkeepers.com\/english\/wp-json\/wp\/v2\/product_tag?post=53786"}],"curies":[{"name":"wp","href":"https:\/\/api.w.org\/{rel}","templated":true}]}}