{"id":53772,"date":"2024-03-04T16:01:02","date_gmt":"2024-03-04T16:01:02","guid":{"rendered":"https:\/\/pfkeepers.com\/produto\/seachem-pristine-30-bonus-325ml\/"},"modified":"2026-04-19T00:45:06","modified_gmt":"2026-04-19T00:45:06","slug":"seachem-pristine-30-bonus-325ml","status":"publish","type":"product","link":"https:\/\/pfkeepers.com\/english\/product\/seachem-pristine-30-bonus-325ml\/","title":{"rendered":"Seachem Pristine + 30% BONUS 325ML"},"content":{"rendered":"<p>Pristine\u2122 usa bioaumento, um m\u00e9todo natural (pr\u00f3bioticos) n\u00e3o qu\u00edmico, para melhorar a qualidade da \u00e1gua em aqu\u00e1rios maturados, eliminando res\u00edduos de alimentos, detritos e mat\u00e9ria org\u00e2nica, reduzindo am\u00f3nia, nitritos e nitratos, quer em \u00e1gua doce como em \u00e1gua salgada. O Pristine\u2122 ir\u00e1 competir pelo consumo destes res\u00edduos com bact\u00e9rias prejudiciais, tais como cianobact\u00e9rias, acabando por eliminar estas col\u00f3nias prejudiciais. Pristine\u2122 melhora a cristalinidade da \u00e1gua e promove uma sa\u00fade geral em qualquer ambiente aqu\u00e1tico.<\/p>\n<p>As esp\u00e9cies de bact\u00e9rias contidas no Pristine\u2122 desenvolvem-se em \u00e1gua doce ou salgada, eliminando um largo espectro de compostos org\u00e2nicos, incluindo gorduras que podem formar pel\u00edculas \u00e0 superf\u00edcie. Os biopol\u00edmeros produzidos por estas col\u00f3nias de bact\u00e9rias eliminam part\u00edculas em suspens\u00e3o, melhorando a cristalinidade da \u00e1gua. Ao contr\u00e1rio de outras bact\u00e9rias nitrificantes, esta mistura de bact\u00e9rias consegue adaptar-se a ambientes duros e com baixas concentra\u00e7\u00f5es de oxig\u00e9nio e continuando a multiplicarem-se e melhorarem as condi\u00e7\u00f5es da \u00e1gua.<\/p>\n<p>As esp\u00e9cies de bact\u00e9rias do Pristine\u2122 s\u00e3o uma mistura \u00fanica, especialmente desenvolvidas para serem robustas e adaptarem a um amplo espectro de condi\u00e7\u00f5es ambientais.<\/p>\n<p>Tamanhos: 100 mL, 250 mL<\/p>\n<p>Modo de uso:<br \/>\nMisture bem antes de usar. Desligue a UV\/ozono. Utilizes uma tampa completa (5 mL) para cada 40 L. Depois use uma dose de manuten\u00e7\u00e3o de uma tampa completa (5 mL) para 80 L,na introdu\u00e7\u00e3o de Seres Vivos ou em caso de quebra da filtragem biol\u00f3gica ap\u00f3s a limpeza dos filtros ou uso de medicamentos. Os antibi\u00f3ticos devem ser removidos com o uso de carv\u00e3o activado novo e por meio de uma troca parcial de \u00e1gua, antes da adi\u00e7\u00e3o do Pristine\u2122. Permita que as bact\u00e9rias se estabele\u00e7am por 2-3 dias,antes de ligar os esterilizadores de UV ou Ozono. Problemas recorrentes com quantidade excessivas de nutrientes podem indicar sobre popula\u00e7\u00e3o, sobrealimenta\u00e7\u00e3o ou filtragem insuficiente.<\/p>","protected":false},"excerpt":{"rendered":"<p>Pristine\u2122 usa bioaumento, um m\u00e9todo natural (pr\u00f3bioticos) n\u00e3o qu\u00edmico, para melhorar a qualidade da \u00e1gua em aqu\u00e1rios maturados, eliminando res\u00edduos de alimentos, detritos e mat\u00e9ria org\u00e2nica, reduzindo am\u00f3nia, nitritos e nitratos, quer em \u00e1gua doce como em \u00e1gua salgada. O Pristine\u2122 ir\u00e1 competir pelo consumo destes res\u00edduos com bact\u00e9rias prejudiciais, tais como cianobact\u00e9rias, acabando por &hellip;<\/p>\n<p class=\"read-more\"> <a class=\"\" href=\"https:\/\/pfkeepers.com\/english\/product\/seachem-pristine-30-bonus-325ml\/\"> <span class=\"screen-reader-text\">Seachem Pristine + 30% BONUS 325ML<\/span> Read More &raquo;<\/a><\/p>","protected":false},"featured_media":53773,"template":"","meta":{"site-sidebar-layout":"default","site-content-layout":"","ast-site-content-layout":"","site-content-style":"default","site-sidebar-style":"default","ast-global-header-display":"","ast-banner-title-visibility":"","ast-main-header-display":"","ast-hfb-above-header-display":"","ast-hfb-below-header-display":"","ast-hfb-mobile-header-display":"","site-post-title":"","ast-breadcrumbs-content":"","ast-featured-img":"","footer-sml-layout":"","theme-transparent-header-meta":"","adv-header-id-meta":"","stick-header-meta":"","header-above-stick-meta":"","header-main-stick-meta":"","header-below-stick-meta":"","astra-migrate-meta-layouts":""},"product_cat":[1489],"product_tag":[1037],"_links":{"self":[{"href":"https:\/\/pfkeepers.com\/english\/wp-json\/wp\/v2\/product\/53772"}],"collection":[{"href":"https:\/\/pfkeepers.com\/english\/wp-json\/wp\/v2\/product"}],"about":[{"href":"https:\/\/pfkeepers.com\/english\/wp-json\/wp\/v2\/types\/product"}],"wp:featuredmedia":[{"embeddable":true,"href":"https:\/\/pfkeepers.com\/english\/wp-json\/wp\/v2\/media\/53773"}],"wp:attachment":[{"href":"https:\/\/pfkeepers.com\/english\/wp-json\/wp\/v2\/media?parent=53772"}],"wp:term":[{"taxonomy":"product_cat","embeddable":true,"href":"https:\/\/pfkeepers.com\/english\/wp-json\/wp\/v2\/product_cat?post=53772"},{"taxonomy":"product_tag","embeddable":true,"href":"https:\/\/pfkeepers.com\/english\/wp-json\/wp\/v2\/product_tag?post=53772"}],"curies":[{"name":"wp","href":"https:\/\/api.w.org\/{rel}","templated":true}]}}