{"id":53762,"date":"2024-03-04T16:00:39","date_gmt":"2024-03-04T16:00:39","guid":{"rendered":"https:\/\/pfkeepers.com\/produto\/twinstar-light-ii-90b\/"},"modified":"2026-04-19T00:44:49","modified_gmt":"2026-04-19T00:44:49","slug":"twinstar-light-ii-90b","status":"publish","type":"product","link":"https:\/\/pfkeepers.com\/english\/product\/twinstar-light-ii-90b\/","title":{"rendered":"Twinstar Light II 90B"},"content":{"rendered":"<p>Novo modelo actualizado em 2025.<\/p>\n<p>Dimensions: 846 \u00d7 58 \u00d7 71 mm<br \/>\nPower Consuption: 43W<br \/>\nLED Count: 74<br \/>\nBrightness (Lux): 19121<br \/>\nPPFD: 173<br \/>\nRecommended Aquarium Size: 90 \u00d7 45 \u00d7 45 cm<\/p>\n<p>Experimente a ilumina\u00e7\u00e3o WRGB Premium a um pre\u00e7o acess\u00edvel<br \/>\nA Twinstar Light B-Line Vers\u00e3o 2 \u00e9 uma luz de aqu\u00e1rio WRGB de alta qualidade , projetada para real\u00e7ar a beleza natural das plantas aqu\u00e1ticas e peixes tropicais. Com uma sa\u00edda de espectro total cuidadosamente otimizada, esta solu\u00e7\u00e3o de ilumina\u00e7\u00e3o melhora o crescimento das plantas, melhora a fotoss\u00edntese e acentua as cores vibrantes da sua vida aqu\u00e1tica.<\/p>\n<p>Principais caracter\u00edsticas:<br \/>\n -Luz natural WRGB de espectro total \u2013 Projetada para iluminar seu aqu\u00e1rio com cores realistas , garantindo um ambiente subaqu\u00e1tico esteticamente agrad\u00e1vel.<\/p>\n<p>&#8211; Brilho ideal para o crescimento das plantas \u2013 Oferece ilumina\u00e7\u00e3o de alta intensidade , promovendo o desenvolvimento saud\u00e1vel das plantas aqu\u00e1ticas e estimulando a fotoss\u00edntese.<\/p>\n<p>&#8211; Durabilidade Premium com Chips de LED de Marcas Top dos EUA, Coreia e Jap\u00e3o \u2013 A tecnologia LED de alta efici\u00eancia e  longa dura\u00e7\u00e3o garante desempenho est\u00e1vel e confiabilidade.<\/p>\n<p>&#8211; Design elegante e moderno \u2013 Uma estrutura fina de alum\u00ednio n\u00e3o s\u00f3 melhora a dissipa\u00e7\u00e3o de calor, mas tamb\u00e9m adiciona um toque premium \u00e0 configura\u00e7\u00e3o do seu aqu\u00e1rio.<\/p>\n<p>&#8211; Controlador de ilumina\u00e7\u00e3o avan\u00e7ado \u2013 Com 10 n\u00edveis de brilho , v\u00e1rias op\u00e7\u00f5es de temporizador ( 6H, 8H, 10H ), uma fun\u00e7\u00e3o ON\/OFF e um modo de in\u00edcio lento e desacelera\u00e7\u00e3o de 10 minutos para uma transi\u00e7\u00e3o gradual da luz.<\/p>\n<p>&#8211; Tamanho vers\u00e1til e ajust\u00e1vel \u2013 Um ajuste perfeito para uma variedade de dimens\u00f5es de aqu\u00e1rio , tornando-o ideal tanto para iniciantes quanto para aquaristas experientes.<\/p>\n<p>Experi\u00eancia aprimorada no aqu\u00e1rio<br \/>\n Para aqu\u00e1rios plantados:<br \/>\na ilumina\u00e7\u00e3o WRGB de alta intensidade fornece o espectro necess\u00e1rio para o crescimento exuberante das plantas, melhorando a sa\u00fade e a vitalidade das plantas aqu\u00e1ticas.<\/p>\n<p> Para aqu\u00e1rios de peixes tropicais:<br \/>\no Twinstar B-Line vers\u00e3o 2 real\u00e7a os tons naturais dos peixes tropicais , fazendo com que os vermelhos, azuis e verdes pare\u00e7am mais ricos e marcantes .<\/p>","protected":false},"excerpt":{"rendered":"<p>Novo modelo actualizado em 2025. Dimensions: 846 \u00d7 58 \u00d7 71 mm Power Consuption: 43W LED Count: 74 Brightness (Lux): 19121 PPFD: 173 Recommended Aquarium Size: 90 \u00d7 45 \u00d7 45 cm Experimente a ilumina\u00e7\u00e3o WRGB Premium a um pre\u00e7o acess\u00edvel A Twinstar Light B-Line Vers\u00e3o 2 \u00e9 uma luz de aqu\u00e1rio WRGB de alta &hellip;<\/p>\n<p class=\"read-more\"> <a class=\"\" href=\"https:\/\/pfkeepers.com\/english\/product\/twinstar-light-ii-90b\/\"> <span class=\"screen-reader-text\">Twinstar Light II 90B<\/span> Read More &raquo;<\/a><\/p>","protected":false},"featured_media":53763,"template":"","meta":{"site-sidebar-layout":"default","site-content-layout":"","ast-site-content-layout":"","site-content-style":"default","site-sidebar-style":"default","ast-global-header-display":"","ast-banner-title-visibility":"","ast-main-header-display":"","ast-hfb-above-header-display":"","ast-hfb-below-header-display":"","ast-hfb-mobile-header-display":"","site-post-title":"","ast-breadcrumbs-content":"","ast-featured-img":"","footer-sml-layout":"","theme-transparent-header-meta":"","adv-header-id-meta":"","stick-header-meta":"","header-above-stick-meta":"","header-main-stick-meta":"","header-below-stick-meta":"","astra-migrate-meta-layouts":""},"product_cat":[1401],"product_tag":[1070],"_links":{"self":[{"href":"https:\/\/pfkeepers.com\/english\/wp-json\/wp\/v2\/product\/53762"}],"collection":[{"href":"https:\/\/pfkeepers.com\/english\/wp-json\/wp\/v2\/product"}],"about":[{"href":"https:\/\/pfkeepers.com\/english\/wp-json\/wp\/v2\/types\/product"}],"wp:featuredmedia":[{"embeddable":true,"href":"https:\/\/pfkeepers.com\/english\/wp-json\/wp\/v2\/media\/53763"}],"wp:attachment":[{"href":"https:\/\/pfkeepers.com\/english\/wp-json\/wp\/v2\/media?parent=53762"}],"wp:term":[{"taxonomy":"product_cat","embeddable":true,"href":"https:\/\/pfkeepers.com\/english\/wp-json\/wp\/v2\/product_cat?post=53762"},{"taxonomy":"product_tag","embeddable":true,"href":"https:\/\/pfkeepers.com\/english\/wp-json\/wp\/v2\/product_tag?post=53762"}],"curies":[{"name":"wp","href":"https:\/\/api.w.org\/{rel}","templated":true}]}}