{"id":53756,"date":"2024-03-04T16:00:30","date_gmt":"2024-03-04T16:00:30","guid":{"rendered":"https:\/\/pfkeepers.com\/produto\/aquatlantis-aquario-120x50x50cm-10mm-c-travamentos\/"},"modified":"2026-04-19T00:44:31","modified_gmt":"2026-04-19T00:44:31","slug":"aquatlantis-aquario-120x50x50cm-10mm-c-travamentos","status":"publish","type":"product","link":"https:\/\/pfkeepers.com\/english\/product\/aquatlantis-aquario-120x50x50cm-10mm-c-travamentos\/","title":{"rendered":"Aquatlantis Fish Tank 120x50x50cm 10mm w\/Brace"},"content":{"rendered":"<p>120x50x50cm<\/p>\n<p>Vidro 10mm com travamentos<\/p>\n<p> Tampas de Vidro podem ser adquiridas \u00e0 parte.<\/p>\n<p>N\u00e3o fazemos envios deste aqu\u00e1rio, levantamento na loja fisica.<\/p>","protected":false},"excerpt":{"rendered":"<p>120x50x50cm Vidro 10mm com travamentos Tampas de Vidro podem ser adquiridas \u00e0 parte. N\u00e3o fazemos envios deste aqu\u00e1rio, levantamento na loja fisica.<\/p>","protected":false},"featured_media":53757,"template":"","meta":{"site-sidebar-layout":"default","site-content-layout":"","ast-site-content-layout":"default","site-content-style":"default","site-sidebar-style":"default","ast-global-header-display":"","ast-banner-title-visibility":"","ast-main-header-display":"","ast-hfb-above-header-display":"","ast-hfb-below-header-display":"","ast-hfb-mobile-header-display":"","site-post-title":"","ast-breadcrumbs-content":"","ast-featured-img":"","footer-sml-layout":"","theme-transparent-header-meta":"default","adv-header-id-meta":"","stick-header-meta":"","header-above-stick-meta":"","header-main-stick-meta":"","header-below-stick-meta":"","astra-migrate-meta-layouts":"set"},"product_cat":[1387],"product_tag":[780],"_links":{"self":[{"href":"https:\/\/pfkeepers.com\/english\/wp-json\/wp\/v2\/product\/53756"}],"collection":[{"href":"https:\/\/pfkeepers.com\/english\/wp-json\/wp\/v2\/product"}],"about":[{"href":"https:\/\/pfkeepers.com\/english\/wp-json\/wp\/v2\/types\/product"}],"wp:featuredmedia":[{"embeddable":true,"href":"https:\/\/pfkeepers.com\/english\/wp-json\/wp\/v2\/media\/53757"}],"wp:attachment":[{"href":"https:\/\/pfkeepers.com\/english\/wp-json\/wp\/v2\/media?parent=53756"}],"wp:term":[{"taxonomy":"product_cat","embeddable":true,"href":"https:\/\/pfkeepers.com\/english\/wp-json\/wp\/v2\/product_cat?post=53756"},{"taxonomy":"product_tag","embeddable":true,"href":"https:\/\/pfkeepers.com\/english\/wp-json\/wp\/v2\/product_tag?post=53756"}],"curies":[{"name":"wp","href":"https:\/\/api.w.org\/{rel}","templated":true}]}}