{"id":53740,"date":"2024-03-04T15:59:59","date_gmt":"2024-03-04T15:59:59","guid":{"rendered":"https:\/\/pfkeepers.com\/produto\/twinstar-dimmer\/"},"modified":"2025-02-27T21:37:51","modified_gmt":"2025-02-27T21:37:51","slug":"twinstar-dimmer","status":"publish","type":"product","link":"https:\/\/pfkeepers.com\/english\/product\/twinstar-dimmer\/","title":{"rendered":"Twinstar Dimmer"},"content":{"rendered":"<p>Principais caracter\u00edsticas :<\/p>\n<p>&#8211; Ligado desligado;<br \/>\n\u2013 Temporizador inclu\u00eddo: 6, 8 ou 10 horas;<br \/>\n\u2013 Nascer\/p\u00f4r-do-sol autom\u00e1tico de 10 minutos;<br \/>\n\u2013 7 op\u00e7\u00f5es de escurecimento;<br \/>\n\u2013 At\u00e9 150W;<br \/>\n\u2013 At\u00e9 24VDC;<\/p>\n<p>Compatibilidade :<br \/>\n\u2013 Modelos anteriores Twinstar Light;<br \/>\n\u2013 Modelos Twinstar Light existentes;<br \/>\n\u2013 Qualquer outra l\u00e2mpada de outra marca com conector 5,5\u00d72,5mm e at\u00e9 150W;<br \/>\n&#8211; Compat\u00edvel at\u00e9 24VDC.<\/p>","protected":false},"excerpt":{"rendered":"<p>Principais caracter\u00edsticas : &#8211; Ligado desligado; \u2013 Temporizador inclu\u00eddo: 6, 8 ou 10 horas; \u2013 Nascer\/p\u00f4r-do-sol autom\u00e1tico de 10 minutos; \u2013 7 op\u00e7\u00f5es de escurecimento; \u2013 At\u00e9 150W; \u2013 At\u00e9 24VDC; Compatibilidade : \u2013 Modelos anteriores Twinstar Light; \u2013 Modelos Twinstar Light existentes; \u2013 Qualquer outra l\u00e2mpada de outra marca com conector 5,5\u00d72,5mm e at\u00e9 &hellip;<\/p>\n<p class=\"read-more\"> <a class=\"\" href=\"https:\/\/pfkeepers.com\/english\/product\/twinstar-dimmer\/\"> <span class=\"screen-reader-text\">Twinstar Dimmer<\/span> Read More &raquo;<\/a><\/p>","protected":false},"featured_media":53741,"template":"","meta":{"site-sidebar-layout":"default","site-content-layout":"","ast-site-content-layout":"","site-content-style":"default","site-sidebar-style":"default","ast-global-header-display":"","ast-banner-title-visibility":"","ast-main-header-display":"","ast-hfb-above-header-display":"","ast-hfb-below-header-display":"","ast-hfb-mobile-header-display":"","site-post-title":"","ast-breadcrumbs-content":"","ast-featured-img":"","footer-sml-layout":"","theme-transparent-header-meta":"","adv-header-id-meta":"","stick-header-meta":"","header-above-stick-meta":"","header-main-stick-meta":"","header-below-stick-meta":"","astra-migrate-meta-layouts":""},"product_cat":[1401],"product_tag":[1070],"_links":{"self":[{"href":"https:\/\/pfkeepers.com\/english\/wp-json\/wp\/v2\/product\/53740"}],"collection":[{"href":"https:\/\/pfkeepers.com\/english\/wp-json\/wp\/v2\/product"}],"about":[{"href":"https:\/\/pfkeepers.com\/english\/wp-json\/wp\/v2\/types\/product"}],"wp:featuredmedia":[{"embeddable":true,"href":"https:\/\/pfkeepers.com\/english\/wp-json\/wp\/v2\/media\/53741"}],"wp:attachment":[{"href":"https:\/\/pfkeepers.com\/english\/wp-json\/wp\/v2\/media?parent=53740"}],"wp:term":[{"taxonomy":"product_cat","embeddable":true,"href":"https:\/\/pfkeepers.com\/english\/wp-json\/wp\/v2\/product_cat?post=53740"},{"taxonomy":"product_tag","embeddable":true,"href":"https:\/\/pfkeepers.com\/english\/wp-json\/wp\/v2\/product_tag?post=53740"}],"curies":[{"name":"wp","href":"https:\/\/api.w.org\/{rel}","templated":true}]}}