{"id":53708,"date":"2024-03-04T15:59:13","date_gmt":"2024-03-04T15:59:13","guid":{"rendered":"https:\/\/pfkeepers.com\/produto\/tropic-marin-pro-cichlid-mineral-600g\/"},"modified":"2025-02-27T21:37:15","modified_gmt":"2025-02-27T21:37:15","slug":"tropic-marin-pro-cichlid-mineral-600g","status":"publish","type":"product","link":"https:\/\/pfkeepers.com\/english\/product\/tropic-marin-pro-cichlid-mineral-600g\/","title":{"rendered":"Tropic Marin Pro-Cichlid Mineral 600g"},"content":{"rendered":"<p>Elementos tra\u00e7o e sais minerais para aumentar a vitalidade e colora\u00e7\u00e3o dos cicl\u00eddeos da \u00c1frica Oriental.<\/p>\n<p>Benef\u00edcios:<\/p>\n<p>Oferta mineral especial para esp\u00e9cies de peixes do Lago Malawi e do Lago Tanganika<br \/>\nPromove a sa\u00fade e cores mais exuberantes aos animais<br \/>\nCria condi\u00e7\u00f5es ideais para alevins bem-sucedidos<br \/>\nAumenta e estabiliza o valor do pH e o conte\u00fado mineral da \u00e1gua<\/p>\n<p>Modo de Prepara\u00e7\u00e3o:<\/p>\n<p>Dissolva uma colher medidora rasa (= aprox. 6,5 g) de PRO-CICHLID MINERAL por cada 20L de \u00e1gua do aqu\u00e1rio e mexa.<br \/>\nSe j\u00e1 tiver peixes no aqu\u00e1rio, dissolva a quantidade pretendida de PRO-CICHLID MINERAL em 3 a 4L de \u00e1gua do aqu\u00e1rio e adicione a solu\u00e7\u00e3o ao aqu\u00e1rio, mexendo sempre.<br \/>\nPara manter uma qualidade de \u00e1gua consistentemente alta, deve adicionar a quantidade adequada de PRO-CICHLID MINERAL \u00e0 \u00e1gua nova e cada TPA.<\/p>","protected":false},"excerpt":{"rendered":"<p>Elementos tra\u00e7o e sais minerais para aumentar a vitalidade e colora\u00e7\u00e3o dos cicl\u00eddeos da \u00c1frica Oriental. Benef\u00edcios: Oferta mineral especial para esp\u00e9cies de peixes do Lago Malawi e do Lago Tanganika Promove a sa\u00fade e cores mais exuberantes aos animais Cria condi\u00e7\u00f5es ideais para alevins bem-sucedidos Aumenta e estabiliza o valor do pH e o &hellip;<\/p>\n<p class=\"read-more\"> <a class=\"\" href=\"https:\/\/pfkeepers.com\/english\/product\/tropic-marin-pro-cichlid-mineral-600g\/\"> <span class=\"screen-reader-text\">Tropic Marin Pro-Cichlid Mineral 600g<\/span> Read More &raquo;<\/a><\/p>","protected":false},"featured_media":357987,"template":"","meta":{"site-sidebar-layout":"default","site-content-layout":"","ast-site-content-layout":"default","site-content-style":"default","site-sidebar-style":"default","ast-global-header-display":"","ast-banner-title-visibility":"","ast-main-header-display":"","ast-hfb-above-header-display":"","ast-hfb-below-header-display":"","ast-hfb-mobile-header-display":"","site-post-title":"","ast-breadcrumbs-content":"","ast-featured-img":"","footer-sml-layout":"","theme-transparent-header-meta":"default","adv-header-id-meta":"","stick-header-meta":"","header-above-stick-meta":"","header-main-stick-meta":"","header-below-stick-meta":"","astra-migrate-meta-layouts":"set"},"product_cat":[1489],"product_tag":[1062],"_links":{"self":[{"href":"https:\/\/pfkeepers.com\/english\/wp-json\/wp\/v2\/product\/53708"}],"collection":[{"href":"https:\/\/pfkeepers.com\/english\/wp-json\/wp\/v2\/product"}],"about":[{"href":"https:\/\/pfkeepers.com\/english\/wp-json\/wp\/v2\/types\/product"}],"wp:featuredmedia":[{"embeddable":true,"href":"https:\/\/pfkeepers.com\/english\/wp-json\/wp\/v2\/media\/357987"}],"wp:attachment":[{"href":"https:\/\/pfkeepers.com\/english\/wp-json\/wp\/v2\/media?parent=53708"}],"wp:term":[{"taxonomy":"product_cat","embeddable":true,"href":"https:\/\/pfkeepers.com\/english\/wp-json\/wp\/v2\/product_cat?post=53708"},{"taxonomy":"product_tag","embeddable":true,"href":"https:\/\/pfkeepers.com\/english\/wp-json\/wp\/v2\/product_tag?post=53708"}],"curies":[{"name":"wp","href":"https:\/\/api.w.org\/{rel}","templated":true}]}}