{"id":53704,"date":"2024-03-04T15:59:06","date_gmt":"2024-03-04T15:59:06","guid":{"rendered":"https:\/\/pfkeepers.com\/produto\/dancing-shrimp-rhynchocinetes-durbanensis\/"},"modified":"2026-04-19T00:43:56","modified_gmt":"2026-04-19T00:43:56","slug":"dancing-shrimp-rhynchocinetes-durbanensis","status":"publish","type":"product","link":"https:\/\/pfkeepers.com\/english\/product\/dancing-shrimp-rhynchocinetes-durbanensis\/","title":{"rendered":"Dancing Shrimp &#8211; Rhynchocinetes durbanensis"},"content":{"rendered":"<p>O camar\u00e3o camelo (Rhynchocinetes durbanensis) ou camar\u00e3o dan\u00e7ante ganhou muitos apelidos ao longo do tempo e popularidade dentro da aquariofilia, devido a sua cor marcante, formato estranho e facilidade de cuidar.<\/p>\n<p>Esses camar\u00f5es ornamentais n\u00e3o requerem valores especiais de \u00e1gua ou equipamentos sofisticados. Este invertebrado marinho \u00e9 um camar\u00e3o muito resistente, o que torna o camar\u00e3o Camel uma \u00f3tima op\u00e7\u00e3o para iniciantes e para quem quer montar um aqu\u00e1rio marinho de baixa manuten\u00e7\u00e3o.<\/p>\n<p>O camar\u00e3o camelo tem uma disposi\u00e7\u00e3o calma, tornando-o perfeito para se manter com outros tipos de criaturas marinhas em seu aqu\u00e1rio. Eles n\u00e3o s\u00e3o agressivos e podem coexistir pacificamente com qualquer outro habitante.<\/p>\n<p>Esta esp\u00e9cie \u00e9 social. Os camar\u00f5es camelo preferem se agrupar com outros membros de sua esp\u00e9cie.<\/p>\n<p>Eles tamb\u00e9m s\u00e3o criaturas principalmente t\u00edmidas e noturnas, o que significa que voc\u00ea provavelmente n\u00e3o ver\u00e1 muitos deles em seu tanque. Eles freq\u00fcentemente se escondem em fendas e descansam durante o dia e fazem a maior parte de suas atividades durante a noite. \u00c9 poss\u00edvel ver o camar\u00e3o Camel ativo e se movimentando apenas apagando as luzes, o que os faz pensar que \u00e9 seguro e podem sair.<\/p>\n<p>Em geral, parece que os propriet\u00e1rios de aqu\u00e1rios com recifes devem abordar o camar\u00e3o Camel com muita cautela. Embora seja poss\u00edvel que o camar\u00e3o coexista pacificamente com o recife em seu aqu\u00e1rio, \u00e9 igualmente poss\u00edvel que eles destruam o recife que voc\u00ea trabalhou cuidadosamente para construir.<\/p>\n<p>A dieta do camar\u00e3o Camel o torna uma excelente escolha para o seu aqu\u00e1rio dom\u00e9stico, porque eles comem quase tudo o que lhes \u00e9 dado. Esta esp\u00e9cie \u00e9 on\u00edvora. Alimentam-se de restos de comida, detritos, tecidos de peixes mortos, mat\u00e9ria org\u00e2nica em decomposi\u00e7\u00e3o, etc. \u00c9 um dos tipos de animais que se utilizam para limpar um aqu\u00e1rio.<\/p>\n<p>Nota: \u00c0s vezes voc\u00ea pode ouvir em lojas de animais que eles podem controlar Aiptasia no tanque de recife. N\u00e3o conte com isso! Embora alguns deles possam comer pequenos Aiptasia, eles n\u00e3o o far\u00e3o sistematicamente de qualquer maneira. Ent\u00e3o, n\u00e3o \u2013 o camar\u00e3o Camel n\u00e3o \u00e9 bom contra Aiptasia.<\/p>\n<p>O camar\u00e3o camelo peneirar\u00e1 a areia e consumir\u00e1 v\u00e1rios res\u00edduos que chegam ao seu aqu\u00e1rio. Isso \u00e9 ben\u00e9fico porque pode ajudar automaticamente a manter seu aqu\u00e1rio limpo e significar menos trabalho para voc\u00ea, tanto na limpeza do aqu\u00e1rio quanto na alimenta\u00e7\u00e3o dos camar\u00f5es.<\/p>\n<p>Em geral, \u00e9 f\u00e1cil aliment\u00e1-los porque os camar\u00f5es Camel costumam procurar comida no aqu\u00e1rio por conta pr\u00f3pria e podem n\u00e3o precisar de muita comida extra. No entanto, voc\u00ea pode adicionar um peda\u00e7o de peixe fresco congelado, liofilizado, mexilh\u00f5es ou um pellet de camar\u00e3o afundando de vez em quando.<\/p>","protected":false},"excerpt":{"rendered":"<p>O camar\u00e3o camelo (Rhynchocinetes durbanensis) ou camar\u00e3o dan\u00e7ante ganhou muitos apelidos ao longo do tempo e popularidade dentro da aquariofilia, devido a sua cor marcante, formato estranho e facilidade de cuidar. Esses camar\u00f5es ornamentais n\u00e3o requerem valores especiais de \u00e1gua ou equipamentos sofisticados. Este invertebrado marinho \u00e9 um camar\u00e3o muito resistente, o que torna o &hellip;<\/p>\n<p class=\"read-more\"> <a class=\"\" href=\"https:\/\/pfkeepers.com\/english\/product\/dancing-shrimp-rhynchocinetes-durbanensis\/\"> <span class=\"screen-reader-text\">Dancing Shrimp &#8211; Rhynchocinetes durbanensis<\/span> Read More &raquo;<\/a><\/p>","protected":false},"featured_media":53705,"template":"","meta":{"site-sidebar-layout":"default","site-content-layout":"","ast-site-content-layout":"default","site-content-style":"default","site-sidebar-style":"default","ast-global-header-display":"","ast-banner-title-visibility":"","ast-main-header-display":"","ast-hfb-above-header-display":"","ast-hfb-below-header-display":"","ast-hfb-mobile-header-display":"","site-post-title":"","ast-breadcrumbs-content":"","ast-featured-img":"","footer-sml-layout":"","theme-transparent-header-meta":"default","adv-header-id-meta":"","stick-header-meta":"","header-above-stick-meta":"","header-main-stick-meta":"","header-below-stick-meta":"","astra-migrate-meta-layouts":"set"},"product_cat":[1356],"product_tag":[],"_links":{"self":[{"href":"https:\/\/pfkeepers.com\/english\/wp-json\/wp\/v2\/product\/53704"}],"collection":[{"href":"https:\/\/pfkeepers.com\/english\/wp-json\/wp\/v2\/product"}],"about":[{"href":"https:\/\/pfkeepers.com\/english\/wp-json\/wp\/v2\/types\/product"}],"wp:featuredmedia":[{"embeddable":true,"href":"https:\/\/pfkeepers.com\/english\/wp-json\/wp\/v2\/media\/53705"}],"wp:attachment":[{"href":"https:\/\/pfkeepers.com\/english\/wp-json\/wp\/v2\/media?parent=53704"}],"wp:term":[{"taxonomy":"product_cat","embeddable":true,"href":"https:\/\/pfkeepers.com\/english\/wp-json\/wp\/v2\/product_cat?post=53704"},{"taxonomy":"product_tag","embeddable":true,"href":"https:\/\/pfkeepers.com\/english\/wp-json\/wp\/v2\/product_tag?post=53704"}],"curies":[{"name":"wp","href":"https:\/\/api.w.org\/{rel}","templated":true}]}}