{"id":53700,"date":"2024-03-04T15:58:59","date_gmt":"2024-03-04T15:58:59","guid":{"rendered":"https:\/\/pfkeepers.com\/produto\/staurogyne-repens-1-2-grow-tropica\/"},"modified":"2026-04-19T00:43:49","modified_gmt":"2026-04-19T00:43:49","slug":"staurogyne-repens-1-2-grow-tropica","status":"publish","type":"product","link":"https:\/\/pfkeepers.com\/english\/product\/staurogyne-repens-1-2-grow-tropica\/","title":{"rendered":"Staurogyne repens 1-2 Grow Tropica"},"content":{"rendered":"<p>Staurogyne repens \u00e9 uma planta verde fresca, compacta e resistente para o primeiro plano do aqu\u00e1rio e foi encontrada no rio Rio Cristalino no sul do Amazonas. Seu parente mais pr\u00f3ximo no aqu\u00e1rio \u00e9 Hygrophila, mas Staurogyne \u00e9 diferente com sua estatura marcadamente compacta, baixa e espessa (5-10 cm) e pequenas folhas verdes (cada caule tem 3,4 cm de largura).<br \/>\nAo plantar no aqu\u00e1rio, os brotos verticais mais longos devem ser cortados e novos brotos rastejantes horizontais logo se formar\u00e3o a partir da base da planta e colonizar\u00e3o gradualmente o cascalho.<br \/>\nCom pouca luz, o crescimento ser\u00e1 mais vertical e muito menos brotos laterais ser\u00e3o formados.<\/p>\n<p>Informa\u00e7\u00f5es da planta:<\/p>\n<p>Tipo: Haste<br \/>\nOrigem: Am\u00e9rica do Sul<br \/>\nTaxa de crescimento: m\u00e9dia<br \/>\nAltura: 3 &#8211; 10+<br \/>\nDemanda de luz: baixa<br \/>\nCO2: baixo<\/p>","protected":false},"excerpt":{"rendered":"<p>Staurogyne repens \u00e9 uma planta verde fresca, compacta e resistente para o primeiro plano do aqu\u00e1rio e foi encontrada no rio Rio Cristalino no sul do Amazonas. Seu parente mais pr\u00f3ximo no aqu\u00e1rio \u00e9 Hygrophila, mas Staurogyne \u00e9 diferente com sua estatura marcadamente compacta, baixa e espessa (5-10 cm) e pequenas folhas verdes (cada caule &hellip;<\/p>\n<p class=\"read-more\"> <a class=\"\" href=\"https:\/\/pfkeepers.com\/english\/product\/staurogyne-repens-1-2-grow-tropica\/\"> <span class=\"screen-reader-text\">Staurogyne repens 1-2 Grow Tropica<\/span> Read More &raquo;<\/a><\/p>","protected":false},"featured_media":53701,"template":"","meta":{"site-sidebar-layout":"default","site-content-layout":"","ast-site-content-layout":"default","site-content-style":"default","site-sidebar-style":"default","ast-global-header-display":"","ast-banner-title-visibility":"","ast-main-header-display":"","ast-hfb-above-header-display":"","ast-hfb-below-header-display":"","ast-hfb-mobile-header-display":"","site-post-title":"","ast-breadcrumbs-content":"","ast-featured-img":"","footer-sml-layout":"","theme-transparent-header-meta":"default","adv-header-id-meta":"","stick-header-meta":"","header-above-stick-meta":"","header-main-stick-meta":"","header-below-stick-meta":"","astra-migrate-meta-layouts":"set"},"product_cat":[1513],"product_tag":[1064],"_links":{"self":[{"href":"https:\/\/pfkeepers.com\/english\/wp-json\/wp\/v2\/product\/53700"}],"collection":[{"href":"https:\/\/pfkeepers.com\/english\/wp-json\/wp\/v2\/product"}],"about":[{"href":"https:\/\/pfkeepers.com\/english\/wp-json\/wp\/v2\/types\/product"}],"wp:featuredmedia":[{"embeddable":true,"href":"https:\/\/pfkeepers.com\/english\/wp-json\/wp\/v2\/media\/53701"}],"wp:attachment":[{"href":"https:\/\/pfkeepers.com\/english\/wp-json\/wp\/v2\/media?parent=53700"}],"wp:term":[{"taxonomy":"product_cat","embeddable":true,"href":"https:\/\/pfkeepers.com\/english\/wp-json\/wp\/v2\/product_cat?post=53700"},{"taxonomy":"product_tag","embeddable":true,"href":"https:\/\/pfkeepers.com\/english\/wp-json\/wp\/v2\/product_tag?post=53700"}],"curies":[{"name":"wp","href":"https:\/\/api.w.org\/{rel}","templated":true}]}}