{"id":53698,"date":"2024-03-04T15:58:56","date_gmt":"2024-03-04T15:58:56","guid":{"rendered":"https:\/\/pfkeepers.com\/produto\/sagittaria-subulata-1-2-grow-tropica\/"},"modified":"2026-04-19T00:43:44","modified_gmt":"2026-04-19T00:43:44","slug":"sagittaria-subulata-1-2-grow-tropica","status":"publish","type":"product","link":"https:\/\/pfkeepers.com\/english\/product\/sagittaria-subulata-1-2-grow-tropica\/","title":{"rendered":"Sagittaria subulata 1-2 Grow Tropica"},"content":{"rendered":"<p>Planta de aqu\u00e1rio de cultura de tecidos em copo fechado.<\/p>\n<p>Sagittaria subulata da Am\u00e9rica do Sul \u00e9 uma planta de primeiro plano ideal e pouco exigente, cujos corredores curtos formam um grupo compacto. Coloque plantas individuais com 2-4 cm de dist\u00e2ncia. Esta planta pode causar problemas porque, em certas condi\u00e7\u00f5es, cresce repentinamente at\u00e9 uma altura de 50 cm quando envelhece. Mas se for movido para segundo plano, pode ficar baixo novamente. No aqu\u00e1rio, \u00e0s vezes envia um longo caule de flor para a superf\u00edcie e pequenas flores brancas se desenvolvem logo acima da superf\u00edcie da \u00e1gua.<\/p>\n<p>Informa\u00e7\u00f5es da planta:<\/p>\n<p>Tipo: estol\u00e3o<br \/>\nOrigem: Am\u00e9rica do Sul<br \/>\nTaxa de crescimento: alta<br \/>\nAltura: 5 &#8211; 30+<br \/>\nDemanda de luz: baixa<br \/>\nCO2: M\u00e9dio<\/p>","protected":false},"excerpt":{"rendered":"<p>Planta de aqu\u00e1rio de cultura de tecidos em copo fechado. Sagittaria subulata da Am\u00e9rica do Sul \u00e9 uma planta de primeiro plano ideal e pouco exigente, cujos corredores curtos formam um grupo compacto. Coloque plantas individuais com 2-4 cm de dist\u00e2ncia. Esta planta pode causar problemas porque, em certas condi\u00e7\u00f5es, cresce repentinamente at\u00e9 uma altura &hellip;<\/p>\n<p class=\"read-more\"> <a class=\"\" href=\"https:\/\/pfkeepers.com\/english\/product\/sagittaria-subulata-1-2-grow-tropica\/\"> <span class=\"screen-reader-text\">Sagittaria subulata 1-2 Grow Tropica<\/span> Read More &raquo;<\/a><\/p>","protected":false},"featured_media":53699,"template":"","meta":{"site-sidebar-layout":"default","site-content-layout":"","ast-site-content-layout":"default","site-content-style":"default","site-sidebar-style":"default","ast-global-header-display":"","ast-banner-title-visibility":"","ast-main-header-display":"","ast-hfb-above-header-display":"","ast-hfb-below-header-display":"","ast-hfb-mobile-header-display":"","site-post-title":"","ast-breadcrumbs-content":"","ast-featured-img":"","footer-sml-layout":"","theme-transparent-header-meta":"default","adv-header-id-meta":"","stick-header-meta":"","header-above-stick-meta":"","header-main-stick-meta":"","header-below-stick-meta":"","astra-migrate-meta-layouts":"set"},"product_cat":[1513],"product_tag":[1064],"_links":{"self":[{"href":"https:\/\/pfkeepers.com\/english\/wp-json\/wp\/v2\/product\/53698"}],"collection":[{"href":"https:\/\/pfkeepers.com\/english\/wp-json\/wp\/v2\/product"}],"about":[{"href":"https:\/\/pfkeepers.com\/english\/wp-json\/wp\/v2\/types\/product"}],"wp:featuredmedia":[{"embeddable":true,"href":"https:\/\/pfkeepers.com\/english\/wp-json\/wp\/v2\/media\/53699"}],"wp:attachment":[{"href":"https:\/\/pfkeepers.com\/english\/wp-json\/wp\/v2\/media?parent=53698"}],"wp:term":[{"taxonomy":"product_cat","embeddable":true,"href":"https:\/\/pfkeepers.com\/english\/wp-json\/wp\/v2\/product_cat?post=53698"},{"taxonomy":"product_tag","embeddable":true,"href":"https:\/\/pfkeepers.com\/english\/wp-json\/wp\/v2\/product_tag?post=53698"}],"curies":[{"name":"wp","href":"https:\/\/api.w.org\/{rel}","templated":true}]}}