{"id":53696,"date":"2024-03-04T15:58:52","date_gmt":"2024-03-04T15:58:52","guid":{"rendered":"https:\/\/pfkeepers.com\/produto\/littorella-uniflora-1-2-grow-tropica\/"},"modified":"2025-02-27T21:36:57","modified_gmt":"2025-02-27T21:36:57","slug":"littorella-uniflora-1-2-grow-tropica","status":"publish","type":"product","link":"https:\/\/pfkeepers.com\/english\/product\/littorella-uniflora-1-2-grow-tropica\/","title":{"rendered":"Littorella uniflora 1-2 Grow Tropica"},"content":{"rendered":"<p>A apar\u00eancia da Littorella uniflora torna-a uma planta facilmente reconhec\u00edvel no aqu\u00e1rio.<\/p>\n<p>Ela cresce selvagem nas margens dos lagos da Europa, Am\u00e9rica do Norte e Am\u00e9rica do Sul. Tolera bastante baixa intensidade de luz, mas isso aumentar\u00e1 o comprimento das folhas.<\/p>\n<p>Cada roseta \u00e9 plantada separadamente com uma dist\u00e2ncia de alguns cm. Eles prontamente enviar\u00e3o mensageiros. Com o tempo, um tapete muito caracter\u00edstico de folhas gordas e carnudas \u2013 cada uma com 2-5 cm de comprimento e 0,1-0,3 cm de largura \u2013 ser\u00e1 criado. Tenha cuidado ao fazer a manuten\u00e7\u00e3o do tanque, as folhas s\u00e3o facilmente danificadas.<\/p>\n<p>Littorella uniflora tamb\u00e9m \u00e9 adequada para terr\u00e1rios e lagos de jardim.<\/p>\n<p>Informa\u00e7\u00f5es da planta:<\/p>\n<p>Tipo: estol\u00e3o<br \/>\nOrigem: Cosmopolita<br \/>\nTaxa de crescimento: lenta<br \/>\nAltura: 3 &#8211; 5+<br \/>\nDemanda de luz: baixa<br \/>\nCO2: baixo<\/p>","protected":false},"excerpt":{"rendered":"<p>A apar\u00eancia da Littorella uniflora torna-a uma planta facilmente reconhec\u00edvel no aqu\u00e1rio. Ela cresce selvagem nas margens dos lagos da Europa, Am\u00e9rica do Norte e Am\u00e9rica do Sul. Tolera bastante baixa intensidade de luz, mas isso aumentar\u00e1 o comprimento das folhas. Cada roseta \u00e9 plantada separadamente com uma dist\u00e2ncia de alguns cm. Eles prontamente enviar\u00e3o &hellip;<\/p>\n<p class=\"read-more\"> <a class=\"\" href=\"https:\/\/pfkeepers.com\/english\/product\/littorella-uniflora-1-2-grow-tropica\/\"> <span class=\"screen-reader-text\">Littorella uniflora 1-2 Grow Tropica<\/span> Read More &raquo;<\/a><\/p>","protected":false},"featured_media":53697,"template":"","meta":{"site-sidebar-layout":"default","site-content-layout":"","ast-site-content-layout":"default","site-content-style":"default","site-sidebar-style":"default","ast-global-header-display":"","ast-banner-title-visibility":"","ast-main-header-display":"","ast-hfb-above-header-display":"","ast-hfb-below-header-display":"","ast-hfb-mobile-header-display":"","site-post-title":"","ast-breadcrumbs-content":"","ast-featured-img":"","footer-sml-layout":"","theme-transparent-header-meta":"default","adv-header-id-meta":"","stick-header-meta":"","header-above-stick-meta":"","header-main-stick-meta":"","header-below-stick-meta":"","astra-migrate-meta-layouts":"set"},"product_cat":[1513],"product_tag":[1064],"_links":{"self":[{"href":"https:\/\/pfkeepers.com\/english\/wp-json\/wp\/v2\/product\/53696"}],"collection":[{"href":"https:\/\/pfkeepers.com\/english\/wp-json\/wp\/v2\/product"}],"about":[{"href":"https:\/\/pfkeepers.com\/english\/wp-json\/wp\/v2\/types\/product"}],"wp:featuredmedia":[{"embeddable":true,"href":"https:\/\/pfkeepers.com\/english\/wp-json\/wp\/v2\/media\/53697"}],"wp:attachment":[{"href":"https:\/\/pfkeepers.com\/english\/wp-json\/wp\/v2\/media?parent=53696"}],"wp:term":[{"taxonomy":"product_cat","embeddable":true,"href":"https:\/\/pfkeepers.com\/english\/wp-json\/wp\/v2\/product_cat?post=53696"},{"taxonomy":"product_tag","embeddable":true,"href":"https:\/\/pfkeepers.com\/english\/wp-json\/wp\/v2\/product_tag?post=53696"}],"curies":[{"name":"wp","href":"https:\/\/api.w.org\/{rel}","templated":true}]}}