{"id":53665,"date":"2024-03-04T15:58:01","date_gmt":"2024-03-04T15:58:01","guid":{"rendered":"https:\/\/pfkeepers.com\/produto\/bubble-magus-skimmer-curve-ex-3\/"},"modified":"2026-04-19T00:43:27","modified_gmt":"2026-04-19T00:43:27","slug":"bubble-magus-skimmer-curve-ex-3","status":"publish","type":"product","link":"https:\/\/pfkeepers.com\/english\/product\/bubble-magus-skimmer-curve-ex-3\/","title":{"rendered":"Bubble Magus Skimmer Curve Ex-3"},"content":{"rendered":"<p>CURVE 3 EXTREME<\/p>\n<p>Medidas\uff1a150x170x420 mm<\/p>\n<p>Para aqu\u00e1rios 100-300L<\/p>\n<p>Bomba: ROCK SP1.0<\/p>\n<p>220-240V, 50Hz, 16W (120V, 60Hz, 0.5A)<\/p>\n<p>Entrada de ar: 270 LPH<\/p>\n<p>Descri\u00e7\u00e3o<br \/>\nBubble Magus Curve Extreme s\u00e3o os escumadores de sump em forma de cone da Bubble Magus. Possui uma bomba poderosa e eficiente, um corpo em cone para escuma\u00e7\u00e3o mais eficiente e silenciador para uma escuma\u00e7\u00e3o silenciosa. Estes escumadores s\u00e3o um avan\u00e7o tecnol\u00f3gico em rela\u00e7\u00e3o aos Bubble Magus Curve, um dos escumadores mais populares do nosso hobby.<\/p>","protected":false},"excerpt":{"rendered":"<p>CURVE 3 EXTREME Medidas\uff1a150x170x420 mm Para aqu\u00e1rios 100-300L Bomba: ROCK SP1.0 220-240V, 50Hz, 16W (120V, 60Hz, 0.5A) Entrada de ar: 270 LPH Descri\u00e7\u00e3o Bubble Magus Curve Extreme s\u00e3o os escumadores de sump em forma de cone da Bubble Magus. Possui uma bomba poderosa e eficiente, um corpo em cone para escuma\u00e7\u00e3o mais eficiente e silenciador &hellip;<\/p>\n<p class=\"read-more\"> <a class=\"\" href=\"https:\/\/pfkeepers.com\/english\/product\/bubble-magus-skimmer-curve-ex-3\/\"> <span class=\"screen-reader-text\">Bubble Magus Skimmer Curve Ex-3<\/span> Read More &raquo;<\/a><\/p>","protected":false},"featured_media":53666,"template":"","meta":{"site-sidebar-layout":"default","site-content-layout":"","ast-site-content-layout":"","site-content-style":"default","site-sidebar-style":"default","ast-global-header-display":"","ast-banner-title-visibility":"","ast-main-header-display":"","ast-hfb-above-header-display":"","ast-hfb-below-header-display":"","ast-hfb-mobile-header-display":"","site-post-title":"","ast-breadcrumbs-content":"","ast-featured-img":"","footer-sml-layout":"","theme-transparent-header-meta":"","adv-header-id-meta":"","stick-header-meta":"","header-above-stick-meta":"","header-main-stick-meta":"","header-below-stick-meta":"","astra-migrate-meta-layouts":""},"product_cat":[1409],"product_tag":[810],"_links":{"self":[{"href":"https:\/\/pfkeepers.com\/english\/wp-json\/wp\/v2\/product\/53665"}],"collection":[{"href":"https:\/\/pfkeepers.com\/english\/wp-json\/wp\/v2\/product"}],"about":[{"href":"https:\/\/pfkeepers.com\/english\/wp-json\/wp\/v2\/types\/product"}],"wp:featuredmedia":[{"embeddable":true,"href":"https:\/\/pfkeepers.com\/english\/wp-json\/wp\/v2\/media\/53666"}],"wp:attachment":[{"href":"https:\/\/pfkeepers.com\/english\/wp-json\/wp\/v2\/media?parent=53665"}],"wp:term":[{"taxonomy":"product_cat","embeddable":true,"href":"https:\/\/pfkeepers.com\/english\/wp-json\/wp\/v2\/product_cat?post=53665"},{"taxonomy":"product_tag","embeddable":true,"href":"https:\/\/pfkeepers.com\/english\/wp-json\/wp\/v2\/product_tag?post=53665"}],"curies":[{"name":"wp","href":"https:\/\/api.w.org\/{rel}","templated":true}]}}