{"id":53604,"date":"2024-03-04T15:56:23","date_gmt":"2024-03-04T15:56:23","guid":{"rendered":"https:\/\/pfkeepers.com\/produto\/anubias-barteri-v-nana-petite-pot-tropica\/"},"modified":"2026-04-19T00:43:04","modified_gmt":"2026-04-19T00:43:04","slug":"anubias-barteri-v-nana-petite-pot-tropica","status":"publish","type":"product","link":"https:\/\/pfkeepers.com\/english\/product\/anubias-barteri-v-nana-petite-pot-tropica\/","title":{"rendered":"Anubias barteri  \u00b4Petite&#8217; pot Tropica"},"content":{"rendered":"<p>Anubias sp. &#8216;Petite&#8217; \u00e9 uma muta\u00e7\u00e3o que apareceu no cultivo no viveiro de plantas do aqu\u00e1rio Oriental em Cingapura.<\/p>\n<p>Fica com menos de 5 cm de altura, tem folhas muito pequenas e um rizoma de 5-10 cm ou mais a partir do qual as folhas crescer\u00e3o. Ramifica-se bem e cria grupos densos. Pouco exigente como os outros Anubias e tamb\u00e9m n\u00e3o aprecia alta intensidade de luz.<\/p>\n<p>\u00c9 mais decorativo quando preso a pedras ou ra\u00edzes e, como outras Anubias, deve ser preso com linha de pesca at\u00e9 ganhar firmeza. Se plantado no fundo, n\u00e3o cubra o rizoma, pois isso pode fazer com que a planta apodre\u00e7a e morra. Uma planta ideal para paisagens em miniatura em pequenos aqu\u00e1rios, mas tamb\u00e9m chamar\u00e1 a aten\u00e7\u00e3o em aqu\u00e1rios maiores.<\/p>\n<p>Informa\u00e7\u00f5es da planta<br \/>\nTipo: Rizomatoso<br \/>\nOrigem: Cultivar<br \/>\nTaxa de crescimento: lento<br \/>\nAltura: 3 &#8211; 5+<br \/>\nDemanda de luz: baixa<br \/>\nCO2: baixo<\/p>","protected":false},"excerpt":{"rendered":"<p>Anubias sp. &#8216;Petite&#8217; \u00e9 uma muta\u00e7\u00e3o que apareceu no cultivo no viveiro de plantas do aqu\u00e1rio Oriental em Cingapura. Fica com menos de 5 cm de altura, tem folhas muito pequenas e um rizoma de 5-10 cm ou mais a partir do qual as folhas crescer\u00e3o. Ramifica-se bem e cria grupos densos. Pouco exigente como &hellip;<\/p>\n<p class=\"read-more\"> <a class=\"\" href=\"https:\/\/pfkeepers.com\/english\/product\/anubias-barteri-v-nana-petite-pot-tropica\/\"> <span class=\"screen-reader-text\">Anubias barteri  \u00b4Petite&#8217; pot Tropica<\/span> Read More &raquo;<\/a><\/p>","protected":false},"featured_media":53605,"template":"","meta":{"site-sidebar-layout":"default","site-content-layout":"","ast-site-content-layout":"default","site-content-style":"default","site-sidebar-style":"default","ast-global-header-display":"","ast-banner-title-visibility":"","ast-main-header-display":"","ast-hfb-above-header-display":"","ast-hfb-below-header-display":"","ast-hfb-mobile-header-display":"","site-post-title":"","ast-breadcrumbs-content":"","ast-featured-img":"","footer-sml-layout":"","theme-transparent-header-meta":"default","adv-header-id-meta":"","stick-header-meta":"","header-above-stick-meta":"","header-main-stick-meta":"","header-below-stick-meta":"","astra-migrate-meta-layouts":"set"},"product_cat":[1511],"product_tag":[1064],"_links":{"self":[{"href":"https:\/\/pfkeepers.com\/english\/wp-json\/wp\/v2\/product\/53604"}],"collection":[{"href":"https:\/\/pfkeepers.com\/english\/wp-json\/wp\/v2\/product"}],"about":[{"href":"https:\/\/pfkeepers.com\/english\/wp-json\/wp\/v2\/types\/product"}],"wp:featuredmedia":[{"embeddable":true,"href":"https:\/\/pfkeepers.com\/english\/wp-json\/wp\/v2\/media\/53605"}],"wp:attachment":[{"href":"https:\/\/pfkeepers.com\/english\/wp-json\/wp\/v2\/media?parent=53604"}],"wp:term":[{"taxonomy":"product_cat","embeddable":true,"href":"https:\/\/pfkeepers.com\/english\/wp-json\/wp\/v2\/product_cat?post=53604"},{"taxonomy":"product_tag","embeddable":true,"href":"https:\/\/pfkeepers.com\/english\/wp-json\/wp\/v2\/product_tag?post=53604"}],"curies":[{"name":"wp","href":"https:\/\/api.w.org\/{rel}","templated":true}]}}