{"id":53589,"date":"2024-03-04T15:56:00","date_gmt":"2024-03-04T15:56:00","guid":{"rendered":"https:\/\/pfkeepers.com\/produto\/lobelia-cardinalis-mini-1-2-grow-tropica\/"},"modified":"2026-04-11T22:16:26","modified_gmt":"2026-04-11T22:16:26","slug":"lobelia-cardinalis-mini-1-2-grow-tropica","status":"publish","type":"product","link":"https:\/\/pfkeepers.com\/english\/product\/lobelia-cardinalis-mini-1-2-grow-tropica\/","title":{"rendered":"Lobelia cardinalis \u00b4Mini` 1-2 Grow Tropica"},"content":{"rendered":"<p>\u00c0s vezes, as plantas surpreendem ao se desviarem repentinamente do modo como normalmente crescem. Isso \u00e9 chamado de muta\u00e7\u00e3o, e Lobelia cardinalis \u2018Mini\u2019 \u00e9 um bom exemplo disso. Lobelia cardinalis \u2018Mini\u2019 originou-se assim da produ\u00e7\u00e3o geral de Lobelia cardinalis. Caracteriza-se por suas belas folhas verde-claras que est\u00e3o mais pr\u00f3ximas umas das outras do que na Lobelia original, e tamb\u00e9m \u00e9 significativamente menor, da\u00ed a adi\u00e7\u00e3o de &#8216;Mini&#8217; ao nome da planta.<\/p>\n<p>O crescimento \u00e9 baixo e denso, pois a planta se ramifica de boa vontade, mesmo sem podar. Al\u00e9m disso, a vers\u00e3o mini raramente forma os longos brotos verticais que caracterizam a Lobelia cardinalis.<\/p>\n<p>\u00c9 facilmente propagado plantando os brotos cortados na camada inferior. Lobelia cardinalis &#8216;Mini&#8217; torna-se mais compacta em boas condi\u00e7\u00f5es de luz e CO2 adicionado, mas tamb\u00e9m prospera bem sem.<\/p>\n<p>Informa\u00e7\u00f5es da planta<br \/>\nTipo: Haste<br \/>\nOrigem: Am\u00e9rica do Norte<br \/>\nTaxa de crescimento: m\u00e9dia<br \/>\nAltura: 3 &#8211; 15+<br \/>\nDemanda de luz: baixa<br \/>\nCO2: baixo<\/p>","protected":false},"excerpt":{"rendered":"<p>\u00c0s vezes, as plantas surpreendem ao se desviarem repentinamente do modo como normalmente crescem. Isso \u00e9 chamado de muta\u00e7\u00e3o, e Lobelia cardinalis \u2018Mini\u2019 \u00e9 um bom exemplo disso. Lobelia cardinalis \u2018Mini\u2019 originou-se assim da produ\u00e7\u00e3o geral de Lobelia cardinalis. Caracteriza-se por suas belas folhas verde-claras que est\u00e3o mais pr\u00f3ximas umas das outras do que na &hellip;<\/p>\n<p class=\"read-more\"> <a class=\"\" href=\"https:\/\/pfkeepers.com\/english\/product\/lobelia-cardinalis-mini-1-2-grow-tropica\/\"> <span class=\"screen-reader-text\">Lobelia cardinalis \u00b4Mini` 1-2 Grow Tropica<\/span> Read More &raquo;<\/a><\/p>","protected":false},"featured_media":53590,"template":"","meta":{"site-sidebar-layout":"default","site-content-layout":"","ast-site-content-layout":"default","site-content-style":"default","site-sidebar-style":"default","ast-global-header-display":"","ast-banner-title-visibility":"","ast-main-header-display":"","ast-hfb-above-header-display":"","ast-hfb-below-header-display":"","ast-hfb-mobile-header-display":"","site-post-title":"","ast-breadcrumbs-content":"","ast-featured-img":"","footer-sml-layout":"","theme-transparent-header-meta":"default","adv-header-id-meta":"","stick-header-meta":"","header-above-stick-meta":"","header-main-stick-meta":"","header-below-stick-meta":"","astra-migrate-meta-layouts":"set"},"product_cat":[1513],"product_tag":[1064],"_links":{"self":[{"href":"https:\/\/pfkeepers.com\/english\/wp-json\/wp\/v2\/product\/53589"}],"collection":[{"href":"https:\/\/pfkeepers.com\/english\/wp-json\/wp\/v2\/product"}],"about":[{"href":"https:\/\/pfkeepers.com\/english\/wp-json\/wp\/v2\/types\/product"}],"wp:featuredmedia":[{"embeddable":true,"href":"https:\/\/pfkeepers.com\/english\/wp-json\/wp\/v2\/media\/53590"}],"wp:attachment":[{"href":"https:\/\/pfkeepers.com\/english\/wp-json\/wp\/v2\/media?parent=53589"}],"wp:term":[{"taxonomy":"product_cat","embeddable":true,"href":"https:\/\/pfkeepers.com\/english\/wp-json\/wp\/v2\/product_cat?post=53589"},{"taxonomy":"product_tag","embeddable":true,"href":"https:\/\/pfkeepers.com\/english\/wp-json\/wp\/v2\/product_tag?post=53589"}],"curies":[{"name":"wp","href":"https:\/\/api.w.org\/{rel}","templated":true}]}}